{"id":10003,"date":"2020-11-25T19:01:58","date_gmt":"2020-11-25T18:01:58","guid":{"rendered":"https:\/\/wgt.ch\/?page_id=10003"},"modified":"2020-11-27T11:21:02","modified_gmt":"2020-11-27T10:21:02","slug":"21-dez-2020","status":"publish","type":"page","link":"https:\/\/wgt.ch\/it\/advent-2020\/21-dez-2020\/","title":{"rendered":"21 dicembre 2020"},"content":{"rendered":"<section class=\"l-section wpb_row height_small\"><div class=\"l-section-h i-cf\"><div class=\"g-cols vc_row via_grid cols_2 laptops-cols_inherit tablets-cols_inherit mobiles-cols_1 valign_top type_default stacking_default\"><div class=\"wpb_column vc_column_container\"><div class=\"vc_column-inner\"><div class=\"w-image align_none\"><div class=\"w-image-h\"><img decoding=\"async\" width=\"1224\" height=\"1632\" src=\"https:\/\/wgt.ch\/wp-content\/uploads\/2020\/11\/21-A_Eva.jpg\" class=\"attachment-full size-full\" alt=\"\" loading=\"lazy\" srcset=\"https:\/\/wgt.ch\/wp-content\/uploads\/2020\/11\/21-A_Eva.jpg 1224w, https:\/\/wgt.ch\/wp-content\/uploads\/2020\/11\/21-A_Eva-225x300.jpg 225w, https:\/\/wgt.ch\/wp-content\/uploads\/2020\/11\/21-A_Eva-768x1024.jpg 768w, https:\/\/wgt.ch\/wp-content\/uploads\/2020\/11\/21-A_Eva-1152x1536.jpg 1152w\" sizes=\"auto, (max-width: 1224px) 100vw, 1224px\" \/><\/div><\/div><\/div><\/div><div class=\"wpb_column vc_column_container\"><div class=\"vc_column-inner\"><div class=\"wpb_text_column\"><div class=\"wpb_wrapper\"><p><strong>In erster Linie<\/strong> gef\u00e4llt mir die Philosophie des Weltgebetstages, dieses weltweit gemeinsame Gebet, f\u00fcr und von Frauen, rund um den Erdball. Ein weiterer Aspekt liegt in der Chance \u00fcber den eigenen, doch oft engen Tellerrand zu schauen. Bereichernd ist f\u00fcr mich die Tatsache, dass alle Frauen gleich sind bei der gr\u00f6ssten \u00f6kumenischen Basisbewegung von Frauen, egal welcher Herkunft. Ich w\u00fcnsche mir, dass dieses segensreiche und solidarische Miteinander vieler Frauen, besonders in diesen global schwierigen Zeiten wie jetzt, Kraft und Hoffnung gibt.<\/p>\n<p>Eva Oberhauser, katholisch, Kitzb\u00fchel, \u00d6sterreich<\/p>\n<p><strong>Innanzitutto mi piace<\/strong> la filosofia della Giornata mondiale di preghiera comune, a livello mondiale, di donne e per donne, attorno al globo. Un ulteriore aspetto \u00e8 la possibilit\u00e0 di guardare oltre il proprio, spesso ristretto orizzonte. Arricchente \u00e8 il fatto che in seno al pi\u00f9 grande movimento ecumenico femminile di base, tutte le donne vengono considerate uguali indipendentemente dalla loro origine. Mi auguro che questo benefico sentimento di solidariet\u00e0 di tante donne dia forza e speranza, soprattutto negli attuali tempi globalmente difficili.<\/p>\n<p>Eva Oberhauser, cattolica, Kitzb\u00fchel, Austria<\/p>\n<\/div><\/div><\/div><\/div><\/div><\/div><\/section><section class=\"l-section wpb_row height_small\"><div class=\"l-section-h i-cf\"><div class=\"g-cols vc_row via_grid cols_1 laptops-cols_inherit tablets-cols_inherit mobiles-cols_1 valign_top type_default stacking_default\">\r\n\r\n    <div class=\"back-button\">\r\n        <a class=\"width-full w-btn us-btn-style_2 usg_btn_1\" href=\"\/it\/wp-json\/wp\/v2\/pages\">\r\n            <span class=\"w-btn-label\">\r\n                indietro            <\/span>\r\n        <\/a>\r\n    <\/div>\r\n\r\n\r\n    <div class=\"wpb_column vc_column_container\"><div class=\"vc_column-inner\"><\/div><\/div><\/div><\/div><\/section>\n","protected":false},"excerpt":{"rendered":"{:de}In erster Linie gef\u00e4llt mir die Philosophie des Weltgebetstages, dieses weltweit gemeinsame Gebet, f\u00fcr und von Frauen, rund um den Erdball. Ein weiterer Aspekt liegt in der Chance \u00fcber den eigenen, doch oft engen Tellerrand zu schauen. Bereichernd ist f\u00fcr mich die Tatsache, dass alle Frauen gleich sind bei der gr\u00f6ssten \u00f6kumenischen Basisbewegung von Frauen,...","protected":false},"author":5,"featured_media":0,"parent":9441,"menu_order":62,"comment_status":"closed","ping_status":"closed","template":"","meta":{"_acf_changed":false,"footnotes":""},"class_list":["post-10003","page","type-page","status-publish","hentry"],"translation":{"provider":"WPGlobus","version":"3.0.2","language":"it","enabled_languages":["de","fr","it"],"languages":{"de":{"title":true,"content":true,"excerpt":false},"fr":{"title":true,"content":true,"excerpt":false},"it":{"title":true,"content":true,"excerpt":false}}},"acf":[],"_links":{"self":[{"href":"https:\/\/wgt.ch\/it\/wp-json\/wp\/v2\/pages\/10003","targetHints":{"allow":["GET"]}}],"collection":[{"href":"https:\/\/wgt.ch\/it\/wp-json\/wp\/v2\/pages"}],"about":[{"href":"https:\/\/wgt.ch\/it\/wp-json\/wp\/v2\/types\/page"}],"author":[{"embeddable":true,"href":"https:\/\/wgt.ch\/it\/wp-json\/wp\/v2\/users\/5"}],"replies":[{"embeddable":true,"href":"https:\/\/wgt.ch\/it\/wp-json\/wp\/v2\/comments?post=10003"}],"version-history":[{"count":10,"href":"https:\/\/wgt.ch\/it\/wp-json\/wp\/v2\/pages\/10003\/revisions"}],"predecessor-version":[{"id":10236,"href":"https:\/\/wgt.ch\/it\/wp-json\/wp\/v2\/pages\/10003\/revisions\/10236"}],"up":[{"embeddable":true,"href":"https:\/\/wgt.ch\/it\/wp-json\/wp\/v2\/pages\/9441"}],"wp:attachment":[{"href":"https:\/\/wgt.ch\/it\/wp-json\/wp\/v2\/media?parent=10003"}],"curies":[{"name":"wp","href":"https:\/\/api.w.org\/{rel}","templated":true}]}}