{"id":10026,"date":"2020-11-25T21:06:42","date_gmt":"2020-11-25T20:06:42","guid":{"rendered":"https:\/\/wgt.ch\/?page_id=10026"},"modified":"2020-11-27T11:24:08","modified_gmt":"2020-11-27T10:24:08","slug":"23-dez-2020","status":"publish","type":"page","link":"https:\/\/wgt.ch\/it\/advent-2020\/23-dez-2020\/","title":{"rendered":"23 dicembre 2020"},"content":{"rendered":"<section class=\"l-section wpb_row height_small\"><div class=\"l-section-h i-cf\"><div class=\"g-cols vc_row via_grid cols_2 laptops-cols_inherit tablets-cols_inherit mobiles-cols_1 valign_top type_default stacking_default\"><div class=\"wpb_column vc_column_container\"><div class=\"vc_column-inner\"><div class=\"w-image align_none\"><div class=\"w-image-h\"><img decoding=\"async\" width=\"1691\" height=\"2021\" src=\"https:\/\/wgt.ch\/wp-content\/uploads\/2020\/11\/23-A_Gabriele.jpg\" class=\"attachment-full size-full\" alt=\"\" loading=\"lazy\" srcset=\"https:\/\/wgt.ch\/wp-content\/uploads\/2020\/11\/23-A_Gabriele.jpg 1691w, https:\/\/wgt.ch\/wp-content\/uploads\/2020\/11\/23-A_Gabriele-251x300.jpg 251w, https:\/\/wgt.ch\/wp-content\/uploads\/2020\/11\/23-A_Gabriele-857x1024.jpg 857w, https:\/\/wgt.ch\/wp-content\/uploads\/2020\/11\/23-A_Gabriele-1285x1536.jpg 1285w\" sizes=\"auto, (max-width: 1691px) 100vw, 1691px\" \/><\/div><\/div><\/div><\/div><div class=\"wpb_column vc_column_container\"><div class=\"vc_column-inner\"><div class=\"wpb_text_column\"><div class=\"wpb_wrapper\"><p><strong>\u00abBeten ist menschlich\u00bb,<\/strong> hiess mein Maturathema vor etlichen Jahrzehnten in Religion. Es gab Zeiten erf\u00fcllten Betens und Zeiten der Suche, der Verunsicherung und der W\u00fcste. Jede Beterin kennt das. Von Kind auf hat mich der Versuch des Menschen, mit dem G\u00f6ttlichen in Beziehung zu kommen fasziniert. In meiner Jugend lernte ich freies Gebet in Gemeinschaft kennen sowie den Feminismus. Im Beten mit Frauen aus aller Welt und in all den unterschiedlichen Formen, die wir beim WGT pflegen, ist mir Gott in immer neuer Weise begegnet.<\/p>\n<p>Gabriele Treschnitzer, katholisch, Salzburg, \u00d6sterreich<\/p>\n<p><strong>\u00abPregare \u00e8 umano\u00bb<\/strong> \u00e8 stato il tema del mio esame di maturit\u00e0 di religione di alcuni decenni fa. Ci sono stati tempi di preghiera appaganti e tempi di ricerca, di incertezza e di deserto. Ogni donna che prega conosce questo. Fin dall&#8217;infanzia sono stata affascinata dal tentativo degli esseri umani di entrare in relazione con il divino. In giovent\u00f9 ho conosciuto la preghiera libera in comunit\u00e0 e il femminismo. Nella preghiera con donne del mondo intero e nelle diverse forme condivise nella GMP, Dio mi viene incontro in modo sempre innovativo.<\/p>\n<p>Gabriele Treschnitzer, cattolica, Salzburg, Austria<\/p>\n<\/div><\/div><\/div><\/div><\/div><\/div><\/section><section class=\"l-section wpb_row height_small\"><div class=\"l-section-h i-cf\"><div class=\"g-cols vc_row via_grid cols_1 laptops-cols_inherit tablets-cols_inherit mobiles-cols_1 valign_top type_default stacking_default\">\r\n\r\n    <div class=\"back-button\">\r\n        <a class=\"width-full w-btn us-btn-style_2 usg_btn_1\" href=\"\/it\/wp-json\/wp\/v2\/pages\">\r\n            <span class=\"w-btn-label\">\r\n                indietro            <\/span>\r\n        <\/a>\r\n    <\/div>\r\n\r\n\r\n    <div class=\"wpb_column vc_column_container\"><div class=\"vc_column-inner\"><\/div><\/div><\/div><\/div><\/section>\n","protected":false},"excerpt":{"rendered":"{:de}\u00abBeten ist menschlich\u00bb, hiess mein Maturathema vor etlichen Jahrzehnten in Religion. Es gab Zeiten erf\u00fcllten Betens und Zeiten der Suche, der Verunsicherung und der W\u00fcste. Jede Beterin kennt das. Von Kind auf hat mich der Versuch des Menschen, mit dem G\u00f6ttlichen in Beziehung zu kommen fasziniert. In meiner Jugend lernte ich freies Gebet in Gemeinschaft...","protected":false},"author":5,"featured_media":0,"parent":9441,"menu_order":64,"comment_status":"closed","ping_status":"closed","template":"","meta":{"_acf_changed":false,"footnotes":""},"class_list":["post-10026","page","type-page","status-publish","hentry"],"translation":{"provider":"WPGlobus","version":"3.0.2","language":"it","enabled_languages":["de","fr","it"],"languages":{"de":{"title":true,"content":true,"excerpt":false},"fr":{"title":true,"content":true,"excerpt":false},"it":{"title":true,"content":true,"excerpt":false}}},"acf":[],"_links":{"self":[{"href":"https:\/\/wgt.ch\/it\/wp-json\/wp\/v2\/pages\/10026","targetHints":{"allow":["GET"]}}],"collection":[{"href":"https:\/\/wgt.ch\/it\/wp-json\/wp\/v2\/pages"}],"about":[{"href":"https:\/\/wgt.ch\/it\/wp-json\/wp\/v2\/types\/page"}],"author":[{"embeddable":true,"href":"https:\/\/wgt.ch\/it\/wp-json\/wp\/v2\/users\/5"}],"replies":[{"embeddable":true,"href":"https:\/\/wgt.ch\/it\/wp-json\/wp\/v2\/comments?post=10026"}],"version-history":[{"count":9,"href":"https:\/\/wgt.ch\/it\/wp-json\/wp\/v2\/pages\/10026\/revisions"}],"predecessor-version":[{"id":10242,"href":"https:\/\/wgt.ch\/it\/wp-json\/wp\/v2\/pages\/10026\/revisions\/10242"}],"up":[{"embeddable":true,"href":"https:\/\/wgt.ch\/it\/wp-json\/wp\/v2\/pages\/9441"}],"wp:attachment":[{"href":"https:\/\/wgt.ch\/it\/wp-json\/wp\/v2\/media?parent=10026"}],"curies":[{"name":"wp","href":"https:\/\/api.w.org\/{rel}","templated":true}]}}