{"id":10040,"date":"2020-11-25T21:23:31","date_gmt":"2020-11-25T20:23:31","guid":{"rendered":"https:\/\/wgt.ch\/?page_id=10040"},"modified":"2020-11-27T11:26:11","modified_gmt":"2020-11-27T10:26:11","slug":"24-dez-2020","status":"publish","type":"page","link":"https:\/\/wgt.ch\/it\/advent-2020\/24-dez-2020\/","title":{"rendered":"24 dicembre 2020"},"content":{"rendered":"<section class=\"l-section wpb_row height_small\"><div class=\"l-section-h i-cf\"><div class=\"g-cols vc_row via_grid cols_2 laptops-cols_inherit tablets-cols_inherit mobiles-cols_1 valign_top type_default stacking_default\"><div class=\"wpb_column vc_column_container\"><div class=\"vc_column-inner\"><div class=\"w-image align_none\"><div class=\"w-image-h\"><img decoding=\"async\" width=\"1995\" height=\"1995\" src=\"https:\/\/wgt.ch\/wp-content\/uploads\/2020\/11\/24-Jenita-Vanuatu.jpg\" class=\"attachment-full size-full\" alt=\"\" loading=\"lazy\" srcset=\"https:\/\/wgt.ch\/wp-content\/uploads\/2020\/11\/24-Jenita-Vanuatu.jpg 1995w, https:\/\/wgt.ch\/wp-content\/uploads\/2020\/11\/24-Jenita-Vanuatu-300x300.jpg 300w, https:\/\/wgt.ch\/wp-content\/uploads\/2020\/11\/24-Jenita-Vanuatu-1024x1024.jpg 1024w, https:\/\/wgt.ch\/wp-content\/uploads\/2020\/11\/24-Jenita-Vanuatu-150x150.jpg 150w, https:\/\/wgt.ch\/wp-content\/uploads\/2020\/11\/24-Jenita-Vanuatu-1536x1536.jpg 1536w\" sizes=\"auto, (max-width: 1995px) 100vw, 1995px\" \/><\/div><\/div><\/div><\/div><div class=\"wpb_column vc_column_container\"><div class=\"vc_column-inner\"><div class=\"wpb_text_column\"><div class=\"wpb_wrapper\"><p><strong>I am Jenita<\/strong> and I live in North Ambrym, Vanuatu. I am one of 40 teachers, that will use the new literacy book in the local Rral language. It is a huge benefit that the kids can start to read in their own language. So far, we had only access to materials in English. I had to explain everything because they could not understand it. Gaining reading skills in Rral will help them later reading in English and allow them to learn what they need for their future. I can also read to them Bible stories in their own language and they are happy that they understand everything.<\/p>\n<p><strong>Sono Jenita<\/strong> e vivo a North Ambrym, Vanuatu. Sono una delle 40 insegnanti che utilizzeranno il nuovo libro di alfabetizzazione nella lingua locale Rral. \u00c8 un enorme vantaggio per i bambini e le bambine poter iniziare a leggere nella loro lingua. Finora abbiamo avuto accesso solo a materiale in inglese. Ho dovuto spiegare loro tutto in Rral perch\u00e9 non riuscivano a capire. Acquisire le capacit\u00e0 di lettura in Rral sar\u00e0 loro di aiuto pi\u00f9 tardi per leggere l\u2019inglese, e permetter\u00e0 loro una formazione necessaria per il loro futuro. Posso anche leggere le storie della Bibbia nella loro lingua e le bambine e i bambini sono contenti di capire tutto.<\/p>\n<p><a href=\"https:\/\/wgt.ch\/wp-content\/uploads\/2020\/10\/VAN-HP2-Imparare-a-leggere-nella-lingua-materna.pdf\" target=\"_blank\" rel=\"noopener noreferrer\">Progetto VAN HP2 in Vanuatu: \u00abImparare a leggere nella lingua materna\u00bb<\/a><\/p>\n<\/div><\/div><\/div><\/div><\/div><\/div><\/section><section class=\"l-section wpb_row height_small\"><div class=\"l-section-h i-cf\"><div class=\"g-cols vc_row via_grid cols_1 laptops-cols_inherit tablets-cols_inherit mobiles-cols_1 valign_top type_default stacking_default\">\r\n\r\n    <div class=\"back-button\">\r\n        <a class=\"width-full w-btn us-btn-style_2 usg_btn_1\" href=\"\/it\/wp-json\/wp\/v2\/pages\">\r\n            <span class=\"w-btn-label\">\r\n                indietro            <\/span>\r\n        <\/a>\r\n    <\/div>\r\n\r\n\r\n    <div class=\"wpb_column vc_column_container\"><div class=\"vc_column-inner\"><\/div><\/div><\/div><\/div><\/section>\n","protected":false},"excerpt":{"rendered":"{:de}I am Jenita and I live in North Ambrym, Vanuatu. I am one of 40 teachers, that will use the new literacy book in the local Rral language. It is a huge benefit that the kids can start to read in their own language. So far, we had only access to materials in English. I...","protected":false},"author":5,"featured_media":0,"parent":9441,"menu_order":65,"comment_status":"closed","ping_status":"closed","template":"","meta":{"_acf_changed":false,"footnotes":""},"class_list":["post-10040","page","type-page","status-publish","hentry"],"translation":{"provider":"WPGlobus","version":"3.0.2","language":"it","enabled_languages":["de","fr","it"],"languages":{"de":{"title":true,"content":true,"excerpt":false},"fr":{"title":true,"content":true,"excerpt":false},"it":{"title":true,"content":true,"excerpt":false}}},"acf":[],"_links":{"self":[{"href":"https:\/\/wgt.ch\/it\/wp-json\/wp\/v2\/pages\/10040","targetHints":{"allow":["GET"]}}],"collection":[{"href":"https:\/\/wgt.ch\/it\/wp-json\/wp\/v2\/pages"}],"about":[{"href":"https:\/\/wgt.ch\/it\/wp-json\/wp\/v2\/types\/page"}],"author":[{"embeddable":true,"href":"https:\/\/wgt.ch\/it\/wp-json\/wp\/v2\/users\/5"}],"replies":[{"embeddable":true,"href":"https:\/\/wgt.ch\/it\/wp-json\/wp\/v2\/comments?post=10040"}],"version-history":[{"count":9,"href":"https:\/\/wgt.ch\/it\/wp-json\/wp\/v2\/pages\/10040\/revisions"}],"predecessor-version":[{"id":10247,"href":"https:\/\/wgt.ch\/it\/wp-json\/wp\/v2\/pages\/10040\/revisions\/10247"}],"up":[{"embeddable":true,"href":"https:\/\/wgt.ch\/it\/wp-json\/wp\/v2\/pages\/9441"}],"wp:attachment":[{"href":"https:\/\/wgt.ch\/it\/wp-json\/wp\/v2\/media?parent=10040"}],"curies":[{"name":"wp","href":"https:\/\/api.w.org\/{rel}","templated":true}]}}