{"id":10750,"date":"2020-12-19T21:19:39","date_gmt":"2020-12-19T20:19:39","guid":{"rendered":"https:\/\/wgt.ch\/?page_id=10750"},"modified":"2020-12-20T23:48:17","modified_gmt":"2020-12-20T22:48:17","slug":"weihnachten-in-vanuatu-und-den-philippinen","status":"publish","type":"page","link":"https:\/\/wgt.ch\/it\/weihnachten-in-vanuatu-und-den-philippinen\/","title":{"rendered":"Natale a Vanuatu e nelle Filippine"},"content":{"rendered":"<section class=\"l-section wpb_row height_small\"><div class=\"l-section-h i-cf\"><div class=\"g-cols vc_row via_grid cols_1 laptops-cols_inherit tablets-cols_inherit mobiles-cols_1 valign_top type_default stacking_default\"><div class=\"wpb_column vc_column_container\"><div class=\"vc_column-inner\"><div class=\"g-cols wpb_row via_grid cols_1 laptops-cols_inherit tablets-cols_inherit mobiles-cols_1 valign_top type_default stacking_default\" style=\"--columns-gap:3rem;\"><div class=\"wpb_column vc_column_container\"><div class=\"vc_column-inner\"><\/div><\/div><\/div><div class=\"wpb_text_column\"><div class=\"wpb_wrapper\"><h4><\/h4>\n<h4><strong>Su Natale in Vanuatu <\/strong><strong>Cindy und Jenita, impegnate nei nostri progetti, ci scrivono:<br \/>\n<\/strong><\/h4>\n<\/div><\/div><div class=\"g-cols wpb_row via_grid cols_2 laptops-cols_inherit tablets-cols_inherit mobiles-cols_1 valign_top type_default stacking_default\" style=\"--columns-gap:3rem;\"><div class=\"wpb_column vc_column_container\"><div class=\"vc_column-inner\"><div class=\"wpb_text_column\"><div class=\"wpb_wrapper\"><p><strong>Cindy from the Sewing Project:<br \/>\n<\/strong>Christmas is the most important celebration here with a church service, followed by lots of food, singing and lots of great fun. Sharing a meal with my family and extended family is my most favourite part. Reminiscing about the past and having great laughs while at the same time creating more valuable memories. Meeting and building relationships with new family members and strengthening existing relationships is another important part of Christmas celebration for me.<\/p>\n<p><strong>Cindy del progetto <\/strong><strong>\u00ab<\/strong><strong>Corsi di cucito<\/strong><strong>\u00bb<\/strong><strong>:<br \/>\n<\/strong>Natale \u00e8 la celebrazione pi\u00f9 importante qui, con un servizio in chiesa, seguito da tanto cibo, canti e tanto divertimento. Con-dividere un pasto con la mia famiglia e la mia famiglia allargata \u00e8 la parte che preferisco di pi\u00f9. Entrambi sono molto importanti per me: Ricordare il passato e fare grandi risate e allo stesso tempo creare nuovi ricordi preziosi per il futuro. Incontrare e costruire rapporti con nuovi membri della famiglia e rafforzare i rapporti esistenti \u00e8 un&#8217;altra parte importante della celebrazione di Natale per me.<\/p>\n<\/div><\/div><\/div><\/div><div class=\"wpb_column vc_column_container\"><div class=\"vc_column-inner\"><div class=\"w-image align_none\"><div class=\"w-image-h\"><img decoding=\"async\" width=\"1224\" height=\"1632\" src=\"https:\/\/wgt.ch\/wp-content\/uploads\/2020\/12\/Weihnachten-Cindy-Sutter-Vanuatu-N\u00e4hkurs.jpg\" class=\"attachment-full size-full\" alt=\"\" loading=\"lazy\" srcset=\"https:\/\/wgt.ch\/wp-content\/uploads\/2020\/12\/Weihnachten-Cindy-Sutter-Vanuatu-N\u00e4hkurs.jpg 1224w, https:\/\/wgt.ch\/wp-content\/uploads\/2020\/12\/Weihnachten-Cindy-Sutter-Vanuatu-N\u00e4hkurs-225x300.jpg 225w, https:\/\/wgt.ch\/wp-content\/uploads\/2020\/12\/Weihnachten-Cindy-Sutter-Vanuatu-N\u00e4hkurs-768x1024.jpg 768w, https:\/\/wgt.ch\/wp-content\/uploads\/2020\/12\/Weihnachten-Cindy-Sutter-Vanuatu-N\u00e4hkurs-1152x1536.jpg 1152w\" sizes=\"auto, (max-width: 1224px) 100vw, 1224px\" \/><\/div><\/div><\/div><\/div><\/div><div class=\"g-cols wpb_row via_grid cols_1 laptops-cols_inherit tablets-cols_inherit mobiles-cols_1 valign_top type_default stacking_default\" style=\"--columns-gap:3rem;\"><div class=\"wpb_column vc_column_container\"><div class=\"vc_column-inner\"><div class=\"w-separator size_small\"><\/div><div class=\"wpb_text_column\"><div class=\"wpb_wrapper\"><h6><strong>Calendario dell\u2019Avvento: 4 dicembre, <a href=\"https:\/\/wgt.ch\/wp-content\/uploads\/2020\/10\/VAN-HP1-Corsi-di-cucito-per-formazione-e-reddito.pdf\">Progetto VAN HP1: \u00abCorsi di cucito per una formazione e un reddito\u00bb<\/a><\/strong><\/h6>\n<h6><strong>Calendario dell\u2019Avvento: 24 dicembre, <a href=\"https:\/\/wgt.ch\/wp-content\/uploads\/2020\/10\/VAN-HP2-Imparare-a-leggere-nella-lingua-materna.pdf\">Progetto VAN HP2: \u00abImparare a leggere nella lingua materna\u00bb<\/a><\/strong><\/h6>\n<\/div><\/div><div class=\"w-separator size_small\"><\/div><\/div><\/div><\/div><div class=\"g-cols wpb_row via_grid cols_2 laptops-cols_inherit tablets-cols_inherit mobiles-cols_1 valign_top type_default stacking_default\" style=\"--columns-gap:3rem;\"><div class=\"wpb_column vc_column_container\"><div class=\"vc_column-inner\"><div class=\"w-image align_none\"><div class=\"w-image-h\"><img decoding=\"async\" width=\"2119\" height=\"2560\" src=\"https:\/\/wgt.ch\/wp-content\/uploads\/2020\/12\/Jenita-Leseb\u00fccher-scaled.jpg\" class=\"attachment-full size-full\" alt=\"\" loading=\"lazy\" srcset=\"https:\/\/wgt.ch\/wp-content\/uploads\/2020\/12\/Jenita-Leseb\u00fccher-scaled.jpg 2119w, https:\/\/wgt.ch\/wp-content\/uploads\/2020\/12\/Jenita-Leseb\u00fccher-248x300.jpg 248w, https:\/\/wgt.ch\/wp-content\/uploads\/2020\/12\/Jenita-Leseb\u00fccher-847x1024.jpg 847w, https:\/\/wgt.ch\/wp-content\/uploads\/2020\/12\/Jenita-Leseb\u00fccher-1271x1536.jpg 1271w, https:\/\/wgt.ch\/wp-content\/uploads\/2020\/12\/Jenita-Leseb\u00fccher-1695x2048.jpg 1695w\" sizes=\"auto, (max-width: 2119px) 100vw, 2119px\" \/><\/div><\/div><\/div><\/div><div class=\"wpb_column vc_column_container\"><div class=\"vc_column-inner\"><div class=\"wpb_text_column\"><div class=\"wpb_wrapper\"><p><strong>Jenita, a pre-school teacher in the reading project:<br \/>\n<\/strong>At Christmas, sometimes people think it is about food or getting together, but I think the most important thing is to worship God for the birth of Jesus. We get up in the morning and eat together, and my husband shares with us from the Bible that this is a time to worship God. Then we have a service in the village to celebrate Jesus&#8217; birth. We have games, food, and presents, but I think the most important thing is to worship God on that day for Jesus&#8217; birth.<\/p>\n<p><strong>Jenita, una maestra d&#8217;asilo del progetto con in libri:<br \/>\n<\/strong>A Natale, a volte la gente pensa che si tratti di cibo o di stare insieme, ma credo che la cosa pi\u00f9 importante sia adorare Dio per la nascita di Ges\u00f9. Ci alziamo la mattina e mangiamo insieme, e mio marito ci racconta dalla Bibbia che questo \u00e8 un momento per adorare Dio. Poi abbiamo un servizio nella chiesa del villaggio per celebrare la nascita di Ges\u00f9. Abbiamo giochi, cibo e regali, ma penso che la cosa pi\u00f9 importante sia adorare Dio in quel giorno per la nascita di Ges\u00f9.<\/p>\n<\/div><\/div><\/div><\/div><\/div><div class=\"g-cols wpb_row via_grid cols_1 laptops-cols_inherit tablets-cols_inherit mobiles-cols_1 valign_top type_default stacking_default\" style=\"--columns-gap:3rem;\"><div class=\"wpb_column vc_column_container\"><div class=\"vc_column-inner\"><div class=\"w-separator size_medium\"><\/div><div class=\"wpb_text_column\"><div class=\"wpb_wrapper\"><h4><strong>Su Natale nelle Filippine <\/strong><strong>Mercy e Cristina, impegnate nei nostri progetti, ci scrivono:<\/strong><\/h4>\n<\/div><\/div><div class=\"w-separator size_small\"><\/div><\/div><\/div><\/div><div class=\"g-cols wpb_row via_grid cols_2 laptops-cols_inherit tablets-cols_inherit mobiles-cols_1 valign_top type_default stacking_default\" style=\"--columns-gap:3rem;\"><div class=\"wpb_column vc_column_container\"><div class=\"vc_column-inner\"><div class=\"w-image align_none\"><div class=\"w-image-h\"><img decoding=\"async\" width=\"1652\" height=\"1482\" src=\"https:\/\/wgt.ch\/wp-content\/uploads\/2020\/12\/Kalandang-Frauen.jpg\" class=\"attachment-full size-full\" alt=\"\" loading=\"lazy\" srcset=\"https:\/\/wgt.ch\/wp-content\/uploads\/2020\/12\/Kalandang-Frauen.jpg 1652w, https:\/\/wgt.ch\/wp-content\/uploads\/2020\/12\/Kalandang-Frauen-300x269.jpg 300w, https:\/\/wgt.ch\/wp-content\/uploads\/2020\/12\/Kalandang-Frauen-1024x919.jpg 1024w, https:\/\/wgt.ch\/wp-content\/uploads\/2020\/12\/Kalandang-Frauen-1536x1378.jpg 1536w\" sizes=\"auto, (max-width: 1652px) 100vw, 1652px\" \/><\/div><\/div><\/div><\/div><div class=\"wpb_column vc_column_container\"><div class=\"vc_column-inner\"><div class=\"wpb_text_column\"><div class=\"wpb_wrapper\"><p>Mercy Pakiwag is the head teacher in the Apu Palamguwan Cultural Education Center APC on the Philippine island of Mindanao. She is second from the left in the group of teachers under the poster in their main school building. \u00abKalandang\u00bb means \u00abPeace\u00bb.<\/p>\n<p><strong>About Christmas Mercy writes:<br \/>\n<\/strong>In the Philippines, Christians celebrate Christmas, remembering the birth of our savior Jesus Christ. It is the season where all Filipino people unite. Family reunions are very important as those abroad come home. As Pulangiyen we also celebrate <em>Kaamulan<\/em>, a thanksgiving for the graces that we received du-ring the year. We have <em>Panalangin<\/em>, thanksgiving for the harvest and many other celebrations. We join in Christmas Caroling, S<em>imbang-Gabi<\/em>, advent vigil of 9 early evenings (for us) and of course <em>Noche Buena <\/em>on the 24<sup>th <\/sup>of December. We wish you the true peace and joy of Christmas.<\/p>\n<\/div><\/div><\/div><\/div><\/div><div class=\"g-cols wpb_row via_grid cols_1 laptops-cols_inherit tablets-cols_inherit mobiles-cols_1 valign_top type_default stacking_default\" style=\"--columns-gap:3rem;\"><div class=\"wpb_column vc_column_container\"><div class=\"vc_column-inner\"><div class=\"w-separator size_small\"><\/div><div class=\"wpb_text_column\"><div class=\"wpb_wrapper\"><h6><strong>Calendario dell\u2019Avvento: 12 dicembre, <a href=\"https:\/\/wgt.ch\/wp-content\/uploads\/2020\/10\/VAN-HP6-Docenti-indigeni-e-scuola-ecologica.pdf\">Progetto VAN HP6 nelle Filippine: \u00abRafforzare il personale docente indigeno e l\u2019educazione ecologica\u00bb<\/a><\/strong><\/h6>\n<\/div><\/div><div class=\"w-separator size_small\"><\/div><\/div><\/div><\/div><div class=\"g-cols wpb_row via_grid cols_2 laptops-cols_inherit tablets-cols_inherit mobiles-cols_1 valign_top type_default stacking_default\" style=\"--columns-gap:3rem;\"><div class=\"wpb_column vc_column_container\"><div class=\"vc_column-inner\"><div class=\"wpb_text_column\"><div class=\"wpb_wrapper\"><p>Mercy Pakiwag \u00e8 la maestra direttrice del Centro di Educazione Culturale Apu Palamguwan APC sull&#8217;isola filippina di Mindanao. \u00c8 la seconda da sinistra nel gruppo di insegnanti sotto il cartellone nella loro scuola a Busdi. \u00abKalandang\u00bb significa \u00abPace\u00bb.<\/p>\n<p><strong>Su Natale all\u2019APC Mercy Pakiwag scrive:<br \/>\n<\/strong>Nelle Filippine i cristiani celebrano Natale, ricordando la nascita del nostro salvatore Ges\u00f9 Cristo. \u00c8 la stagione in cui tutti si uniscono. Le riunioni di famiglia sono molto importanti, persino quelli che lavorano all&#8217;estero tornano a casa. Come Pulangiyen celebriamo anche \u00ab<em>Kaamulan\u00bb<\/em>, un ringraziamento molto colorito con danse e canti per i doni che abbiamo ricevuto durante l&#8217;anno. Abbiamo \u00ab<em>Panalangin\u00bb<\/em>, una celebrazione di ringraziamento per i nostri raccolti e molte altre celebrazioni. Ci uniamo al \u00ab<em>Christmas Caroling\u00bb<\/em>, ai canti natalizi da casa a casa con le nostre bellissime stelle fatte da materiali naturali. Partecipiamo tutte al \u00ab<em>Simbang-Gabi<\/em>\u00bb, delle veglia d&#8217;avvento 9 notte prima di Natale e naturalmente alla \u00ab<em>Noche Buena<\/em>\u00bb del 24 dicembre, la notte festiva in comunit\u00e0 e con riso dolce e cacao caldo. Vi auguriamo la vera pace e la gioia di Natale.<\/p>\n<\/div><\/div><\/div><\/div><div class=\"wpb_column vc_column_container\"><div class=\"vc_column-inner\"><div class=\"w-image align_none\"><div class=\"w-image-h\"><img decoding=\"async\" width=\"711\" height=\"1022\" src=\"https:\/\/wgt.ch\/wp-content\/uploads\/2020\/12\/Stern-Philippinen.jpg\" class=\"attachment-full size-full\" alt=\"\" loading=\"lazy\" srcset=\"https:\/\/wgt.ch\/wp-content\/uploads\/2020\/12\/Stern-Philippinen.jpg 711w, https:\/\/wgt.ch\/wp-content\/uploads\/2020\/12\/Stern-Philippinen-209x300.jpg 209w\" sizes=\"auto, (max-width: 711px) 100vw, 711px\" \/><\/div><\/div><\/div><\/div><\/div><div class=\"g-cols wpb_row via_grid cols_1 laptops-cols_inherit tablets-cols_inherit mobiles-cols_1 valign_top type_default stacking_default\" style=\"--columns-gap:3rem;\"><div class=\"wpb_column vc_column_container\"><div class=\"vc_column-inner\"><div class=\"w-separator size_small\"><\/div><div class=\"wpb_text_column\"><div class=\"wpb_wrapper\"><h6><\/h6>\n<p><strong>Cristina Gaerlan, the farm coordinator of the Philippine Institute of Women\u2019s Studies IWS writes about Filipino Christmas:<br \/>\n<\/strong>The Filipinas and Filipinos have a tradition of the \u00ab<em>Simbang Gabi novena<\/em><em>\u00bb<\/em> and \u00ab<em>Panunuluyan<\/em><em>\u00bb<\/em>, which are similar to the \u00ab<em>Las Posadas<\/em><em>\u00bb<\/em> in hispanic culture. \u00ab<em>Simbang Gabi<\/em><em>\u00bb<\/em> (translation: \u00abnight mass\u00bb) takes place in the late evening or early dawn of December16 to 24. The search for an inn where Mary and Joseph can stay is re-enacted before the actual mass on the last night of the novena. Christmas is a special, festive celebration for Filipinas and Filipinos, marked by several gatherings and much gift-giving. Often, many overseas workers come home for a break so they can celebrate Christmas with their families.<\/p>\n<p>Typical for filipino Christmas are the \u00ab<em>parols<\/em><em>\u00bb<\/em> and the \u00ab<em>belen<\/em><em>\u00bb<\/em><em>,<\/em> the Christmas stars and the cribs. The belen (from \u201eBethlehem\u201d) remains a tradition in many homes in the Philippines. In the past, this used to be a simple tableau made from printed cardboard. Now it comes as stone, wood, glass, papier mach\u00e9 figurines. Our belen at the agroecological farm and retreat house is from the woodcarvers\u2019 village Asisan in Baguio. A typical set consists of the Holy Family, three kings, three shepherds and three sheep or lambs. But I thought three sheep is not enough. So I asked the vendor if he would sell me another three sheep, and he obliged. So, proudly, our belen has more sheep than the usual. I\u2019d have included other animals too, if others were available.<\/p>\n<\/div><\/div><\/div><\/div><\/div><div class=\"g-cols wpb_row via_grid cols_1 laptops-cols_inherit tablets-cols_inherit mobiles-cols_1 valign_top type_default stacking_default\" style=\"--columns-gap:3rem;\"><div class=\"wpb_column vc_column_container\"><div class=\"vc_column-inner\"><div class=\"w-separator size_small\"><\/div><div class=\"w-image align_none\"><div class=\"w-image-h\"><img decoding=\"async\" width=\"2361\" height=\"1086\" src=\"https:\/\/wgt.ch\/wp-content\/uploads\/2020\/12\/Krippe-Philippinen.jpg\" class=\"attachment-full size-full\" alt=\"\" loading=\"lazy\" srcset=\"https:\/\/wgt.ch\/wp-content\/uploads\/2020\/12\/Krippe-Philippinen.jpg 2361w, https:\/\/wgt.ch\/wp-content\/uploads\/2020\/12\/Krippe-Philippinen-300x138.jpg 300w, https:\/\/wgt.ch\/wp-content\/uploads\/2020\/12\/Krippe-Philippinen-1024x471.jpg 1024w, https:\/\/wgt.ch\/wp-content\/uploads\/2020\/12\/Krippe-Philippinen-1536x707.jpg 1536w, https:\/\/wgt.ch\/wp-content\/uploads\/2020\/12\/Krippe-Philippinen-2048x942.jpg 2048w\" sizes=\"auto, (max-width: 2361px) 100vw, 2361px\" \/><\/div><\/div><div class=\"w-separator size_small\"><\/div><\/div><\/div><\/div><div class=\"g-cols wpb_row via_grid cols_1 laptops-cols_inherit tablets-cols_inherit mobiles-cols_1 valign_top type_default stacking_default\" style=\"--columns-gap:3rem;\"><div class=\"wpb_column vc_column_container\"><div class=\"vc_column-inner\"><div class=\"wpb_text_column\"><div class=\"wpb_wrapper\"><p><strong>Cristina Gaerlan, la coordinatrice della fattoria del Philippine Institute of Women&#8217;s Studies IWS, scrive sul Natale filippino:<br \/>\n<\/strong>Le filippine e i filippini hanno una tradizione della \u00ab<em>Simbang Gabi novena<\/em><em>\u00bb<\/em> e \u00ab<em>Panunuluyan<\/em><em>\u00bb<\/em>, che sono simili alle \u00ab<em>Las Posadas<\/em><em>\u00bb<\/em> nella cultura ispanica medievale. \u00ab<em>Simbang Gabi<\/em><em>\u00bb<\/em> (traduzione: \u00abmessa notturna\u00bb) si svolge in tarda serata o all&#8217;alba del 16 al 24 dicembre. La ricerca di una locanda dove Maria e Giuseppe possano alloggiare viene riproposta prima della messa vera e propria dell&#8217;ultima notte della novena. Nelle Filippine Natale \u00e8 una festa speciale e festiva, caratterizzata da diversi raduni e da molti regali. Spesso molte persone che lavorano all\u2019estero tornano a casa per poter festeggiare Natale con le loro famiglie.<\/p>\n<p>Tipico per il Natale filippino sono le \u00ab<em>parol<\/em><em>\u00bb<\/em> e i \u00ab<em>belen<\/em><em>\u00bb<\/em>, le stelle di Natale e i presepi. All&#8217;inizio, i \u00ab<em>belen<\/em><em>\u00bb<\/em> (di Betlemme) erano presepi disegnati su cartone. Oggi sono spesso presepi di pietra, legno, vetro, cartapesta. Un presepe tradizionale filippino comprende la Sacra Famiglia, tre re, tre pastori e tre pecore. Il nostro presepe nella fattoria agro-ecologica, dove si svolgono anche corsi e ritiri, proviene dal villaggio di intagliatori del legno Asisan a Baguio. Lei ha sei pecore perch\u00e9 tre mi parevano troppo poche. Aggiunterei volentieri altri animali se avessi potuto comprarli.<\/p>\n<h6><strong>Calendario dell\u2019Avvento: 20 dicembre, <a href=\"https:\/\/wgt.ch\/wp-content\/uploads\/2020\/10\/VAN-HP7-Rafforzare-le-donne-grazie-alla-formazione.pdf\">Progetto VAN HP7 nelle Filippine: \u00abRafforzare le donne grazie alla formazione continua\u00bb<\/a><\/strong><\/h6>\n<h6><a href=\"https:\/\/wgt.ch\/wp-content\/uploads\/2020\/12\/Natale-GMP-2020-Vanuatu-Filippine-it.pdf\"><strong>Natale a Vanuatu e nelle Filippine.pdf<\/strong><\/a><\/h6>\n<h4>Un Natale come sorgente di speranza liberatrice e di comunit\u00e0 solidale mondiale<\/h4>\n<\/div><\/div><\/div><\/div><\/div><\/div><\/div><\/div><\/div><\/section>\n","protected":false},"excerpt":{"rendered":"{:de} Zu Weihnachten in Vanuatu schreiben uns unsere Projektpartnerinnen Cindy und Jenita: Cindy from the Sewing Project: Christmas is the most important celebration here with a church service, followed by lots of food, singing and lots of great fun. Sharing a meal with my family and extended family is my most favourite part. Reminiscing about...","protected":false},"author":5,"featured_media":0,"parent":0,"menu_order":41,"comment_status":"closed","ping_status":"closed","template":"","meta":{"_acf_changed":false,"footnotes":""},"class_list":["post-10750","page","type-page","status-publish","hentry"],"translation":{"provider":"WPGlobus","version":"3.0.2","language":"it","enabled_languages":["de","fr","it"],"languages":{"de":{"title":true,"content":true,"excerpt":false},"fr":{"title":true,"content":true,"excerpt":false},"it":{"title":true,"content":true,"excerpt":false}}},"acf":[],"_links":{"self":[{"href":"https:\/\/wgt.ch\/it\/wp-json\/wp\/v2\/pages\/10750","targetHints":{"allow":["GET"]}}],"collection":[{"href":"https:\/\/wgt.ch\/it\/wp-json\/wp\/v2\/pages"}],"about":[{"href":"https:\/\/wgt.ch\/it\/wp-json\/wp\/v2\/types\/page"}],"author":[{"embeddable":true,"href":"https:\/\/wgt.ch\/it\/wp-json\/wp\/v2\/users\/5"}],"replies":[{"embeddable":true,"href":"https:\/\/wgt.ch\/it\/wp-json\/wp\/v2\/comments?post=10750"}],"version-history":[{"count":33,"href":"https:\/\/wgt.ch\/it\/wp-json\/wp\/v2\/pages\/10750\/revisions"}],"predecessor-version":[{"id":10840,"href":"https:\/\/wgt.ch\/it\/wp-json\/wp\/v2\/pages\/10750\/revisions\/10840"}],"wp:attachment":[{"href":"https:\/\/wgt.ch\/it\/wp-json\/wp\/v2\/media?parent=10750"}],"curies":[{"name":"wp","href":"https:\/\/api.w.org\/{rel}","templated":true}]}}