{"id":14656,"date":"2021-09-17T14:28:17","date_gmt":"2021-09-17T12:28:17","guid":{"rendered":"https:\/\/wgt.ch\/?page_id=14656"},"modified":"2024-07-03T11:54:44","modified_gmt":"2024-07-03T09:54:44","slug":"downloads-ewni-2022","status":"publish","type":"page","link":"https:\/\/wgt.ch\/it\/downloads-ewni-2022\/","title":{"rendered":"Downloads EWNI 2022"},"content":{"rendered":"<section class=\"l-section wpb_row height_small\"><div class=\"l-section-h i-cf\"><div class=\"g-cols vc_row via_grid cols_1 laptops-cols_inherit tablets-cols_inherit mobiles-cols_1 valign_top type_default stacking_default\"><div class=\"wpb_column vc_column_container\"><div class=\"vc_column-inner\"><h2 class=\"w-post-elm post_title entry-title color_link_inherit\">Downloads EWNI 2022<\/h2><\/div><\/div><\/div><\/div><\/section><section class=\"l-section wpb_row height_small\"><div class=\"l-section-h i-cf\"><div class=\"g-cols vc_row via_grid cols_1 laptops-cols_inherit tablets-cols_inherit mobiles-cols_1 valign_top type_default stacking_default\"><div class=\"wpb_column vc_column_container\"><div class=\"vc_column-inner\"><div class=\"wpb_text_column\"><div class=\"wpb_wrapper\"><h2>Materiale per la preparazione della celebrazione 2022<\/h2>\n<h5><a href=\"https:\/\/wgt.ch\/wp-content\/uploads\/2021\/10\/Sacchetto-per-semi-EWNI-2022-modello-it.pdf\" target=\"_blank\" rel=\"noopener\">Sacchetto per semi EWNI 2022 modello<\/a><\/h5>\n<\/div><\/div><div class=\"wpb_text_column\"><div class=\"wpb_wrapper\"><h5><a href=\"https:\/\/wgt.ch\/wp-content\/uploads\/2021\/10\/Samentuetchen-EWNI-2022-Vorlage-sursilvan.pdf\" target=\"_blank\" rel=\"noopener\">Sacchetto per semi EWNI 2022 modello &#8211; Sursilvan<\/a><\/h5>\n<\/div><\/div><div class=\"wpb_text_column\"><div class=\"wpb_wrapper\"><h5><a href=\"https:\/\/wgt.ch\/wp-content\/uploads\/2021\/10\/Samentuetchen-EWNI-2022-Vorlage-vallader.pdf\" target=\"_blank\" rel=\"noopener\">Sacchetto per semi EWNI 2022 modello &#8211; Vallader<\/a><\/h5>\n<\/div><\/div><div class=\"wpb_text_column\"><div class=\"wpb_wrapper\"><h5><a href=\"https:\/\/wgt.ch\/wp-content\/uploads\/2022\/02\/GMP-2022-EWNI-Idee-creative.pdf\" target=\"_blank\" rel=\"noopener\">GMP 2022 EWNI Idee creative<\/a><\/h5>\n<\/div><\/div><div class=\"g-cols wpb_row via_grid cols_2 laptops-cols_inherit tablets-cols_inherit mobiles-cols_1 valign_top type_default stacking_default\" style=\"--columns-gap:3rem;\"><div class=\"wpb_column vc_column_container\"><div class=\"vc_column-inner\"><div class=\"w-separator size_small\"><\/div><div class=\"wpb_text_column\"><div class=\"wpb_wrapper\"><h5>Le sette regioni della Giornata Mondiale di Preghiera:<\/h5>\n<p>Nel 2021, 146 paesi hanno ricevuto il materiale di culto WGT. La mappa mostra 126 paesi che sono sulla lista del Comitato Nazionale o che hanno scritto una relazione per il WGT Journal. Questi paesi sono assegnati a sette regioni.<\/p>\n<p>(Fonte: worlddayofprayer.net)<\/p>\n<\/div><\/div><\/div><\/div><div class=\"wpb_column vc_column_container\"><div class=\"vc_column-inner\"><div class=\"w-image align_none\"><a ref=\"magnificPopup\" href=\"https:\/\/wgt.ch\/wp-content\/uploads\/2022\/01\/Le-sette-regioni-della-GMP-copyrights-wgt.ch_.jpg\" aria-label=\"Le sette regioni della GMP copyrights wgt.ch\" class=\"w-image-h\"><img decoding=\"async\" width=\"1024\" height=\"674\" src=\"https:\/\/wgt.ch\/wp-content\/uploads\/2022\/01\/Le-sette-regioni-della-GMP-copyrights-wgt.ch_-1024x674.jpg\" class=\"attachment-large size-large\" alt=\"\" loading=\"lazy\" srcset=\"https:\/\/wgt.ch\/wp-content\/uploads\/2022\/01\/Le-sette-regioni-della-GMP-copyrights-wgt.ch_-1024x674.jpg 1024w, https:\/\/wgt.ch\/wp-content\/uploads\/2022\/01\/Le-sette-regioni-della-GMP-copyrights-wgt.ch_-300x198.jpg 300w, https:\/\/wgt.ch\/wp-content\/uploads\/2022\/01\/Le-sette-regioni-della-GMP-copyrights-wgt.ch_-1536x1011.jpg 1536w, https:\/\/wgt.ch\/wp-content\/uploads\/2022\/01\/Le-sette-regioni-della-GMP-copyrights-wgt.ch_.jpg 1663w\" sizes=\"auto, (max-width: 1024px) 100vw, 1024px\" \/><\/a><\/div><\/div><\/div><\/div><div class=\"g-cols wpb_row via_grid cols_1 laptops-cols_inherit tablets-cols_inherit mobiles-cols_1 valign_top type_default stacking_default\" style=\"--columns-gap:3rem;\"><div class=\"wpb_column vc_column_container\"><div class=\"vc_column-inner\"><div class=\"w-separator size_small\"><\/div><\/div><\/div><\/div><div class=\"g-cols wpb_row via_grid cols_1-5 laptops-cols_inherit tablets-cols_inherit mobiles-cols_1 valign_top type_default stacking_default\" style=\"--columns-gap:3rem;\"><div class=\"wpb_column vc_column_container\"><div class=\"vc_column-inner\"><div class=\"w-image align_center\"><a title=\"QR-Code-donazioni-colletta-IT.pdf\" target=\" _blank\" rel=\"nofollow\" href=\"https:\/\/wgt.ch\/wp-content\/uploads\/2022\/02\/QR-Code-donazioni-colletta-IT.pdf\" aria-label=\"QR Code donazioni colletta IT Immagine\" class=\"w-image-h\"><img decoding=\"async\" width=\"213\" height=\"300\" src=\"https:\/\/wgt.ch\/wp-content\/uploads\/2022\/02\/QR-Code-donazioni-colletta-IT-Immagine-213x300.jpg\" class=\"attachment-medium size-medium\" alt=\"\" loading=\"lazy\" srcset=\"https:\/\/wgt.ch\/wp-content\/uploads\/2022\/02\/QR-Code-donazioni-colletta-IT-Immagine-213x300.jpg 213w, https:\/\/wgt.ch\/wp-content\/uploads\/2022\/02\/QR-Code-donazioni-colletta-IT-Immagine.jpg 637w\" sizes=\"auto, (max-width: 213px) 100vw, 213px\" \/><\/a><\/div><\/div><\/div><div class=\"wpb_column vc_column_container\"><div class=\"vc_column-inner\"><div class=\"wpb_text_column\"><div class=\"wpb_wrapper\"><p>Per offerte online \u00e8 possibile esporre il foglio allegato dove trovate <a href=\"https:\/\/wgt.ch\/wp-content\/uploads\/2022\/02\/QR-Code-donazioni-colletta-IT.pdf\" target=\"_blank\" rel=\"noopener\"><strong>il codice QR<\/strong><\/a> tramite il quale si arriva direttamente alla nostra pagina <a href=\"https:\/\/wgt.ch\/it\/raise-now-spenden\/\"><span style=\"color: #ff9900;\"><strong>DONARE<\/strong><\/span><\/a>.<\/p>\n<\/div><\/div><\/div><\/div><\/div><div class=\"g-cols wpb_row via_grid cols_1 laptops-cols_inherit tablets-cols_inherit mobiles-cols_1 valign_top type_default stacking_default\" style=\"--columns-gap:3rem;\"><div class=\"wpb_column vc_column_container\"><div class=\"vc_column-inner\"><div class=\"w-separator size_small\"><\/div><\/div><\/div><\/div><div class=\"g-cols wpb_row via_grid cols_1-5 laptops-cols_inherit tablets-cols_inherit mobiles-cols_1 valign_top type_default stacking_default\" style=\"--columns-gap:3rem;\"><div class=\"wpb_column vc_column_container\"><div class=\"vc_column-inner\"><div class=\"w-image align_center\"><a title=\"Modello per le bandiere Inghilterra, Galles e Irlanda del Nord \" target=\" _blank\" rel=\"nofollow\" href=\"https:\/\/wgt.ch\/wp-content\/uploads\/2022\/02\/Flaggen-EWNI-mittel-3x5-1.pdf\" aria-label=\"Flaggen EWNI\" class=\"w-image-h\"><img decoding=\"async\" width=\"300\" height=\"148\" src=\"https:\/\/wgt.ch\/wp-content\/uploads\/2022\/02\/Flaggen-EWNI-300x148.png\" class=\"attachment-medium size-medium\" alt=\"\" loading=\"lazy\" srcset=\"https:\/\/wgt.ch\/wp-content\/uploads\/2022\/02\/Flaggen-EWNI-300x148.png 300w, https:\/\/wgt.ch\/wp-content\/uploads\/2022\/02\/Flaggen-EWNI.png 516w\" sizes=\"auto, (max-width: 300px) 100vw, 300px\" \/><\/a><\/div><\/div><\/div><div class=\"wpb_column vc_column_container\"><div class=\"vc_column-inner\"><div class=\"wpb_text_column\"><div class=\"wpb_wrapper\"><p><a href=\"https:\/\/wgt.ch\/wp-content\/uploads\/2022\/02\/Flaggen-EWNI-mittel-3x5-1.pdf\" target=\"_blank\" rel=\"noopener\"><strong>Modello per le bandiere Inghilterra, Galles e Irlanda del Nord.<\/strong><\/a><br \/>\nDimensioni: 5,5 cm x 9 cm<br \/>\nQuantit\u00e0: 3 x 5<\/p>\n<\/div><\/div><\/div><\/div><\/div><\/div><\/div><\/div><\/div><\/section>\n","protected":false},"excerpt":{"rendered":"{:de}Downloads EWNI 2022 Material zur Vorbereitung der Feier WGT 2022 EWNI Kreative Ideen Bhaltis: Vorlage f\u00fcr Sament\u00fctchen Vorlage f\u00fcr Sament\u00fctchen auf Sursilvan Vorlage f\u00fcr Sament\u00fctchen auf Vallader Landesvorstellung verfasst vom Komitee des WGT EWNI: EWNI 2022 Landesvorstellung CH PowerPoint EWNI 2022 Landesvorstellung CH zur PPP &#8211; pdf EWNI 2022 Landesvorstellung CH zur PPP &#8211; docx...","protected":false},"author":5,"featured_media":0,"parent":0,"menu_order":28,"comment_status":"closed","ping_status":"closed","template":"","meta":{"_acf_changed":false,"footnotes":""},"class_list":["post-14656","page","type-page","status-publish","hentry"],"translation":{"provider":"WPGlobus","version":"3.0.2","language":"it","enabled_languages":["de","fr","it"],"languages":{"de":{"title":true,"content":true,"excerpt":false},"fr":{"title":true,"content":true,"excerpt":false},"it":{"title":true,"content":true,"excerpt":false}}},"acf":[],"_links":{"self":[{"href":"https:\/\/wgt.ch\/it\/wp-json\/wp\/v2\/pages\/14656","targetHints":{"allow":["GET"]}}],"collection":[{"href":"https:\/\/wgt.ch\/it\/wp-json\/wp\/v2\/pages"}],"about":[{"href":"https:\/\/wgt.ch\/it\/wp-json\/wp\/v2\/types\/page"}],"author":[{"embeddable":true,"href":"https:\/\/wgt.ch\/it\/wp-json\/wp\/v2\/users\/5"}],"replies":[{"embeddable":true,"href":"https:\/\/wgt.ch\/it\/wp-json\/wp\/v2\/comments?post=14656"}],"version-history":[{"count":64,"href":"https:\/\/wgt.ch\/it\/wp-json\/wp\/v2\/pages\/14656\/revisions"}],"predecessor-version":[{"id":34155,"href":"https:\/\/wgt.ch\/it\/wp-json\/wp\/v2\/pages\/14656\/revisions\/34155"}],"wp:attachment":[{"href":"https:\/\/wgt.ch\/it\/wp-json\/wp\/v2\/media?parent=14656"}],"curies":[{"name":"wp","href":"https:\/\/api.w.org\/{rel}","templated":true}]}}