{"id":14763,"date":"2021-09-19T22:15:07","date_gmt":"2021-09-19T20:15:07","guid":{"rendered":"https:\/\/wgt.ch\/?page_id=14763"},"modified":"2024-07-03T12:08:37","modified_gmt":"2024-07-03T10:08:37","slug":"projekte","status":"publish","type":"page","link":"https:\/\/wgt.ch\/it\/projekte\/","title":{"rendered":"Progetti"},"content":{"rendered":"<section class=\"l-section wpb_row height_small\"><div class=\"l-section-h i-cf\"><div class=\"g-cols vc_row via_grid cols_1 laptops-cols_inherit tablets-cols_inherit mobiles-cols_1 valign_top type_default stacking_default\"><div class=\"wpb_column vc_column_container\"><div class=\"vc_column-inner\"><h2 class=\"w-post-elm post_title entry-title color_link_inherit\">Progetti<\/h2><\/div><\/div><\/div><\/div><\/section><section class=\"l-section wpb_row height_auto\"><div class=\"l-section-h i-cf\"><div class=\"g-cols vc_row via_grid cols_1 laptops-cols_inherit tablets-cols_inherit mobiles-cols_1 valign_top type_default stacking_default\"><div class=\"wpb_column vc_column_container\"><div class=\"vc_column-inner\"><div class=\"wpb_text_column\"><div class=\"wpb_wrapper\"><h3>I progetti nel paese di provenienza della liturgia<\/h3>\n<p>Franchi 45\u00a0000 della colletta GMP sono destinati per progetti nel paese di provenienza della liturgia.<br \/>\nDal 2013, i comitati GMP Germania (D), Austria (A) e Svizzera (CH) collaborano pi\u00f9 strettamente e sostengono progetti comuni, chiamati progetti DACH.<\/p>\n<\/div><\/div><div class=\"w-separator size_small\"><\/div><\/div><\/div><\/div><\/div><\/section><section class=\"l-section wpb_row height_auto\"><div class=\"l-section-h i-cf\"><div class=\"g-cols vc_row via_grid cols_1 laptops-cols_inherit tablets-cols_inherit mobiles-cols_1 valign_top type_default stacking_default\"><div class=\"wpb_column vc_column_container\"><div class=\"vc_column-inner\"><div class=\"wpb_text_column\"><div class=\"wpb_wrapper\"><h3><a href=\"https:\/\/wgt.ch\/it\/projekte\/projekte-2022-ewni\/\">Progetti 2022 Inghilterra, Galles e Irlanda del Nord &#8211; PDFs<\/a><\/h3>\n<\/div><\/div><div class=\"w-separator size_medium\"><\/div><\/div><\/div><\/div><\/div><\/section><section class=\"l-section wpb_row height_auto\"><div class=\"l-section-h i-cf\"><div class=\"g-cols vc_row via_grid cols_1 laptops-cols_inherit tablets-cols_inherit mobiles-cols_1 valign_top type_default stacking_default\"><div class=\"wpb_column vc_column_container\"><div class=\"vc_column-inner\"><div class=\"wpb_text_column\"><div class=\"wpb_wrapper\"><h3>Progetti pluriennali in tutto il mondo<\/h3>\n<p>La parte maggiore della colletta GMP raccolta in Svizzera va a sostegno, sull\u2019arco di diversi anni, di progetti in vari paesi. La scelta di essi viene fatta su suggerimento delle associazioni femminili confessionali.<br \/>\nPresentiamo una selezione dei numerosi progetti pluriennali.<\/p>\n<\/div><\/div><div class=\"w-separator size_small\"><\/div><\/div><\/div><\/div><\/div><\/section><section class=\"l-section wpb_row height_auto\"><div class=\"l-section-h i-cf\"><div class=\"g-cols vc_row via_grid cols_1 laptops-cols_inherit tablets-cols_inherit mobiles-cols_1 valign_top type_default stacking_default\"><div class=\"wpb_column vc_column_container\"><div class=\"vc_column-inner\"><div class=\"wpb_text_column\"><div class=\"wpb_wrapper\"><h3><a href=\"https:\/\/wgt.ch\/it\/projekte\/mehrjaehrige-projekte\/\">Progetti pluriennali in tutto il mondo &#8211; PDFs<\/a><\/h3>\n<\/div><\/div><div class=\"w-separator size_medium\"><\/div><\/div><\/div><\/div><\/div><\/section>\n","protected":false},"excerpt":{"rendered":"{:de}Progetti&nbsp; Projekte im Herkunftsland der Liturgie Von der WGT-Kollekte sind 45\u00a0000 Franken f\u00fcr Projekte im Herkunftsland der Liturgie reserviert. Seit 2013 arbeiten die WGT-Komitees Deutschland, \u00d6sterreich und Schweiz eng zusammen und unterst\u00fctzen gemeinsame DACH-Projekte. Projekte 2022 England, Wales und Nordirland &#8211; PDFs Mehrj\u00e4hrige Projekte weltweit Mit dem gr\u00f6sseren Teil der WGT-Kollekte der Schweiz werden weltweit...","protected":false},"author":5,"featured_media":0,"parent":0,"menu_order":34,"comment_status":"closed","ping_status":"closed","template":"","meta":{"_acf_changed":false,"footnotes":""},"class_list":["post-14763","page","type-page","status-publish","hentry"],"translation":{"provider":"WPGlobus","version":"3.0.2","language":"it","enabled_languages":["de","fr","it"],"languages":{"de":{"title":true,"content":true,"excerpt":false},"fr":{"title":true,"content":true,"excerpt":false},"it":{"title":true,"content":true,"excerpt":false}}},"acf":[],"_links":{"self":[{"href":"https:\/\/wgt.ch\/it\/wp-json\/wp\/v2\/pages\/14763","targetHints":{"allow":["GET"]}}],"collection":[{"href":"https:\/\/wgt.ch\/it\/wp-json\/wp\/v2\/pages"}],"about":[{"href":"https:\/\/wgt.ch\/it\/wp-json\/wp\/v2\/types\/page"}],"author":[{"embeddable":true,"href":"https:\/\/wgt.ch\/it\/wp-json\/wp\/v2\/users\/5"}],"replies":[{"embeddable":true,"href":"https:\/\/wgt.ch\/it\/wp-json\/wp\/v2\/comments?post=14763"}],"version-history":[{"count":31,"href":"https:\/\/wgt.ch\/it\/wp-json\/wp\/v2\/pages\/14763\/revisions"}],"predecessor-version":[{"id":34167,"href":"https:\/\/wgt.ch\/it\/wp-json\/wp\/v2\/pages\/14763\/revisions\/34167"}],"wp:attachment":[{"href":"https:\/\/wgt.ch\/it\/wp-json\/wp\/v2\/media?parent=14763"}],"curies":[{"name":"wp","href":"https:\/\/api.w.org\/{rel}","templated":true}]}}