{"id":2,"date":"2019-07-11T14:04:55","date_gmt":"2019-07-11T12:04:55","guid":{"rendered":"https:\/\/wgt.ch\/?page_id=2"},"modified":"2026-03-12T12:18:31","modified_gmt":"2026-03-12T11:18:31","slug":"beispiel-seite","status":"publish","type":"page","link":"https:\/\/wgt.ch\/it\/","title":{"rendered":"Home"},"content":{"rendered":"<section class=\"l-section wpb_row height_small width_full with_img\"><div class=\"l-section-img\" role=\"img\" aria-label=\"Image\" data-img-width=\"1896\" data-img-height=\"590\" style=\"background-image: url(https:\/\/wgt.ch\/wp-content\/uploads\/2025\/05\/6-Artwork-2026-Rest-for-the-Weary-by-Gift-Amarachi-Ottah-grAusschnitt-e1746456230915.jpg);background-repeat: no-repeat;\"><\/div><div class=\"l-section-h i-cf\"><div class=\"g-cols vc_row via_grid cols_1 laptops-cols_inherit tablets-cols_inherit mobiles-cols_1 valign_top type_default stacking_default\"><div class=\"wpb_column vc_column_container\"><div class=\"vc_column-inner\"><div class=\"w-separator size_custom\" style=\"height:20vH\"><\/div><\/div><\/div><\/div><\/div><\/section><section class=\"l-section wpb_row height_small\"><div class=\"l-section-overlay\" style=\"background:#e4e8d0\"><\/div><div class=\"l-section-h i-cf\"><div class=\"g-cols vc_row via_grid cols_1 laptops-cols_inherit tablets-cols_inherit mobiles-cols_1 valign_top type_default stacking_default\"><div class=\"wpb_column vc_column_container\"><div class=\"vc_column-inner\"><div class=\"wpb_text_column\"><div class=\"wpb_wrapper\"><h1 style=\"text-align: center;\">Giornata mondiale di preghiera Svizzera<\/h1>\n<\/div><\/div><div class=\"wpb_text_column\"><div class=\"wpb_wrapper\"><h3 style=\"text-align: center;\">Prossima celebrazione venerd\u00ec 5 marzo 2027<\/h3>\n<\/div><\/div><div class=\"wpb_text_column\"><div class=\"wpb_wrapper\"><p style=\"text-align: center;\">La Giornata mondiale di Preghiera Svizzera \u00e8 parte di un movimento mondiale di donne provenienti da molte tradizioni cristiane. Ogni anno, il primo venerd\u00ec di marzo, esse invitano tutte le persone a celebrare una giornata di preghiera comune. La comunione nella preghiera e nell\u2019azione unisce tra di loro uomini e donne di numerosi paesi nel mondo.<\/p>\n<\/div><\/div><div class=\"wpb_text_column hidden\"><div class=\"wpb_wrapper\"><p style=\"text-align: center;\">La Giornata mondiale di preghiera \u00e8 un movimento mondiale di donne cristiane di diverse tradizioni che si riuniscono ogni anno il primo venerd\u00ec di marzo per celebrare una giornata comune di preghiera e di solidariet\u00e0, creando un legame ecumenico che in numerosi luoghi \u00e8 mantenuto durante l\u2019anno.<\/p>\n<\/div><\/div><div class=\"wpb_text_column\"><div class=\"wpb_wrapper\"><h3 style=\"text-align: center;\"><span>90 anni Giornata mondiale di preghiera Svizzera 2026<\/span><br \/>\n<span>100 anni World Day of Prayer International 2027<\/span><\/h3>\n<\/div><\/div><\/div><\/div><\/div><\/div><\/section><section class=\"l-section wpb_row height_small\"><div class=\"l-section-h i-cf\"><div class=\"g-cols vc_row via_grid cols_1 laptops-cols_inherit tablets-cols_inherit mobiles-cols_1 valign_top type_default stacking_default\"><div class=\"wpb_column vc_column_container\"><div class=\"vc_column-inner\"><div class=\"wpb_text_column\"><div class=\"wpb_wrapper\"><h1 style=\"text-align: center;\">Attuale<\/h1>\n<\/div><\/div><div class=\"w-grid us_grid us_custom_d9e56941 type_grid layout_205 cols_1 preload_style_spinner\" id=\"us_grid_1\" style=\"--columns:1;\" data-filterable=\"true\"><style>.layout_205 .w-grid-item-h{}<\/style><div class=\"w-grid-list\">\t<article class=\"w-grid-item size_1x1 post-39509 feiern type-feiern status-publish has-post-thumbnail hentry topics-aktuelle-feier\" data-id=\"39509\">\r\n\t\t<div class=\"w-grid-item-h\">\r\n\t\t\t\t\t\t<div class=\"w-hwrapper usg_hwrapper_1 responsive align_left valign_top\"><div class=\"w-vwrapper usg_vwrapper_1 width-full align_left valign_top\"><h2 class=\"w-post-elm post_title usg_post_title_1 entry-title color_link_inherit\"><a href=\"https:\/\/wgt.ch\/it\/feiern\/2026-nigeria\/\">2026 Nigeria<\/a><\/h2><div class=\"w-hwrapper usg_hwrapper_2 grid-row vertical width-full align_left valign_top\"><div class=\"w-post-elm post_content usg_post_content_1 grid-item grid-item-75 margin-b-1\">Voglio darvi ristoro, venite! La Nigeria si trova sulla costa occidentale dell\u2019Africa e si estende su una superficie di 923.768 km\u00b2 (Svizzera: ca. 41.000 km\u00b2). Con circa 230 milioni di&hellip;<\/div><div class=\"w-html usg_html_2 grid-item-25 grid-row flex-end\">\n\t<a class=\"w-btn us-btn-style_2 usg_btn_1\" href=\"https:\/\/wgt.ch\/it\/feiern\/2026-nigeria\/\">\n\t\t<span class=\"w-btn-label\">\n\t\t\tcontinuare\t\t<\/span>\n\t<\/a>\n\n<\/div><\/div><\/div><\/div><div class=\"w-html usg_html_1\"><hr><\/div>\t\t<\/div>\r\n\t\t\t<\/article>\r\n<\/div>\t<div class=\"w-grid-preloader\">\r\n\t\t<div class=\"g-preloader type_1\">\r\n\t\t\t<div><\/div>\r\n\t\t<\/div>\r\n\t<\/div>\r\n\t\t<div class=\"w-grid-json hidden\" onclick='return {&quot;action&quot;:&quot;us_ajax_grid&quot;,&quot;infinite_scroll&quot;:0,&quot;max_num_pages&quot;:1,&quot;pagination&quot;:&quot;none&quot;,&quot;template_vars&quot;:{&quot;columns&quot;:&quot;1&quot;,&quot;exclude_items&quot;:&quot;none&quot;,&quot;img_size&quot;:&quot;default&quot;,&quot;ignore_items_size&quot;:0,&quot;items_layout&quot;:&quot;205&quot;,&quot;items_offset&quot;:&quot;1&quot;,&quot;load_animation&quot;:&quot;none&quot;,&quot;overriding_link&quot;:&quot;{\\&quot;url\\&quot;:\\&quot;\\&quot;}&quot;,&quot;post_id&quot;:0,&quot;query_args&quot;:{&quot;post_type&quot;:[&quot;feiern&quot;],&quot;tax_query&quot;:[{&quot;taxonomy&quot;:&quot;topics&quot;,&quot;field&quot;:&quot;slug&quot;,&quot;terms&quot;:[&quot;aktuelle-feier&quot;]}],&quot;post_status&quot;:[&quot;publish&quot;,&quot;acf-disabled&quot;],&quot;posts_per_page&quot;:&quot;1&quot;},&quot;orderby_query_args&quot;:{&quot;orderby&quot;:{&quot;date&quot;:&quot;DESC&quot;}},&quot;type&quot;:&quot;grid&quot;,&quot;us_grid_post_type&quot;:&quot;feiern&quot;,&quot;us_grid_ajax_index&quot;:1,&quot;us_grid_filter_query_string&quot;:null,&quot;us_grid_index&quot;:1,&quot;page_args&quot;:[]}}'><\/div>\r\n\t<\/div><div class=\"w-separator size_small\"><\/div><div class=\"w-grid us_grid type_grid layout_205 cols_1 preload_style_spinner\" id=\"us_grid_2\" style=\"--columns:1;--gap:2rem;\" data-filterable=\"true\"><div class=\"w-grid-list\">\t<article class=\"w-grid-item size_1x1 post-45620 post type-post status-publish format-standard hentry category-allgemein\" data-id=\"45620\">\r\n\t\t<div class=\"w-grid-item-h\">\r\n\t\t\t\t\t\t<div class=\"w-hwrapper usg_hwrapper_1 responsive align_left valign_top\"><div class=\"w-vwrapper usg_vwrapper_1 width-full align_left valign_top\"><h2 class=\"w-post-elm post_title usg_post_title_1 entry-title color_link_inherit\"><a href=\"https:\/\/wgt.ch\/it\/jubilaeum-2027\/\">Jubil\u00e4um 2027 &#8211; 100 Jahre Weltgebetstag f\u00fcr Gerechtigkeit und Frieden<\/a><\/h2><div class=\"w-hwrapper usg_hwrapper_2 grid-row vertical width-full align_left valign_top\"><div class=\"w-post-elm post_content usg_post_content_1 grid-item grid-item-75 margin-b-1\">Mit der Liturgie, geschrieben vom internationalen Komitee des Weltgebetstages (WDPIC), feiern wir die eindr\u00fcckliche Geschichte dieser \u00f6kumenischen Frauenbewegung \u00abWeltgebetstag\u00bb. Sie setzt sich seit 100 Jahren international ein mit ihrem Leitspruch&hellip;<\/div><div class=\"w-html usg_html_2 grid-item-25 grid-row flex-end\">\n\t<a class=\"w-btn us-btn-style_2 usg_btn_1\" href=\"https:\/\/wgt.ch\/it\/jubilaeum-2027\/\">\n\t\t<span class=\"w-btn-label\">\n\t\t\tcontinuare\t\t<\/span>\n\t<\/a>\n\n<\/div><\/div><\/div><\/div><div class=\"w-html usg_html_1\"><hr><\/div>\t\t<\/div>\r\n\t\t\t<\/article>\r\n\t<article class=\"w-grid-item size_1x1 post-44461 post type-post status-publish format-standard hentry category-allgemein\" data-id=\"44461\">\r\n\t\t<div class=\"w-grid-item-h\">\r\n\t\t\t\t\t\t<div class=\"w-hwrapper usg_hwrapper_1 responsive align_left valign_top\"><div class=\"w-vwrapper usg_vwrapper_1 width-full align_left valign_top\"><h2 class=\"w-post-elm post_title usg_post_title_1 entry-title color_link_inherit\"><a href=\"https:\/\/wgt.ch\/it\/jubilaeen-2026-2027\/\">Giubilei 2026-2027<\/a><\/h2><div class=\"w-hwrapper usg_hwrapper_2 grid-row vertical width-full align_left valign_top\"><div class=\"w-post-elm post_content usg_post_content_1 grid-item grid-item-75 margin-b-1\">6 e 8 marzo 2026: In Svizzera quest\u2019anno, la Giornata mondiale di preghiera (GMP) compie 90 anni. Infatti, venne celebrata per la prima volta nel 1936. Faremo memoria di questo&hellip;<\/div><div class=\"w-html usg_html_2 grid-item-25 grid-row flex-end\">\n\t<a class=\"w-btn us-btn-style_2 usg_btn_1\" href=\"https:\/\/wgt.ch\/it\/jubilaeen-2026-2027\/\">\n\t\t<span class=\"w-btn-label\">\n\t\t\tcontinuare\t\t<\/span>\n\t<\/a>\n\n<\/div><\/div><\/div><\/div><div class=\"w-html usg_html_1\"><hr><\/div>\t\t<\/div>\r\n\t\t\t<\/article>\r\n\t<article class=\"w-grid-item size_1x1 post-45644 post type-post status-publish format-standard hentry category-allgemein\" data-id=\"45644\">\r\n\t\t<div class=\"w-grid-item-h\">\r\n\t\t\t\t\t\t<div class=\"w-hwrapper usg_hwrapper_1 responsive align_left valign_top\"><div class=\"w-vwrapper usg_vwrapper_1 width-full align_left valign_top\"><h2 class=\"w-post-elm post_title usg_post_title_1 entry-title color_link_inherit\"><a href=\"https:\/\/wgt.ch\/it\/danke-merci-grazie-grazia-fitg\/\">Grazie, danke, merci, grazia fitg!<\/a><\/h2><div class=\"w-hwrapper usg_hwrapper_2 grid-row vertical width-full align_left valign_top\"><div class=\"w-post-elm post_content usg_post_content_1 grid-item grid-item-75 margin-b-1\">\u2026 gentili collaboratrici della Giornata mondiale di preghiera, per la celebrazione del 6 marzo con la liturgia della Nigeria. Winterthur, marzo 2026 \u00c8 grazie a voi e a tutte le&hellip;<\/div><div class=\"w-html usg_html_2 grid-item-25 grid-row flex-end\">\n\t<a class=\"w-btn us-btn-style_2 usg_btn_1\" href=\"https:\/\/wgt.ch\/it\/danke-merci-grazie-grazia-fitg\/\">\n\t\t<span class=\"w-btn-label\">\n\t\t\tcontinuare\t\t<\/span>\n\t<\/a>\n\n<\/div><\/div><\/div><\/div><div class=\"w-html usg_html_1\"><hr><\/div>\t\t<\/div>\r\n\t\t\t<\/article>\r\n\t<article class=\"w-grid-item size_1x1 post-45524 post type-post status-publish format-standard hentry category-allgemein\" data-id=\"45524\">\r\n\t\t<div class=\"w-grid-item-h\">\r\n\t\t\t\t\t\t<div class=\"w-hwrapper usg_hwrapper_1 responsive align_left valign_top\"><div class=\"w-vwrapper usg_vwrapper_1 width-full align_left valign_top\"><h2 class=\"w-post-elm post_title usg_post_title_1 entry-title color_link_inherit\"><a href=\"https:\/\/wgt.ch\/it\/rueckblick-2026-nigeria\/\">Retrospettiva sulle celebrazioni 2026 Nigeria<\/a><\/h2><div class=\"w-hwrapper usg_hwrapper_2 grid-row vertical width-full align_left valign_top\"><div class=\"w-post-elm post_content usg_post_content_1 grid-item grid-item-75 margin-b-1\">Wir freuen uns \u00fcber die Fotos von verschiedenen Feiern. Nous sommes heureux de recevoir les photos de diff\u00e9rentes c\u00e9l\u00e9brations. Siamo lieti di ricevere le foto delle varie celebrazioni. Pressemitteilungen WGT&hellip;<\/div><div class=\"w-html usg_html_2 grid-item-25 grid-row flex-end\">\n\t<a class=\"w-btn us-btn-style_2 usg_btn_1\" href=\"https:\/\/wgt.ch\/it\/rueckblick-2026-nigeria\/\">\n\t\t<span class=\"w-btn-label\">\n\t\t\tcontinuare\t\t<\/span>\n\t<\/a>\n\n<\/div><\/div><\/div><\/div><div class=\"w-html usg_html_1\"><hr><\/div>\t\t<\/div>\r\n\t\t\t<\/article>\r\n\t<article class=\"w-grid-item size_1x1 post-45675 post type-post status-publish format-standard hentry category-allgemein\" data-id=\"45675\">\r\n\t\t<div class=\"w-grid-item-h\">\r\n\t\t\t\t\t\t<div class=\"w-hwrapper usg_hwrapper_1 responsive align_left valign_top\"><div class=\"w-vwrapper usg_vwrapper_1 width-full align_left valign_top\"><h2 class=\"w-post-elm post_title usg_post_title_1 entry-title color_link_inherit\"><a href=\"https:\/\/wgt.ch\/it\/bericht-bilderausstellung-in-olten-du-schenkst-mir-frieden\/\">Bericht: Bilderausstellung in Olten: \u00abDu schenkst mir Frieden\u00bb<\/a><\/h2><div class=\"w-hwrapper usg_hwrapper_2 grid-row vertical width-full align_left valign_top\"><div class=\"w-post-elm post_content usg_post_content_1 grid-item grid-item-75 margin-b-1\">Zu dritt aus dem WGT-Vorstand besuchten wir die Vernissage der eindr\u00fccklichen Bilderausstellung. Erstens begeisterten uns die aussagekr\u00e4ftigen Bilder des nigerianischen K\u00fcnstlers Tony Nwachukwu. Viele kennen ihn durch die Gestaltung des&hellip;<\/div><div class=\"w-html usg_html_2 grid-item-25 grid-row flex-end\">\n\t<a class=\"w-btn us-btn-style_2 usg_btn_1\" href=\"https:\/\/wgt.ch\/it\/bericht-bilderausstellung-in-olten-du-schenkst-mir-frieden\/\">\n\t\t<span class=\"w-btn-label\">\n\t\t\tcontinuare\t\t<\/span>\n\t<\/a>\n\n<\/div><\/div><\/div><\/div><div class=\"w-html usg_html_1\"><hr><\/div>\t\t<\/div>\r\n\t\t\t<\/article>\r\n\t<article class=\"w-grid-item size_1x1 post-42976 post type-post status-publish format-standard hentry category-allgemein\" data-id=\"42976\">\r\n\t\t<div class=\"w-grid-item-h\">\r\n\t\t\t\t\t\t<div class=\"w-hwrapper usg_hwrapper_1 responsive align_left valign_top\"><div class=\"w-vwrapper usg_vwrapper_1 width-full align_left valign_top\"><h2 class=\"w-post-elm post_title usg_post_title_1 entry-title color_link_inherit\"><a href=\"https:\/\/wgt.ch\/it\/feiern-in-den-gemeinden-2\/\">Celebrazioni nelle parrocchie<\/a><\/h2><div class=\"w-hwrapper usg_hwrapper_2 grid-row vertical width-full align_left valign_top\"><div class=\"w-post-elm post_content usg_post_content_1 grid-item grid-item-75 margin-b-1\">Ecco la pagina per annunciare la tua celebrazione della Giornata mondiale di preghiera nella tua parrocchia. Vi preghiamo di inserire le vostre celebrazioni GMP sul nostro sito web: in questo&hellip;<\/div><div class=\"w-html usg_html_2 grid-item-25 grid-row flex-end\">\n\t<a class=\"w-btn us-btn-style_2 usg_btn_1\" href=\"https:\/\/wgt.ch\/it\/feiern-in-den-gemeinden-2\/\">\n\t\t<span class=\"w-btn-label\">\n\t\t\tcontinuare\t\t<\/span>\n\t<\/a>\n\n<\/div><\/div><\/div><\/div><div class=\"w-html usg_html_1\"><hr><\/div>\t\t<\/div>\r\n\t\t\t<\/article>\r\n\t<article class=\"w-grid-item size_1x1 post-33647 post type-post status-publish format-standard hentry category-allgemein\" data-id=\"33647\">\r\n\t\t<div class=\"w-grid-item-h\">\r\n\t\t\t\t\t\t<div class=\"w-hwrapper usg_hwrapper_1 responsive align_left valign_top\"><div class=\"w-vwrapper usg_vwrapper_1 width-full align_left valign_top\"><h2 class=\"w-post-elm post_title usg_post_title_1 entry-title color_link_inherit\"><a href=\"https:\/\/wgt.ch\/it\/termine-vorbereitungstagungen\/\">Date degli eventi e degli incontri di preparazione<\/a><\/h2><div class=\"w-hwrapper usg_hwrapper_2 grid-row vertical width-full align_left valign_top\"><div class=\"w-post-elm post_content usg_post_content_1 grid-item grid-item-75 margin-b-1\">per la Giornata mondiale di preghiera del 6 marzo 2026 Le date saranno aggiornate regolarmente. Vorlage zur \u00dcbermittlung der Daten f\u00fcr die kantonalen und regionalen VorbereitungstagungenFormulaire dates des rencontes<\/div><div class=\"w-html usg_html_2 grid-item-25 grid-row flex-end\">\n\t<a class=\"w-btn us-btn-style_2 usg_btn_1\" href=\"https:\/\/wgt.ch\/it\/termine-vorbereitungstagungen\/\">\n\t\t<span class=\"w-btn-label\">\n\t\t\tcontinuare\t\t<\/span>\n\t<\/a>\n\n<\/div><\/div><\/div><\/div><div class=\"w-html usg_html_1\"><hr><\/div>\t\t<\/div>\r\n\t\t\t<\/article>\r\n\t<article class=\"w-grid-item size_1x1 post-27959 post type-post status-publish format-standard hentry category-allgemein\" data-id=\"27959\">\r\n\t\t<div class=\"w-grid-item-h\">\r\n\t\t\t\t\t\t<div class=\"w-hwrapper usg_hwrapper_1 responsive align_left valign_top\"><div class=\"w-vwrapper usg_vwrapper_1 width-full align_left valign_top\"><h2 class=\"w-post-elm post_title usg_post_title_1 entry-title color_link_inherit\"><a href=\"https:\/\/wgt.ch\/it\/anmeldung-einzelmitgliedschaft\/\">Iscrizione come membro individuale<\/a><\/h2><div class=\"w-hwrapper usg_hwrapper_2 grid-row vertical width-full align_left valign_top\"><div class=\"w-post-elm post_content usg_post_content_1 grid-item grid-item-75 margin-b-1\">Ti interessano le motivazioni delle donne in tutto il mondo? Allora diventa membro della Giornata mondiale di preghiera Svizzera! La GMP \u00e8 parte del movimento ecumenico internazionale delle donne. Celebriamo&hellip;<\/div><div class=\"w-html usg_html_2 grid-item-25 grid-row flex-end\">\n\t<a class=\"w-btn us-btn-style_2 usg_btn_1\" href=\"https:\/\/wgt.ch\/it\/anmeldung-einzelmitgliedschaft\/\">\n\t\t<span class=\"w-btn-label\">\n\t\t\tcontinuare\t\t<\/span>\n\t<\/a>\n\n<\/div><\/div><\/div><\/div><div class=\"w-html usg_html_1\"><hr><\/div>\t\t<\/div>\r\n\t\t\t<\/article>\r\n<\/div>\t<div class=\"w-grid-preloader\">\r\n\t\t<div class=\"g-preloader type_1\">\r\n\t\t\t<div><\/div>\r\n\t\t<\/div>\r\n\t<\/div>\r\n\t\t<div class=\"w-grid-json hidden\" onclick='return {&quot;action&quot;:&quot;us_ajax_grid&quot;,&quot;infinite_scroll&quot;:0,&quot;max_num_pages&quot;:1,&quot;pagination&quot;:&quot;none&quot;,&quot;template_vars&quot;:{&quot;columns&quot;:&quot;1&quot;,&quot;exclude_items&quot;:&quot;none&quot;,&quot;img_size&quot;:&quot;default&quot;,&quot;ignore_items_size&quot;:0,&quot;items_layout&quot;:&quot;205&quot;,&quot;items_offset&quot;:&quot;1&quot;,&quot;load_animation&quot;:&quot;none&quot;,&quot;overriding_link&quot;:&quot;{\\&quot;url\\&quot;:\\&quot;\\&quot;}&quot;,&quot;post_id&quot;:0,&quot;query_args&quot;:{&quot;post_type&quot;:[&quot;post&quot;],&quot;post_status&quot;:[&quot;publish&quot;,&quot;acf-disabled&quot;],&quot;posts_per_page&quot;:&quot;10&quot;},&quot;orderby_query_args&quot;:{&quot;orderby&quot;:{&quot;date&quot;:&quot;DESC&quot;}},&quot;type&quot;:&quot;grid&quot;,&quot;us_grid_post_type&quot;:&quot;post&quot;,&quot;us_grid_ajax_index&quot;:2,&quot;us_grid_filter_query_string&quot;:null,&quot;us_grid_index&quot;:2,&quot;page_args&quot;:[]}}'><\/div>\r\n\t<\/div><\/div><\/div><\/div><\/div><\/section><section class=\"l-section wpb_row hidden height_small\"><div class=\"l-section-h i-cf\"><div class=\"g-cols vc_row via_grid cols_1 laptops-cols_inherit tablets-cols_inherit mobiles-cols_1 valign_top type_default stacking_default\"><div class=\"wpb_column vc_column_container\"><div class=\"vc_column-inner\"><div class=\"wpb_text_column\"><div class=\"wpb_wrapper\"><h1 class=\"uk-article-title\" style=\"text-align: center;\">Il simbolo della Giornata mondiale di preghiera<\/h1>\n<\/div><\/div><div class=\"w-separator size_medium\"><\/div><div class=\"w-image align_center\"><div class=\"w-image-h\"><img decoding=\"async\" width=\"300\" height=\"300\" src=\"https:\/\/wgt.ch\/wp-content\/uploads\/2019\/07\/logo_400_-300x300.png\" class=\"attachment-medium size-medium\" alt=\"\" loading=\"lazy\" srcset=\"https:\/\/wgt.ch\/wp-content\/uploads\/2019\/07\/logo_400_-300x300.png 300w, https:\/\/wgt.ch\/wp-content\/uploads\/2019\/07\/logo_400_-150x150.png 150w, https:\/\/wgt.ch\/wp-content\/uploads\/2019\/07\/logo_400_.png 400w\" sizes=\"auto, (max-width: 300px) 100vw, 300px\" \/><\/div><\/div><div class=\"w-separator size_medium\"><\/div><div class=\"wpb_text_column\"><div class=\"wpb_wrapper\"><div style=\"text-align: center;\">\n<p>Sono le donne irlandesi che ci hanno offerto il simbolo con la croce, adottato nel 1982 come logo internazionale della Giornata mondiale di preghiera.<\/p>\n<\/div>\n<\/div><\/div><div class=\"wpb_text_column\"><div class=\"wpb_wrapper\"><div style=\"text-align: center;\">\n<p>La Giornata mondiale di preghierea \u00e8 un movimento che culmina in una celebrazione annuale alla quale tutte le persone, uomini e donne, sono invitate. La Giornata mondiale di preghiera riunisce donne di tutte le confessioni cristiane per pregare ea agire insieme. La giornata mondiale di preghiera fa partecipare alla peculiare espressione che danno allo propria fede le donne cristiane di svariati paesi e diverse culture. La Giornata mondiale di preghiera \u00e8 un movimento che riunisce donne di culture e tradizioni differenti in profonda comunione, reciproca comprensione e solidariet\u00e0 concreta.<\/p>\n<\/div>\n<\/div><\/div><\/div><\/div><\/div><\/div><\/section><div class=\"wpb_column vc_column_container\"><div class=\"vc_column-inner\"><\/div><\/div>\n","protected":false},"excerpt":{"rendered":"{:de} Interessiert dich, was Frauen weltweit bewegt? Dann werde Mitglied bei Weltgebetstag Schweiz! Der Weltgebetstag ist Teil der internationalen \u00f6kumenischen Bewegung von Frauen. Wir feiern lokal, denken und handeln global. Unter dem Leitsatz: Informiert beten \u2013 betend handeln feiern wir seit bald 100\u00a0Jahren auf der ganzen Welt am ersten Freitag im M\u00e4rz nach derselben Liturgie...","protected":false},"author":1,"featured_media":39516,"parent":0,"menu_order":94,"comment_status":"closed","ping_status":"closed","template":"","meta":{"_acf_changed":false,"footnotes":""},"class_list":["post-2","page","type-page","status-publish","has-post-thumbnail","hentry"],"translation":{"provider":"WPGlobus","version":"3.0.2","language":"it","enabled_languages":["de","fr","it"],"languages":{"de":{"title":true,"content":true,"excerpt":false},"fr":{"title":true,"content":true,"excerpt":false},"it":{"title":true,"content":true,"excerpt":false}}},"acf":[],"_links":{"self":[{"href":"https:\/\/wgt.ch\/it\/wp-json\/wp\/v2\/pages\/2","targetHints":{"allow":["GET"]}}],"collection":[{"href":"https:\/\/wgt.ch\/it\/wp-json\/wp\/v2\/pages"}],"about":[{"href":"https:\/\/wgt.ch\/it\/wp-json\/wp\/v2\/types\/page"}],"author":[{"embeddable":true,"href":"https:\/\/wgt.ch\/it\/wp-json\/wp\/v2\/users\/1"}],"replies":[{"embeddable":true,"href":"https:\/\/wgt.ch\/it\/wp-json\/wp\/v2\/comments?post=2"}],"version-history":[{"count":180,"href":"https:\/\/wgt.ch\/it\/wp-json\/wp\/v2\/pages\/2\/revisions"}],"predecessor-version":[{"id":45374,"href":"https:\/\/wgt.ch\/it\/wp-json\/wp\/v2\/pages\/2\/revisions\/45374"}],"wp:featuredmedia":[{"embeddable":true,"href":"https:\/\/wgt.ch\/it\/wp-json\/wp\/v2\/media\/39516"}],"wp:attachment":[{"href":"https:\/\/wgt.ch\/it\/wp-json\/wp\/v2\/media?parent=2"}],"curies":[{"name":"wp","href":"https:\/\/api.w.org\/{rel}","templated":true}]}}