{"id":20717,"date":"2022-05-22T14:08:09","date_gmt":"2022-05-22T12:08:09","guid":{"rendered":"https:\/\/wgt.ch\/?p=20717"},"modified":"2023-04-28T16:48:53","modified_gmt":"2023-04-28T14:48:53","slug":"fenster-zu-taiwan","status":"publish","type":"page","link":"https:\/\/wgt.ch\/it\/fenster-zu-taiwan\/","title":{"rendered":"Finestra su Taiwan"},"content":{"rendered":"<section class=\"l-section wpb_row height_small\"><div class=\"l-section-h i-cf\"><div class=\"g-cols vc_row via_grid cols_1 laptops-cols_inherit tablets-cols_inherit mobiles-cols_1 valign_top type_default stacking_default\"><div class=\"wpb_column vc_column_container\"><div class=\"vc_column-inner\"><div class=\"wpb_text_column\"><div class=\"wpb_wrapper\"><p>Fatti interessanti, curiosit\u00e0, suggerimenti per la lettura e per i media\u2026 &#8211; La finestra su Taiwan vuole offrire uno sguardo sulla vita della popolazione nel Paese della liturgia GMP 2023. A intervalli irregolari appariranno nuovi contributi; per aprirli cliccare sulle immagini.<\/p>\n<\/div><\/div><div class=\"wpb_text_column hidden\"><div class=\"wpb_wrapper\"><p>Fatti interessanti, curiosit\u00e0, suggerimenti per la lettura e per i media\u2026 &#8211; La finestra su Taiwan vuole offrire uno sguardo sulla vita della popolazione di questa isola situata al largo delle coste cinesi. A intervalli irregolari appariranno nuovi contributi; per aprirli cliccare sulle immagini.<\/p>\n<\/div><\/div><div class=\"w-separator size_small\"><\/div><div class=\"g-cols wpb_row us_custom_e8d6fc10 via_grid cols_3 laptops-cols_inherit tablets-cols_inherit mobiles-cols_1 valign_top type_default stacking_default\" style=\"--columns-gap:3rem;\"><div class=\"wpb_column vc_column_container\"><div class=\"vc_column-inner\"><div class=\"w-image align_none\"><a title=\"P\u00eeng-an!\" href=\"https:\/\/wgt.ch\/it\/ein-fenster-zu-taiwan\/ping-an\/\" aria-label=\"Ping-an Bild 90 g\" class=\"w-image-h\"><img decoding=\"async\" width=\"1024\" height=\"1024\" src=\"https:\/\/wgt.ch\/wp-content\/uploads\/2022\/03\/Ping-an-Bild-90-g-1024x1024.png\" class=\"attachment-large size-large\" alt=\"\" loading=\"lazy\" srcset=\"https:\/\/wgt.ch\/wp-content\/uploads\/2022\/03\/Ping-an-Bild-90-g-1024x1024.png 1024w, https:\/\/wgt.ch\/wp-content\/uploads\/2022\/03\/Ping-an-Bild-90-g-300x300.png 300w, https:\/\/wgt.ch\/wp-content\/uploads\/2022\/03\/Ping-an-Bild-90-g-150x150.png 150w, https:\/\/wgt.ch\/wp-content\/uploads\/2022\/03\/Ping-an-Bild-90-g-1536x1536.png 1536w, https:\/\/wgt.ch\/wp-content\/uploads\/2022\/03\/Ping-an-Bild-90-g.png 2000w\" sizes=\"auto, (max-width: 1024px) 100vw, 1024px\" \/><\/a><\/div><\/div><\/div><div class=\"wpb_column vc_column_container\"><div class=\"vc_column-inner\"><div class=\"w-image align_none\"><a title=\"Bubble Tea\" href=\"https:\/\/wgt.ch\/it\/ping-an\/bubble-tea\/\" aria-label=\"Bubble Tea copyrights wgt.ch\" class=\"w-image-h\"><img decoding=\"async\" width=\"1024\" height=\"1024\" src=\"https:\/\/wgt.ch\/wp-content\/uploads\/2022\/06\/Bubble-Tea-copyrights-wgt.ch_-1024x1024.png\" class=\"attachment-large size-large\" alt=\"\" loading=\"lazy\" srcset=\"https:\/\/wgt.ch\/wp-content\/uploads\/2022\/06\/Bubble-Tea-copyrights-wgt.ch_-1024x1024.png 1024w, https:\/\/wgt.ch\/wp-content\/uploads\/2022\/06\/Bubble-Tea-copyrights-wgt.ch_-300x300.png 300w, https:\/\/wgt.ch\/wp-content\/uploads\/2022\/06\/Bubble-Tea-copyrights-wgt.ch_-150x150.png 150w, https:\/\/wgt.ch\/wp-content\/uploads\/2022\/06\/Bubble-Tea-copyrights-wgt.ch_-1536x1536.png 1536w, https:\/\/wgt.ch\/wp-content\/uploads\/2022\/06\/Bubble-Tea-copyrights-wgt.ch_.png 2000w\" sizes=\"auto, (max-width: 1024px) 100vw, 1024px\" \/><\/a><\/div><\/div><\/div><div class=\"wpb_column vc_column_container\"><div class=\"vc_column-inner\"><div class=\"w-image align_none\"><a title=\"Uova al t\u00e8\" href=\"https:\/\/wgt.ch\/it\/ping-an\/rezept-tee-eier\/\" aria-label=\"Finestra Uova al t\u00e8\" class=\"w-image-h\"><img decoding=\"async\" width=\"1024\" height=\"1024\" src=\"https:\/\/wgt.ch\/wp-content\/uploads\/2022\/05\/Finestra-Uova-al-te-1024x1024.png\" class=\"attachment-large size-large\" alt=\"\" loading=\"lazy\" srcset=\"https:\/\/wgt.ch\/wp-content\/uploads\/2022\/05\/Finestra-Uova-al-te-1024x1024.png 1024w, https:\/\/wgt.ch\/wp-content\/uploads\/2022\/05\/Finestra-Uova-al-te-300x300.png 300w, https:\/\/wgt.ch\/wp-content\/uploads\/2022\/05\/Finestra-Uova-al-te-150x150.png 150w, https:\/\/wgt.ch\/wp-content\/uploads\/2022\/05\/Finestra-Uova-al-te-1536x1536.png 1536w, https:\/\/wgt.ch\/wp-content\/uploads\/2022\/05\/Finestra-Uova-al-te.png 2000w\" sizes=\"auto, (max-width: 1024px) 100vw, 1024px\" \/><\/a><\/div><\/div><\/div><\/div><div class=\"g-cols wpb_row us_custom_e8d6fc10 via_grid cols_3 laptops-cols_inherit tablets-cols_inherit mobiles-cols_1 valign_top type_default stacking_default\" style=\"--columns-gap:3rem;\"><div class=\"wpb_column vc_column_container\"><div class=\"vc_column-inner\"><div class=\"w-image align_none\"><a title=\"Wu Ming-yi, Montagne e nuvole negli occhi\" href=\"https:\/\/wgt.ch\/it\/ping-an\/lesetipp-der-mann-mit-den-facettenaugen\/\" aria-label=\"Proposta lecture montagne e nuvole negli occhi\" class=\"w-image-h\"><img decoding=\"async\" width=\"1024\" height=\"1024\" src=\"https:\/\/wgt.ch\/wp-content\/uploads\/2022\/09\/Proposta-lecture-montagne-e-nuvole-negli-occhi-1024x1024.png\" class=\"attachment-large size-large\" alt=\"\" loading=\"lazy\" srcset=\"https:\/\/wgt.ch\/wp-content\/uploads\/2022\/09\/Proposta-lecture-montagne-e-nuvole-negli-occhi-1024x1024.png 1024w, https:\/\/wgt.ch\/wp-content\/uploads\/2022\/09\/Proposta-lecture-montagne-e-nuvole-negli-occhi-300x300.png 300w, https:\/\/wgt.ch\/wp-content\/uploads\/2022\/09\/Proposta-lecture-montagne-e-nuvole-negli-occhi-150x150.png 150w, https:\/\/wgt.ch\/wp-content\/uploads\/2022\/09\/Proposta-lecture-montagne-e-nuvole-negli-occhi-1536x1536.png 1536w, https:\/\/wgt.ch\/wp-content\/uploads\/2022\/09\/Proposta-lecture-montagne-e-nuvole-negli-occhi.png 2000w\" sizes=\"auto, (max-width: 1024px) 100vw, 1024px\" \/><\/a><\/div><\/div><\/div><div class=\"wpb_column vc_column_container\"><div class=\"vc_column-inner\"><div class=\"w-image align_none\"><a title=\"Il Padre Nostro in taiwanese\" href=\"https:\/\/wgt.ch\/it\/ping-an\/vaterunser-auf-taiwanisch\/\" aria-label=\"Il Padre Nostro in Taiwanese\" class=\"w-image-h\"><img decoding=\"async\" width=\"1024\" height=\"1024\" src=\"https:\/\/wgt.ch\/wp-content\/uploads\/2022\/11\/Il-Padre-Nostro-in-Taiwanese-1024x1024.jpg\" class=\"attachment-large size-large\" alt=\"\" loading=\"lazy\" srcset=\"https:\/\/wgt.ch\/wp-content\/uploads\/2022\/11\/Il-Padre-Nostro-in-Taiwanese-1024x1024.jpg 1024w, https:\/\/wgt.ch\/wp-content\/uploads\/2022\/11\/Il-Padre-Nostro-in-Taiwanese-300x300.jpg 300w, https:\/\/wgt.ch\/wp-content\/uploads\/2022\/11\/Il-Padre-Nostro-in-Taiwanese-150x150.jpg 150w, https:\/\/wgt.ch\/wp-content\/uploads\/2022\/11\/Il-Padre-Nostro-in-Taiwanese-1536x1536.jpg 1536w, https:\/\/wgt.ch\/wp-content\/uploads\/2022\/11\/Il-Padre-Nostro-in-Taiwanese.jpg 2000w\" sizes=\"auto, (max-width: 1024px) 100vw, 1024px\" \/><\/a><\/div><\/div><\/div><div class=\"wpb_column vc_column_container\"><div class=\"vc_column-inner\"><div class=\"w-image align_none\"><a title=\"Jimmy Liao: Una splendida notte stellata\" href=\"https:\/\/wgt.ch\/it\/ping-an\/die-sternennacht\/\" aria-label=\"Proposta di lettura una splendida notte stellata\" class=\"w-image-h\"><img decoding=\"async\" width=\"1024\" height=\"1024\" src=\"https:\/\/wgt.ch\/wp-content\/uploads\/2022\/11\/Proposta-di-lettura-una-splendida-notte-stellata-1024x1024.jpg\" class=\"attachment-large size-large\" alt=\"\" loading=\"lazy\" srcset=\"https:\/\/wgt.ch\/wp-content\/uploads\/2022\/11\/Proposta-di-lettura-una-splendida-notte-stellata-1024x1024.jpg 1024w, https:\/\/wgt.ch\/wp-content\/uploads\/2022\/11\/Proposta-di-lettura-una-splendida-notte-stellata-300x300.jpg 300w, https:\/\/wgt.ch\/wp-content\/uploads\/2022\/11\/Proposta-di-lettura-una-splendida-notte-stellata-150x150.jpg 150w, https:\/\/wgt.ch\/wp-content\/uploads\/2022\/11\/Proposta-di-lettura-una-splendida-notte-stellata-1536x1536.jpg 1536w, https:\/\/wgt.ch\/wp-content\/uploads\/2022\/11\/Proposta-di-lettura-una-splendida-notte-stellata.jpg 2000w\" sizes=\"auto, (max-width: 1024px) 100vw, 1024px\" \/><\/a><\/div><\/div><\/div><\/div><\/div><\/div><\/div><\/div><\/section>\n","protected":false},"excerpt":{"rendered":"{:de}Interessantes, Kurioses, Lesetipps, Medientipps\u2026 \u2013 das Fenster zu Taiwan soll einen Einblick in das Leben des WGT-Liturgie-Landes 2023 erm\u00f6glichen. In unregelm\u00e4ssigen Abst\u00e4nden werden neue Beitr\u00e4ge hinzukommen. Bitte auf die Bilder klicken. Interessantes, Kurioses, Lesetipps, Medientipps\u2026 \u2013 das Fenster zu Taiwan soll einen Einblick in das Leben auf dieser Insel vor der K\u00fcste Chinas erm\u00f6glichen. In...","protected":false},"author":5,"featured_media":0,"parent":0,"menu_order":43,"comment_status":"closed","ping_status":"closed","template":"","meta":{"_acf_changed":false,"footnotes":""},"class_list":["post-20717","page","type-page","status-publish","hentry"],"translation":{"provider":"WPGlobus","version":"3.0.2","language":"it","enabled_languages":["de","fr","it"],"languages":{"de":{"title":true,"content":true,"excerpt":false},"fr":{"title":true,"content":true,"excerpt":false},"it":{"title":true,"content":true,"excerpt":false}}},"acf":[],"_links":{"self":[{"href":"https:\/\/wgt.ch\/it\/wp-json\/wp\/v2\/pages\/20717","targetHints":{"allow":["GET"]}}],"collection":[{"href":"https:\/\/wgt.ch\/it\/wp-json\/wp\/v2\/pages"}],"about":[{"href":"https:\/\/wgt.ch\/it\/wp-json\/wp\/v2\/types\/page"}],"author":[{"embeddable":true,"href":"https:\/\/wgt.ch\/it\/wp-json\/wp\/v2\/users\/5"}],"replies":[{"embeddable":true,"href":"https:\/\/wgt.ch\/it\/wp-json\/wp\/v2\/comments?post=20717"}],"version-history":[{"count":117,"href":"https:\/\/wgt.ch\/it\/wp-json\/wp\/v2\/pages\/20717\/revisions"}],"predecessor-version":[{"id":24137,"href":"https:\/\/wgt.ch\/it\/wp-json\/wp\/v2\/pages\/20717\/revisions\/24137"}],"wp:attachment":[{"href":"https:\/\/wgt.ch\/it\/wp-json\/wp\/v2\/media?parent=20717"}],"curies":[{"name":"wp","href":"https:\/\/api.w.org\/{rel}","templated":true}]}}