{"id":20938,"date":"2022-05-16T18:26:28","date_gmt":"2022-05-16T16:26:28","guid":{"rendered":"https:\/\/wgt.ch\/?page_id=20938"},"modified":"2022-11-25T17:40:42","modified_gmt":"2022-11-25T16:40:42","slug":"wolken-ueber-taiwan","status":"publish","type":"page","link":"https:\/\/wgt.ch\/it\/ping-an\/wolken-ueber-taiwan\/","title":{"rendered":"Wolken \u00fcber Taiwan"},"content":{"rendered":"<section class=\"l-section wpb_row height_small\"><div class=\"l-section-h i-cf\"><div class=\"g-cols vc_row via_grid cols_1 laptops-cols_inherit tablets-cols_inherit mobiles-cols_1 valign_top type_default stacking_default\"><div class=\"wpb_column vc_column_container\"><div class=\"vc_column-inner\"><div class=\"g-cols wpb_row via_grid cols_2-1 laptops-cols_inherit tablets-cols_inherit mobiles-cols_1 valign_top type_default stacking_default\" style=\"--columns-gap:3rem;\"><div class=\"wpb_column vc_column_container\"><div class=\"vc_column-inner\"><div class=\"wpb_text_column\"><div class=\"wpb_wrapper\"><h2><strong>Wolken \u00fcber Taiwan<\/strong><\/h2>\n<h5>Notizen aus einem bedrohten Land<\/h5>\n<p>Dies ist der sinnige Titel eines soeben erschienenen Buches von <strong>Alice Gr\u00fcnfelder.<\/strong><\/p>\n<p>Die Sinologin verbrachte 2020 (im Pandemie-Jahr, in welchem die WGT-Liturgie f\u00fcr 2023 von taiwanischen Frauen vorbereitet wurde) einen 6\u2011monatigen Studienaufenthalt in Taiwan. Wie sie in dieser Zeit den Alltag, Land und Leute und auch vieles \u00fcber die Geschichte des Landes kennengelernt hat, beschreibt sie anschaulich in kurzen und l\u00e4ngeren Kapiteln von A (wie Abschied) bis Z (wie Zeichen).<br \/>\nAls Leserin begleite ich die Autorin auf Schritt und Tritt und bekomme dabei Einsicht in manches, was ich als Touristin nicht erfahren w\u00fcrde. Die Lekt\u00fcre ist wie eine Reise in das Land, aus dem wir die Weltgebetstags-Feier f\u00fcr 2023 mitbringen.<\/p>\n<p><strong>Wolken \u00fcber Taiwan. Notizen aus einem bedrohten Land<\/strong>, Alice Gr\u00fcnfelder, Rotpunktverlag ZH 2022, ISBN\u00a0978\u20113\u201185869\u2011943\u20115, gebunden, 260\u00a0Seiten<\/p>\n<\/div><\/div><\/div><\/div><div class=\"wpb_column vc_column_container\"><div class=\"vc_column-inner\"><div class=\"w-image align_none\"><div class=\"w-image-h\"><img decoding=\"async\" width=\"1024\" height=\"1024\" src=\"https:\/\/wgt.ch\/wp-content\/uploads\/2022\/05\/Wolken-ueber-Taiwan-1024x1024.png\" class=\"attachment-large size-large\" alt=\"\" loading=\"lazy\" srcset=\"https:\/\/wgt.ch\/wp-content\/uploads\/2022\/05\/Wolken-ueber-Taiwan-1024x1024.png 1024w, https:\/\/wgt.ch\/wp-content\/uploads\/2022\/05\/Wolken-ueber-Taiwan-300x300.png 300w, https:\/\/wgt.ch\/wp-content\/uploads\/2022\/05\/Wolken-ueber-Taiwan-150x150.png 150w, https:\/\/wgt.ch\/wp-content\/uploads\/2022\/05\/Wolken-ueber-Taiwan.png 1200w\" sizes=\"auto, (max-width: 1024px) 100vw, 1024px\" \/><\/div><\/div><\/div><\/div><\/div><div class=\"g-cols wpb_row via_grid cols_1 laptops-cols_inherit tablets-cols_inherit mobiles-cols_1 valign_top type_default stacking_default\" style=\"--columns-gap:3rem;\"><div class=\"wpb_column vc_column_container\"><div class=\"vc_column-inner\"><div class=\"wpb_text_column\"><div class=\"wpb_wrapper\"><h6><\/h6>\n<h6><strong>Lesung aus <em>Wolken \u00fcber Taiwan<\/em> mit der Autorin Alice Gr\u00fcnfelder:<\/strong><\/h6>\n<p>Dienstag, 17. Januar 2023, 19:00 \u2013 21:00 Uhr im <strong><a href=\"https:\/\/www.google.com\/maps\/place\/GZ+Hottingen+-+Z%C3%BCrcher+Gemeinschaftszentren\/@47.3694507,8.5562179,15z\/data=!4m5!3m4!1s0x0:0x8eead615264165c2!8m2!3d47.3694507!4d8.5562179\">GZ Hottigen, Gemeindestrasse 54, Z\u00fcrich<\/a>, <\/strong>Alice Gr\u00fcnfelder zu Gast beim Literaturfenster Hottingen.<\/p>\n<\/div><\/div><\/div><\/div><\/div><div class=\"w-separator size_medium\"><\/div><div class=\"wpb_text_column\"><div class=\"wpb_wrapper\"><h6><a href=\"https:\/\/wgt.ch\/wp-content\/uploads\/2022\/10\/Literatur-und-Medienliste-Taiwan-2023-10.9.22.pdf\" target=\"_blank\" rel=\"noopener\"><strong>Literatur und Medienliste.PDF<\/strong><\/a><\/h6>\n<\/div><\/div><\/div><\/div><\/div><\/div><\/section>\n","protected":false},"excerpt":{"rendered":"Wolken \u00fcber Taiwan Notizen aus einem bedrohten Land Dies ist der sinnige Titel eines soeben erschienenen Buches von Alice Gr\u00fcnfelder. Die Sinologin verbrachte 2020 (im Pandemie-Jahr, in welchem die WGT-Liturgie f\u00fcr 2023 von taiwanischen Frauen vorbereitet wurde) einen 6\u2011monatigen Studienaufenthalt in Taiwan. Wie sie in dieser Zeit den Alltag, Land und Leute und auch vieles...","protected":false},"author":5,"featured_media":0,"parent":21031,"menu_order":50,"comment_status":"closed","ping_status":"closed","template":"","meta":{"_acf_changed":false,"footnotes":""},"class_list":["post-20938","page","type-page","status-publish","hentry"],"translation":{"provider":"WPGlobus","version":"3.0.2","language":"it","enabled_languages":["de","fr","it"],"languages":{"de":{"title":true,"content":true,"excerpt":false},"fr":{"title":false,"content":false,"excerpt":false},"it":{"title":false,"content":false,"excerpt":false}}},"acf":[],"_links":{"self":[{"href":"https:\/\/wgt.ch\/it\/wp-json\/wp\/v2\/pages\/20938","targetHints":{"allow":["GET"]}}],"collection":[{"href":"https:\/\/wgt.ch\/it\/wp-json\/wp\/v2\/pages"}],"about":[{"href":"https:\/\/wgt.ch\/it\/wp-json\/wp\/v2\/types\/page"}],"author":[{"embeddable":true,"href":"https:\/\/wgt.ch\/it\/wp-json\/wp\/v2\/users\/5"}],"replies":[{"embeddable":true,"href":"https:\/\/wgt.ch\/it\/wp-json\/wp\/v2\/comments?post=20938"}],"version-history":[{"count":16,"href":"https:\/\/wgt.ch\/it\/wp-json\/wp\/v2\/pages\/20938\/revisions"}],"predecessor-version":[{"id":23365,"href":"https:\/\/wgt.ch\/it\/wp-json\/wp\/v2\/pages\/20938\/revisions\/23365"}],"up":[{"embeddable":true,"href":"https:\/\/wgt.ch\/it\/wp-json\/wp\/v2\/pages\/21031"}],"wp:attachment":[{"href":"https:\/\/wgt.ch\/it\/wp-json\/wp\/v2\/media?parent=20938"}],"curies":[{"name":"wp","href":"https:\/\/api.w.org\/{rel}","templated":true}]}}