{"id":21131,"date":"2022-07-13T13:28:14","date_gmt":"2022-07-13T11:28:14","guid":{"rendered":"https:\/\/wgt.ch\/?page_id=21131"},"modified":"2024-07-03T16:05:35","modified_gmt":"2024-07-03T14:05:35","slug":"logo","status":"publish","type":"page","link":"https:\/\/wgt.ch\/it\/ueber-uns\/logo\/","title":{"rendered":"Il logo della GMP"},"content":{"rendered":"<section class=\"l-section wpb_row height_small\"><div class=\"l-section-h i-cf\"><div class=\"g-cols vc_row via_grid cols_1 laptops-cols_inherit tablets-cols_inherit mobiles-cols_1 valign_top type_default stacking_default\"><div class=\"wpb_column vc_column_container\"><div class=\"vc_column-inner\"><h1 class=\"w-post-elm post_title align_center entry-title color_link_inherit\">Il logo della GMP<\/h1><\/div><\/div><\/div><\/div><\/section><section class=\"l-section wpb_row height_auto\"><div class=\"l-section-h i-cf\"><div class=\"g-cols vc_row via_grid cols_1 laptops-cols_inherit tablets-cols_inherit mobiles-cols_1 valign_top type_default stacking_default\"><div class=\"wpb_column vc_column_container\"><div class=\"vc_column-inner\"><div class=\"wpb_text_column\"><div class=\"wpb_wrapper\"><h6 style=\"text-align: center;\">Nuovo design da luglio 2022<\/h6>\n<\/div><\/div><div class=\"w-image align_center\"><a ref=\"magnificPopup\" href=\"https:\/\/wgt.ch\/wp-content\/uploads\/2022\/05\/signet_farbig.jpg\" aria-label=\"signet_farbig\" class=\"w-image-h\"><img decoding=\"async\" width=\"300\" height=\"300\" src=\"https:\/\/wgt.ch\/wp-content\/uploads\/2022\/05\/signet_farbig-300x300.jpg\" class=\"attachment-medium size-medium\" alt=\"{:de}WGT-CH-Logo 460 px{:}{:fr}JMP-CH-logo 460 px{:}{:it}GMP-CH-logo 460 px{:}\" loading=\"lazy\" srcset=\"https:\/\/wgt.ch\/wp-content\/uploads\/2022\/05\/signet_farbig-300x300.jpg 300w, https:\/\/wgt.ch\/wp-content\/uploads\/2022\/05\/signet_farbig-150x150.jpg 150w, https:\/\/wgt.ch\/wp-content\/uploads\/2022\/05\/signet_farbig.jpg 458w\" sizes=\"auto, (max-width: 300px) 100vw, 300px\" \/><\/a><\/div><\/div><\/div><\/div><\/div><\/section><section class=\"l-section wpb_row height_small\"><div class=\"l-section-h i-cf\"><div class=\"g-cols vc_row via_grid cols_4 laptops-cols_inherit tablets-cols_inherit mobiles-cols_1 valign_top type_default stacking_default\"><div class=\"wpb_column vc_column_container\"><div class=\"vc_column-inner\"><div class=\"wpb_text_column\"><div class=\"wpb_wrapper\"><p style=\"text-align: center;\">Punti cardinali<\/p>\n<\/div><\/div><div class=\"w-image align_center\"><div class=\"w-image-h\"><img decoding=\"async\" width=\"300\" height=\"300\" src=\"https:\/\/wgt.ch\/wp-content\/uploads\/2022\/05\/signet_einzelteile-02-300x300.png\" class=\"attachment-medium size-medium\" alt=\"\" loading=\"lazy\" srcset=\"https:\/\/wgt.ch\/wp-content\/uploads\/2022\/05\/signet_einzelteile-02-300x300.png 300w, https:\/\/wgt.ch\/wp-content\/uploads\/2022\/05\/signet_einzelteile-02-150x150.png 150w, https:\/\/wgt.ch\/wp-content\/uploads\/2022\/05\/signet_einzelteile-02.png 415w\" sizes=\"auto, (max-width: 300px) 100vw, 300px\" \/><\/div><\/div><\/div><\/div><div class=\"wpb_column vc_column_container\"><div class=\"vc_column-inner\"><div class=\"wpb_text_column\"><div class=\"wpb_wrapper\"><p style=\"text-align: center;\">Donna che prega<\/p>\n<\/div><\/div><div class=\"w-image align_center\"><div class=\"w-image-h\"><img decoding=\"async\" width=\"300\" height=\"300\" src=\"https:\/\/wgt.ch\/wp-content\/uploads\/2022\/05\/signet_einzelteile-03-300x300.png\" class=\"attachment-medium size-medium\" alt=\"\" loading=\"lazy\" srcset=\"https:\/\/wgt.ch\/wp-content\/uploads\/2022\/05\/signet_einzelteile-03-300x300.png 300w, https:\/\/wgt.ch\/wp-content\/uploads\/2022\/05\/signet_einzelteile-03-150x150.png 150w, https:\/\/wgt.ch\/wp-content\/uploads\/2022\/05\/signet_einzelteile-03.png 414w\" sizes=\"auto, (max-width: 300px) 100vw, 300px\" \/><\/div><\/div><\/div><\/div><div class=\"wpb_column vc_column_container\"><div class=\"vc_column-inner\"><div class=\"wpb_text_column\"><div class=\"wpb_wrapper\"><p style=\"text-align: center;\">La croce celtica<\/p>\n<\/div><\/div><div class=\"w-image align_center\"><div class=\"w-image-h\"><img decoding=\"async\" width=\"300\" height=\"300\" src=\"https:\/\/wgt.ch\/wp-content\/uploads\/2023\/04\/signet_einzelteile-04-kK-300x300.png\" class=\"attachment-medium size-medium\" alt=\"\" loading=\"lazy\" srcset=\"https:\/\/wgt.ch\/wp-content\/uploads\/2023\/04\/signet_einzelteile-04-kK-300x300.png 300w, https:\/\/wgt.ch\/wp-content\/uploads\/2023\/04\/signet_einzelteile-04-kK-150x150.png 150w, https:\/\/wgt.ch\/wp-content\/uploads\/2023\/04\/signet_einzelteile-04-kK.png 414w\" sizes=\"auto, (max-width: 300px) 100vw, 300px\" \/><\/div><\/div><\/div><\/div><div class=\"wpb_column vc_column_container\"><div class=\"vc_column-inner\"><div class=\"wpb_text_column\"><div class=\"wpb_wrapper\"><p style=\"text-align: center;\">Il globo<\/p>\n<\/div><\/div><div class=\"w-image align_center\"><div class=\"w-image-h\"><img decoding=\"async\" width=\"300\" height=\"300\" src=\"https:\/\/wgt.ch\/wp-content\/uploads\/2022\/05\/signet_einzelteile-05-300x300.png\" class=\"attachment-medium size-medium\" alt=\"\" loading=\"lazy\" srcset=\"https:\/\/wgt.ch\/wp-content\/uploads\/2022\/05\/signet_einzelteile-05-300x300.png 300w, https:\/\/wgt.ch\/wp-content\/uploads\/2022\/05\/signet_einzelteile-05-150x150.png 150w, https:\/\/wgt.ch\/wp-content\/uploads\/2022\/05\/signet_einzelteile-05.png 415w\" sizes=\"auto, (max-width: 300px) 100vw, 300px\" \/><\/div><\/div><\/div><\/div><\/div><\/div><\/section><section class=\"l-section wpb_row height_auto\"><div class=\"l-section-h i-cf\"><div class=\"g-cols vc_row via_grid cols_1 laptops-cols_inherit tablets-cols_inherit mobiles-cols_1 valign_top type_default stacking_default\"><div class=\"wpb_column vc_column_container\"><div class=\"vc_column-inner\"><div class=\"wpb_text_column\"><div class=\"wpb_wrapper\"><div class=\"wpb_text_column \">\n<div class=\"wpb_wrapper\">\n<div>\n<p>Le donne irlandesi hanno presentato un logo alla Conferenza internazionale in Germania nel 1982, immediatamente ben accolto per il suo significato e adottato dal Comitato internazionale. Il simbolo \u00e8 lo stesso per tutti i paesi, i colori possono tuttavia variare.<\/p>\n<p>Il logo mette in evidenza che le donne di tutte le confessioni cristiane pregano e agiscono le une per le altre nella Giornata mondiale di preghiera. La croce celtica indica che tutte partecipano alle esperienze di fede di cristiane di svariati paesi e diverse culture. Il globo terrestre simboleggia il movimento della\u00a0\u00a0 Giornata mondiale di preghiera che riunisce donne di culture e tradizioni differenti in profonda comprensione reciproca e solidariet\u00e0 concreta.<\/p>\n<\/div>\n<\/div>\n<\/div>\n<\/div><\/div><\/div><\/div><\/div><\/div><\/section><section class=\"l-section wpb_row height_small\"><div class=\"l-section-h i-cf\"><div class=\"g-cols vc_row via_grid cols_2 laptops-cols_inherit tablets-cols_inherit mobiles-cols_1 valign_top type_default stacking_default\"><div class=\"wpb_column vc_column_container\"><div class=\"vc_column-inner\"><div class=\"w-image align_center meta_simple\"><a ref=\"magnificPopup\" href=\"https:\/\/wgt.ch\/wp-content\/uploads\/2022\/05\/signet_farbig.jpg\" aria-label=\"signet_farbig\" class=\"w-image-h\"><img decoding=\"async\" width=\"300\" height=\"300\" src=\"https:\/\/wgt.ch\/wp-content\/uploads\/2022\/05\/signet_farbig-300x300.jpg\" class=\"attachment-medium size-medium\" alt=\"{:de}WGT-CH-Logo 460 px{:}{:fr}JMP-CH-logo 460 px{:}{:it}GMP-CH-logo 460 px{:}\" loading=\"lazy\" srcset=\"https:\/\/wgt.ch\/wp-content\/uploads\/2022\/05\/signet_farbig-300x300.jpg 300w, https:\/\/wgt.ch\/wp-content\/uploads\/2022\/05\/signet_farbig-150x150.jpg 150w, https:\/\/wgt.ch\/wp-content\/uploads\/2022\/05\/signet_farbig.jpg 458w\" sizes=\"auto, (max-width: 300px) 100vw, 300px\" \/><\/a><div class=\"w-image-meta\"><div class=\"w-image-title\">signet_farbig<\/div><\/div><\/div><\/div><\/div><div class=\"wpb_column vc_column_container\"><div class=\"vc_column-inner\"><div class=\"w-image align_center meta_simple\"><a ref=\"magnificPopup\" href=\"https:\/\/wgt.ch\/wp-content\/uploads\/2022\/11\/WGT-CH-Logo-transparent-352-px.png\" aria-label=\"WGT CH Logo transparent 352 px\" class=\"w-image-h\"><img decoding=\"async\" width=\"300\" height=\"300\" src=\"https:\/\/wgt.ch\/wp-content\/uploads\/2022\/11\/WGT-CH-Logo-transparent-352-px-300x300.png\" class=\"attachment-medium size-medium\" alt=\"{:de}WGT-CH Logo transparent 352 px{:}{:fr}JMP-CH Logo transparent 352 px{:}{:it}GMP-CH Logo trasparente 352 px{:}\" loading=\"lazy\" srcset=\"https:\/\/wgt.ch\/wp-content\/uploads\/2022\/11\/WGT-CH-Logo-transparent-352-px-300x300.png 300w, https:\/\/wgt.ch\/wp-content\/uploads\/2022\/11\/WGT-CH-Logo-transparent-352-px-150x150.png 150w, https:\/\/wgt.ch\/wp-content\/uploads\/2022\/11\/WGT-CH-Logo-transparent-352-px.png 352w\" sizes=\"auto, (max-width: 300px) 100vw, 300px\" \/><\/a><div class=\"w-image-meta\"><div class=\"w-image-title\">WGT CH Logo transparent 352 px<\/div><\/div><\/div><\/div><\/div><\/div><\/div><\/section>\n","protected":false},"excerpt":{"rendered":"{:de}Il logo della GMP Neues Design ab Juli 2022. Alle Himmelsrichtungen Betende Frau Keltisches Kreuz Erdkreis Die irischen Frauen pr\u00e4sentierten an der Internationalen Tagung in Deutschland 1982 ein Logo, das wegen der Aussagekraft sofort Anklang fand und vom Internationalen Komitee angenommen wurde. Die Symbolik ist f\u00fcr alle L\u00e4nder gleich, die Farben jedoch k\u00f6nnen variieren. Es...","protected":false},"author":5,"featured_media":0,"parent":265,"menu_order":92,"comment_status":"closed","ping_status":"closed","template":"","meta":{"_acf_changed":false,"footnotes":""},"class_list":["post-21131","page","type-page","status-publish","hentry"],"translation":{"provider":"WPGlobus","version":"3.0.2","language":"it","enabled_languages":["de","fr","it"],"languages":{"de":{"title":true,"content":true,"excerpt":false},"fr":{"title":true,"content":true,"excerpt":false},"it":{"title":true,"content":true,"excerpt":false}}},"acf":[],"_links":{"self":[{"href":"https:\/\/wgt.ch\/it\/wp-json\/wp\/v2\/pages\/21131","targetHints":{"allow":["GET"]}}],"collection":[{"href":"https:\/\/wgt.ch\/it\/wp-json\/wp\/v2\/pages"}],"about":[{"href":"https:\/\/wgt.ch\/it\/wp-json\/wp\/v2\/types\/page"}],"author":[{"embeddable":true,"href":"https:\/\/wgt.ch\/it\/wp-json\/wp\/v2\/users\/5"}],"replies":[{"embeddable":true,"href":"https:\/\/wgt.ch\/it\/wp-json\/wp\/v2\/comments?post=21131"}],"version-history":[{"count":43,"href":"https:\/\/wgt.ch\/it\/wp-json\/wp\/v2\/pages\/21131\/revisions"}],"predecessor-version":[{"id":34219,"href":"https:\/\/wgt.ch\/it\/wp-json\/wp\/v2\/pages\/21131\/revisions\/34219"}],"up":[{"embeddable":true,"href":"https:\/\/wgt.ch\/it\/wp-json\/wp\/v2\/pages\/265"}],"wp:attachment":[{"href":"https:\/\/wgt.ch\/it\/wp-json\/wp\/v2\/media?parent=21131"}],"curies":[{"name":"wp","href":"https:\/\/api.w.org\/{rel}","templated":true}]}}