{"id":21854,"date":"2022-09-27T15:24:05","date_gmt":"2022-09-27T13:24:05","guid":{"rendered":"https:\/\/wgt.ch\/?page_id=21854"},"modified":"2024-07-03T12:06:51","modified_gmt":"2024-07-03T10:06:51","slug":"downloads-taiwan-2023","status":"publish","type":"page","link":"https:\/\/wgt.ch\/it\/downloads-taiwan-2023\/","title":{"rendered":"Downloads Taiwan 2023"},"content":{"rendered":"<section class=\"l-section wpb_row height_small\"><div class=\"l-section-h i-cf\"><div class=\"g-cols vc_row via_grid cols_1 laptops-cols_inherit tablets-cols_inherit mobiles-cols_1 valign_top type_default stacking_default\"><div class=\"wpb_column vc_column_container\"><div class=\"vc_column-inner\"><h2 class=\"w-post-elm post_title entry-title color_link_inherit\">Downloads Taiwan 2023<\/h2><div class=\"w-separator size_small\"><\/div><div class=\"wpb_text_column\"><div class=\"wpb_wrapper\"><h3>Il frontespizio e il nuovo logo:<\/h3>\n<\/div><\/div><div class=\"g-cols wpb_row via_grid cols_3 laptops-cols_inherit tablets-cols_inherit mobiles-cols_1 valign_top type_default stacking_default\" style=\"--columns-gap:3rem;\"><div class=\"wpb_column vc_column_container\"><div class=\"vc_column-inner\"><div class=\"w-image align_none meta_simple\"><a ref=\"magnificPopup\" href=\"https:\/\/wgt.ch\/wp-content\/uploads\/2023\/01\/Titelbild_Taiwan_2023-\u00a9WDPIC.jpg\" aria-label=\"Titelbild_Taiwan_2023-\u00a9WDPIC\" class=\"w-image-h\"><img decoding=\"async\" width=\"150\" height=\"150\" src=\"https:\/\/wgt.ch\/wp-content\/uploads\/2023\/01\/Titelbild_Taiwan_2023-\u00a9WDPIC-150x150.jpg\" class=\"attachment-thumbnail size-thumbnail\" alt=\"{:de}Titelbild Taiwan 2023 \u00a9 WDPIC{:}{:fr}Image de couverture 2023 Ta\u00efwan \u00a9 WDPIC{:}{:it}Il frontespizio 2023 Taiwan \u00a9 WDPIC{:}\" loading=\"lazy\" \/><\/a><div class=\"w-image-meta\"><div class=\"w-image-title\">Titelbild_Taiwan_2023-\u00a9WDPIC<\/div><\/div><\/div><\/div><\/div><div class=\"wpb_column vc_column_container\"><div class=\"vc_column-inner\"><div class=\"w-image align_none meta_simple\"><a ref=\"magnificPopup\" href=\"https:\/\/wgt.ch\/wp-content\/uploads\/2022\/05\/signet_farbig.jpg\" aria-label=\"signet_farbig\" class=\"w-image-h\"><img decoding=\"async\" width=\"150\" height=\"150\" src=\"https:\/\/wgt.ch\/wp-content\/uploads\/2022\/05\/signet_farbig-150x150.jpg\" class=\"attachment-thumbnail size-thumbnail\" alt=\"{:de}WGT-CH-Logo 460 px{:}{:fr}JMP-CH-logo 460 px{:}{:it}GMP-CH-logo 460 px{:}\" loading=\"lazy\" srcset=\"https:\/\/wgt.ch\/wp-content\/uploads\/2022\/05\/signet_farbig-150x150.jpg 150w, https:\/\/wgt.ch\/wp-content\/uploads\/2022\/05\/signet_farbig-300x300.jpg 300w, https:\/\/wgt.ch\/wp-content\/uploads\/2022\/05\/signet_farbig.jpg 458w\" sizes=\"auto, (max-width: 150px) 100vw, 150px\" \/><\/a><div class=\"w-image-meta\"><div class=\"w-image-title\">signet_farbig<\/div><\/div><\/div><\/div><\/div><div class=\"wpb_column vc_column_container\"><div class=\"vc_column-inner\"><div class=\"w-image align_none meta_simple\"><a ref=\"magnificPopup\" href=\"https:\/\/wgt.ch\/wp-content\/uploads\/2022\/11\/WGT-CH-Logo-transparent-352-px.png\" aria-label=\"WGT CH Logo transparent 352 px\" class=\"w-image-h\"><img decoding=\"async\" width=\"150\" height=\"150\" src=\"https:\/\/wgt.ch\/wp-content\/uploads\/2022\/11\/WGT-CH-Logo-transparent-352-px-150x150.png\" class=\"attachment-thumbnail size-thumbnail\" alt=\"{:de}WGT-CH Logo transparent 352 px{:}{:fr}JMP-CH Logo transparent 352 px{:}{:it}GMP-CH Logo trasparente 352 px{:}\" loading=\"lazy\" srcset=\"https:\/\/wgt.ch\/wp-content\/uploads\/2022\/11\/WGT-CH-Logo-transparent-352-px-150x150.png 150w, https:\/\/wgt.ch\/wp-content\/uploads\/2022\/11\/WGT-CH-Logo-transparent-352-px-300x300.png 300w, https:\/\/wgt.ch\/wp-content\/uploads\/2022\/11\/WGT-CH-Logo-transparent-352-px.png 352w\" sizes=\"auto, (max-width: 150px) 100vw, 150px\" \/><\/a><div class=\"w-image-meta\"><div class=\"w-image-title\">WGT CH Logo transparent 352 px<\/div><\/div><\/div><\/div><\/div><\/div><div class=\"w-separator size_medium\"><\/div><div class=\"wpb_text_column\"><div class=\"wpb_wrapper\"><h3>Comunicato stampa:<\/h3>\n<\/div><\/div><div class=\"w-btn-wrapper align_none\"><a class=\"w-btn us-btn-style_2\" target=\" _blank\" rel=\"nofollow\" href=\"https:\/\/wgt.ch\/wp-content\/uploads\/2023\/01\/Comunicato-stampa-GMP-Taiwan-2023-italiano.pdf\"><span class=\"w-btn-label\">Comunicato stampa GMP Taiwan 2023.pdf<\/span><\/a><\/div><div class=\"w-btn-wrapper align_none\"><a class=\"w-btn us-btn-style_2\" target=\" _blank\" rel=\"nofollow\" href=\"https:\/\/wgt.ch\/wp-content\/uploads\/2023\/01\/Comunicato-stampa-GMP-Taiwan-2023-italiano.docx\"><span class=\"w-btn-label\">Comunicato stampa GMP Taiwan 2023.docx<\/span><\/a><\/div><div class=\"w-separator size_medium\"><\/div><div class=\"wpb_text_column\"><div class=\"wpb_wrapper\"><h3>Studio biblico<\/h3>\n<\/div><\/div><div class=\"wpb_text_column\"><div class=\"wpb_wrapper\"><h4>La redattrice D\u00e9sir\u00e9e Bergauer-Dippenaar<\/h4>\n<p>Per la liturgia di Taiwan, la pastora D\u00e9sir\u00e9e Bergauer-Dippenaar ha preparato un lavoro approfondito sul testo biblico dalla Lettera agli Efesini 1, 15-19a. \u00c8 la prima volta che si \u00e8 occupata della redazione dello studio biblico per la Giornata mondiale di preghiera.<\/p>\n<p>Oltre all&#8217;attivit\u00e0 nella sua parrocchia a Untervaz, D\u00e9sir\u00e9e Bergauer collabora attivamente all&#8217;organizzazione della GMP nei Grigioni e degli incontri regionali a Coira. \u00c8 nata in una famiglia di missionari a Taiwan e nel suo studio biblico ci porta con s\u00e9 in un viaggio di scoperta. Con uno stile tutto taiwanese, riesce a mettere in relazione esperienze della vita di tutti i giorni con le conoscenze bibliche e di fede, permettendo cos\u00ec di avvicinarci alla Parola della Bibbia tramite delle riflessioni approfondite su un ideogramma cinese.<\/p>\n<\/div><\/div><div class=\"w-btn-wrapper align_none\"><a class=\"w-btn us-btn-style_2\" target=\" _blank\" rel=\"nofollow\" href=\"https:\/\/wgt.ch\/wp-content\/uploads\/2022\/11\/00-Studio-biblico-Redattrice.pdf\"><span class=\"w-btn-label\">00 Studio biblico Redattrice.pdf<\/span><\/a><\/div><div class=\"w-btn-wrapper align_none\"><a class=\"w-btn us-btn-style_2\" target=\" _blank\" rel=\"nofollow\" href=\"https:\/\/wgt.ch\/wp-content\/uploads\/2022\/11\/01-Studio-biblico-Svolgimento.pdf\"><span class=\"w-btn-label\">01 Studio biblico Svolgimento.pdf<\/span><\/a><\/div><div class=\"w-btn-wrapper align_none\"><a class=\"w-btn us-btn-style_2\" target=\" _blank\" rel=\"nofollow\" href=\"https:\/\/wgt.ch\/wp-content\/uploads\/2022\/11\/02-Studio-biblico-Testo-biblico.pdf\"><span class=\"w-btn-label\">02 Studio biblico Testo biblico.pdf<\/span><\/a><\/div><div class=\"w-btn-wrapper align_none\"><a class=\"w-btn us-btn-style_2\" target=\" _blank\" rel=\"nofollow\" href=\"https:\/\/wgt.ch\/wp-content\/uploads\/2022\/11\/03-Studio-biblico-Testo-biblico-Cinese.pdf\"><span class=\"w-btn-label\">03 Studio biblico Testo biblico Cinese.pdf<\/span><\/a><\/div><div class=\"w-btn-wrapper align_none\"><a class=\"w-btn us-btn-style_2\" target=\" _blank\" rel=\"nofollow\" href=\"https:\/\/wgt.ch\/wp-content\/uploads\/2022\/11\/04-Studio-biblicoInformazioni-Lettera-agli-Efesini-Ideogrammi.pdf\"><span class=\"w-btn-label\">04 Studio biblicoInformazioni Lettera agli Efesini Ideogrammi.pdf<\/span><\/a><\/div><div class=\"w-btn-wrapper align_none\"><a class=\"w-btn us-btn-style_2\" target=\" _blank\" rel=\"nofollow\" href=\"https:\/\/wgt.ch\/wp-content\/uploads\/2022\/11\/05-Studio-biblico-Ideogramma-Udire.pdf\"><span class=\"w-btn-label\">05 Studio biblico Ideogramma Udire.pdf<\/span><\/a><\/div><div class=\"w-btn-wrapper align_none\"><a class=\"w-btn us-btn-style_2\" target=\" _blank\" rel=\"nofollow\" href=\"https:\/\/wgt.ch\/wp-content\/uploads\/2022\/11\/06-Studio-biblico-Caratteri-ting-da-scaricare.pdf\"><span class=\"w-btn-label\">06 Studio biblico Caratteri ting da scaricare.pdf<\/span><\/a><\/div><div class=\"w-btn-wrapper align_none\"><a class=\"w-btn us-btn-style_2\" target=\" _blank\" rel=\"nofollow\" href=\"https:\/\/wgt.ch\/wp-content\/uploads\/2022\/11\/07-Studio-biblico-Approfondimento.pdf\"><span class=\"w-btn-label\">07 Studio biblico Approfondimento.pdf<\/span><\/a><\/div><div class=\"w-btn-wrapper align_none\"><a class=\"w-btn us-btn-style_2\" target=\" _blank\" rel=\"nofollow\" href=\"https:\/\/wgt.ch\/wp-content\/uploads\/2022\/11\/08-Studio-biblico-Ideogramma-Gesu-Pace-Grazie.pdf\"><span class=\"w-btn-label\">08 Studio biblico Ideogramma Gesu\u0300 Pace Grazie.pdf<\/span><\/a><\/div><div class=\"w-btn-wrapper align_none\"><a class=\"w-btn us-btn-style_2\" target=\" _blank\" rel=\"nofollow\" href=\"https:\/\/wgt.ch\/wp-content\/uploads\/2022\/11\/09-Studio-biblico-Padre-Nostro-Taiwanese.pdf\"><span class=\"w-btn-label\">09 Studio biblico Padre Nostro Taiwanese.pdf<\/span><\/a><\/div><div class=\"w-separator size_medium\"><\/div><div class=\"g-cols wpb_row via_grid cols_2-1 laptops-cols_inherit tablets-cols_inherit mobiles-cols_1 valign_top type_default stacking_default\" style=\"--columns-gap:3rem;\"><div class=\"wpb_column vc_column_container\"><div class=\"vc_column-inner\"><div class=\"wpb_text_column\"><div class=\"wpb_wrapper\"><h3>Il Padre Nostro in taiwanese:<\/h3>\n<p>https:\/\/wgt.ch\/wp-content\/uploads\/2022\/10\/the_Lords_prayer_in_Taiwanese.mp3<\/p>\n<\/div><\/div><div class=\"w-btn-wrapper align_none\"><a class=\"w-btn us-btn-style_2\" target=\" _blank\" rel=\"nofollow\" href=\"https:\/\/wgt.ch\/wp-content\/uploads\/2022\/10\/the_Lords_prayer_in_Taiwanese.mp3\"><span class=\"w-btn-label\">File audio: Il Padre Nostro in taiwanese per il download \u2013 cliccare<\/span><\/a><\/div><div class=\"w-separator size_small\"><\/div><div class=\"wpb_text_column\"><div class=\"wpb_wrapper\"><h3>Il Padre Nostro come \u00abPraise Dance\u00bb:<\/h3>\n<\/div><\/div><div class=\"w-btn-wrapper align_none\"><a class=\"w-btn us-btn-style_2\" target=\" _blank\" rel=\"nofollow\" href=\"http:\/\/www.youtube.com\/watch?v=jbmf4gDzyBg\"><span class=\"w-btn-label\">www.youtube.com\/watch?v=jbmf4gDzyBg 1:59 in una celebrazione<\/span><\/a><\/div><div class=\"w-btn-wrapper align_none\"><a class=\"w-btn us-btn-style_2\" target=\" _blank\" rel=\"nofollow\" href=\"http:\/\/www.youtube.com\/watch?v=vV5lve-FA8E\"><span class=\"w-btn-label\">www.youtube.com\/watch?v=vV5lve-FA8E 3:32 due passaggi: guardare &#8211; partecipare<\/span><\/a><\/div><\/div><\/div><div class=\"wpb_column vc_column_container\"><div class=\"vc_column-inner\"><div class=\"w-image align_none\"><a title=\"Il Padre Nostro in taiwanese\" href=\"https:\/\/wgt.ch\/it\/downloads-taiwan-2023\/vaterunser-auf-taiwanisch\/\" aria-label=\"Il Padre Nostro in Taiwanese\" class=\"w-image-h\"><img decoding=\"async\" width=\"1024\" height=\"1024\" src=\"https:\/\/wgt.ch\/wp-content\/uploads\/2022\/11\/Il-Padre-Nostro-in-Taiwanese-1024x1024.jpg\" class=\"attachment-large size-large\" alt=\"\" loading=\"lazy\" srcset=\"https:\/\/wgt.ch\/wp-content\/uploads\/2022\/11\/Il-Padre-Nostro-in-Taiwanese-1024x1024.jpg 1024w, https:\/\/wgt.ch\/wp-content\/uploads\/2022\/11\/Il-Padre-Nostro-in-Taiwanese-300x300.jpg 300w, https:\/\/wgt.ch\/wp-content\/uploads\/2022\/11\/Il-Padre-Nostro-in-Taiwanese-150x150.jpg 150w, https:\/\/wgt.ch\/wp-content\/uploads\/2022\/11\/Il-Padre-Nostro-in-Taiwanese-1536x1536.jpg 1536w, https:\/\/wgt.ch\/wp-content\/uploads\/2022\/11\/Il-Padre-Nostro-in-Taiwanese.jpg 2000w\" sizes=\"auto, (max-width: 1024px) 100vw, 1024px\" \/><\/a><\/div><\/div><\/div><\/div><div class=\"w-separator size_medium\"><\/div><div class=\"wpb_text_column\"><div class=\"wpb_wrapper\"><h3><a href=\"https:\/\/wgt.ch\/it\/projekte\/projekte-2023-taiwan\/\" target=\"_blank\" rel=\"noopener\">Progetti 2023 Taiwan<\/a><\/h3>\n<\/div><\/div><div class=\"w-btn-wrapper align_none\"><a class=\"w-btn us-btn-style_2\" title=\"Progetti 2023 Taiwan\" href=\"https:\/\/wgt.ch\/it\/projekte\/projekte-2023-taiwan\/\"><span class=\"w-btn-label\">Le descrizioni dei progetti per Taiwan 2023 sono disponibili qui<\/span><\/a><\/div><div class=\"w-separator size_medium\"><\/div><div class=\"wpb_text_column\"><div class=\"wpb_wrapper\"><h3>Materiale per la preparazione della celebrazione:<\/h3>\n<\/div><\/div><div class=\"w-btn-wrapper align_none\"><a class=\"w-btn us-btn-style_2\" target=\" _blank\" rel=\"nofollow\" href=\"https:\/\/wgt.ch\/wp-content\/uploads\/2022\/09\/GMP-Taiwan-2023-liturgia-struttura.pdf\"><span class=\"w-btn-label\">GMP-Taiwan-2023-liturgia-struttura.pdf<\/span><\/a><\/div><div class=\"w-btn-wrapper align_none\"><a class=\"w-btn us-btn-style_2\" target=\" _blank\" rel=\"nofollow\" href=\"https:\/\/wgt.ch\/wp-content\/uploads\/2022\/09\/GMP-Taiwan-2023-liturgia-struttura.docx\"><span class=\"w-btn-label\">GMP-Taiwan-2023-liturgia-struttura.docx<\/span><\/a><\/div><div class=\"w-separator size_medium with_line width_default thick_1 style_solid color_border align_center\"><div class=\"w-separator-h\"><\/div><\/div><div class=\"w-btn-wrapper align_none\"><a class=\"w-btn us-btn-style_2\" title=\"Downloads Taiwan 2023\" href=\"https:\/\/wgt.ch\/downloads-taiwan-2023\/\"><span class=\"w-btn-label\">Altri download in tedesco sotto DE<\/span><\/a><\/div><div class=\"w-btn-wrapper align_none\"><a class=\"w-btn us-btn-style_2\" title=\"Celebrazione 2023 Taiwan\" href=\"https:\/\/wgt.ch\/it\/feiern\/2023-taiwan\/\"><span class=\"w-btn-label\">Celebrazione 2023 Taiwan<\/span><\/a><\/div><div class=\"w-btn-wrapper align_none\"><a class=\"w-btn us-btn-style_2\" title=\"Finestra su Taiwan\" href=\"https:\/\/wgt.ch\/it\/fenster-zu-taiwan\/\"><span class=\"w-btn-label\">Finestra su Taiwan<\/span><\/a><\/div><div class=\"w-separator size_large\"><\/div><\/div><\/div><\/div><\/div><\/section>\n","protected":false},"excerpt":{"rendered":"{:de}Downloads Taiwan 2023 Titelbild und neues Logo: Zum Herunterladen anklicken, dann mit rechter Maustaste \u00abBild speichern unter\u00bb anw\u00e4hlen. Titelbild_Taiwan_2023-\u00a9WDPICsignet_farbigWGT CH Logo transparent 352 px Pressetexte: Pressetext WGT Taiwan 2023 deutsch.pdfPressetext WGT Taiwan 2023 deutsch.docx Portr\u00e4ts verschiedener Taiwanerinnen: Portr\u00e4ts verschiedener Taiwanerinnen finden Sie hier Kreative Ideen: Verschiedene Puzzle Vorlagen.pdfHerstellung Kopfkranz.pdfSchmetterlinge basteln.pdfDrachenboot.pdf Feiern mit Kindern: Hinf\u00fchrung Epheser...","protected":false},"author":5,"featured_media":0,"parent":0,"menu_order":31,"comment_status":"closed","ping_status":"closed","template":"","meta":{"_acf_changed":false,"footnotes":""},"class_list":["post-21854","page","type-page","status-publish","hentry"],"translation":{"provider":"WPGlobus","version":"3.0.2","language":"it","enabled_languages":["de","fr","it"],"languages":{"de":{"title":true,"content":true,"excerpt":false},"fr":{"title":true,"content":true,"excerpt":false},"it":{"title":true,"content":true,"excerpt":false}}},"acf":[],"_links":{"self":[{"href":"https:\/\/wgt.ch\/it\/wp-json\/wp\/v2\/pages\/21854","targetHints":{"allow":["GET"]}}],"collection":[{"href":"https:\/\/wgt.ch\/it\/wp-json\/wp\/v2\/pages"}],"about":[{"href":"https:\/\/wgt.ch\/it\/wp-json\/wp\/v2\/types\/page"}],"author":[{"embeddable":true,"href":"https:\/\/wgt.ch\/it\/wp-json\/wp\/v2\/users\/5"}],"replies":[{"embeddable":true,"href":"https:\/\/wgt.ch\/it\/wp-json\/wp\/v2\/comments?post=21854"}],"version-history":[{"count":109,"href":"https:\/\/wgt.ch\/it\/wp-json\/wp\/v2\/pages\/21854\/revisions"}],"predecessor-version":[{"id":34164,"href":"https:\/\/wgt.ch\/it\/wp-json\/wp\/v2\/pages\/21854\/revisions\/34164"}],"wp:attachment":[{"href":"https:\/\/wgt.ch\/it\/wp-json\/wp\/v2\/media?parent=21854"}],"curies":[{"name":"wp","href":"https:\/\/api.w.org\/{rel}","templated":true}]}}