{"id":23304,"date":"2022-11-24T23:50:40","date_gmt":"2022-11-24T22:50:40","guid":{"rendered":"https:\/\/wgt.ch\/?page_id=23304"},"modified":"2022-11-25T00:25:10","modified_gmt":"2022-11-24T23:25:10","slug":"die-sternennacht","status":"publish","type":"page","link":"https:\/\/wgt.ch\/it\/ping-an\/die-sternennacht\/","title":{"rendered":"Die Sternennacht"},"content":{"rendered":"<section class=\"l-section wpb_row height_small\"><div class=\"l-section-h i-cf\"><div class=\"g-cols vc_row via_grid cols_2-1 laptops-cols_inherit tablets-cols_inherit mobiles-cols_1 valign_top type_default stacking_default\"><div class=\"wpb_column vc_column_container\"><div class=\"vc_column-inner\"><div class=\"wpb_text_column\"><div class=\"wpb_wrapper\"><h3>Jimmy Liao: Una splendida notte stellata<\/h3>\n<p>Jimmy Liao nasce a Taipei. Nel 1998, all\u2019et\u00e0 di 40 anni, pubblica le sue prime opere, diventando in poco tempo il pi\u00f9 famoso autore di libri illustrati in Asia. Non a caso comincia a disegnare e a combinare le sue illustrazioni con le parole; infatti la sua vita professionale prende una svolta quando gli viene diagnosticata una leucemia ed \u00e8 costretto a trascorrere un lungo periodo all\u2019ospedale. Fin dall\u2019inizio nelle sue opere emergono tematiche profonde come la precariet\u00e0 della vita, la solitudine, la malinconia e la fragilit\u00e0 accompagnate da bellissime immagini.<br \/>\nI suoi libri sono stati adattati per film, opere teatrali e televisione.<\/p>\n<p>Il\u00a0 libro \u00e8 indirizzato ai bambini ma riesce ad affascinare e far riflettere anche i grandi. Il racconto sulla crescita e sull\u2019amicizia \u00e8 corredato da immagini poetici.<\/p>\n<h5>Descrizione<\/h5>\n<p>Una ragazzina, quando le viene a mancare il nonno tanto amato, si rifugia nell\u2019immaginazione e nella solitudine. Tutto cambia quando conosce un nuovo compagno di scuola, anche lui infelice, considerato strano dagli altri, con genitori assenti, cresciuto senza affetto. Isolati dai coetanei i due impareranno ad amare e godere la natura, a confidarsi e a condividere mondi magici. Un giorno decidono la fuga, di lasciare dietro di loro la citt\u00e0, le difficolt\u00e0 familiari, la scuola che significa pressione. Il loro viaggio li porta nelle montagne, ai luoghi che la ragazza conosce dai primi anni di vita trascorsi dai nonni nel frattempo morti. In una notte i due osservano il cielo stellato pi\u00f9 bello. Tornati\u00a0 a casa, la ragazza deve trascorrere un periodo in ospedale e al rientro a scuola scopre che l\u2019amico ha trasloccato e lasciato la citt\u00e0. Non lo rivedr\u00e0 mai pi\u00f9 ma la ricchezza del vissuto mitiga la tristezza: \u00ab\u2026ricorder\u00f2 sempre quell\u2019estate e il suo cielo stellato, cos\u00ec splendente solitario\u00bb.<\/p>\n<p>Autore: \u00a0Jimmy Liao<br \/>\nTraduttrice: \u00a0Silvia Torchio<br \/>\nEditore: \u00a0EGA-Edizioni Gruppo Abele<br \/>\nCollana: \u00a0I bulbi dei piccoli<\/p>\n<\/div><\/div><\/div><\/div><div class=\"wpb_column vc_column_container\"><div class=\"vc_column-inner\"><div class=\"w-image align_none\"><div class=\"w-image-h\"><img decoding=\"async\" width=\"577\" height=\"781\" src=\"https:\/\/wgt.ch\/wp-content\/uploads\/2022\/11\/una-splendida-notte-stellata.jpg\" class=\"attachment-large size-large\" alt=\"\" loading=\"lazy\" srcset=\"https:\/\/wgt.ch\/wp-content\/uploads\/2022\/11\/una-splendida-notte-stellata.jpg 577w, https:\/\/wgt.ch\/wp-content\/uploads\/2022\/11\/una-splendida-notte-stellata-222x300.jpg 222w\" sizes=\"auto, (max-width: 577px) 100vw, 577px\" \/><\/div><\/div><\/div><\/div><\/div><\/div><\/section>\n","protected":false},"excerpt":{"rendered":"{:de} Jimmy Liao: Die Sternennacht Jimmy Liao, geboren in Taipeh, ver\u00f6ffentlichte 1998 im Alter von 40\u00a0Jahren seine ersten Werke und wurde innert k\u00fcrzester Zeit zum ber\u00fchmtesten Bilderbuchautor Asiens. Es war kein Zufall, dass er anfing zu zeichnen und seine Illustrationen mit Worten zu verbinden: sein berufliches Leben nahm n\u00e4mlich eine Wende, als bei ihm Leuk\u00e4mie...","protected":false},"author":5,"featured_media":0,"parent":21031,"menu_order":37,"comment_status":"closed","ping_status":"closed","template":"","meta":{"_acf_changed":false,"footnotes":""},"class_list":["post-23304","page","type-page","status-publish","hentry"],"translation":{"provider":"WPGlobus","version":"3.0.2","language":"it","enabled_languages":["de","fr","it"],"languages":{"de":{"title":true,"content":true,"excerpt":false},"fr":{"title":false,"content":true,"excerpt":false},"it":{"title":false,"content":true,"excerpt":false}}},"acf":[],"_links":{"self":[{"href":"https:\/\/wgt.ch\/it\/wp-json\/wp\/v2\/pages\/23304","targetHints":{"allow":["GET"]}}],"collection":[{"href":"https:\/\/wgt.ch\/it\/wp-json\/wp\/v2\/pages"}],"about":[{"href":"https:\/\/wgt.ch\/it\/wp-json\/wp\/v2\/types\/page"}],"author":[{"embeddable":true,"href":"https:\/\/wgt.ch\/it\/wp-json\/wp\/v2\/users\/5"}],"replies":[{"embeddable":true,"href":"https:\/\/wgt.ch\/it\/wp-json\/wp\/v2\/comments?post=23304"}],"version-history":[{"count":10,"href":"https:\/\/wgt.ch\/it\/wp-json\/wp\/v2\/pages\/23304\/revisions"}],"predecessor-version":[{"id":23317,"href":"https:\/\/wgt.ch\/it\/wp-json\/wp\/v2\/pages\/23304\/revisions\/23317"}],"up":[{"embeddable":true,"href":"https:\/\/wgt.ch\/it\/wp-json\/wp\/v2\/pages\/21031"}],"wp:attachment":[{"href":"https:\/\/wgt.ch\/it\/wp-json\/wp\/v2\/media?parent=23304"}],"curies":[{"name":"wp","href":"https:\/\/api.w.org\/{rel}","templated":true}]}}