{"id":27468,"date":"2023-06-26T22:32:57","date_gmt":"2023-06-26T20:32:57","guid":{"rendered":"https:\/\/wgt.ch\/?page_id=27468"},"modified":"2024-07-03T10:15:03","modified_gmt":"2024-07-03T08:15:03","slug":"fenster-zu-palaestina-s","status":"publish","type":"page","link":"https:\/\/wgt.ch\/it\/fenster-zu-palaestina-s\/","title":{"rendered":"Finestra sulla Palestina"},"content":{"rendered":"<section class=\"l-section wpb_row height_small\"><div class=\"l-section-h i-cf\"><div class=\"g-cols vc_row via_grid cols_1 laptops-cols_inherit tablets-cols_inherit mobiles-cols_1 valign_top type_default stacking_default\"><div class=\"wpb_column vc_column_container\"><div class=\"vc_column-inner\"><h2 class=\"w-post-elm post_title entry-title color_link_inherit\">Finestra sulla Palestina<\/h2><\/div><\/div><\/div><\/div><\/section><section class=\"l-section wpb_row height_small\"><div class=\"l-section-h i-cf\"><div class=\"g-cols vc_row via_grid cols_1 laptops-cols_inherit tablets-cols_inherit mobiles-cols_1 valign_top type_default stacking_default\"><div class=\"wpb_column vc_column_container\"><div class=\"vc_column-inner\"><div class=\"wpb_text_column\"><div class=\"wpb_wrapper\"><\/div><\/div><div class=\"wpb_text_column\"><div class=\"wpb_wrapper\"><p>Vi accogliamo calorosamente a questo primo contatto con la liturgia e il popolo della Palestina.<br \/>\nShukran &#8211; un sentito grazie, a voi, che sin d\u2019ora vi addentrate nella preparazione di una buona base per la celebrazione della Giornata mondiale di preghiera del 1\u00b0 marzo 2024.<\/p>\n<p>Saalam &#8211; la pace sia con noi tutte e tutti.<\/p>\n<\/div><\/div><\/div><\/div><\/div><\/div><\/section><section class=\"l-section wpb_row height_small\"><div class=\"l-section-h i-cf\"><div class=\"g-cols vc_row via_grid cols_1 laptops-cols_inherit tablets-cols_inherit mobiles-cols_1 valign_top type_default stacking_default\"><div class=\"wpb_column vc_column_container\"><div class=\"vc_column-inner\"><div class=\"g-cols wpb_row us_custom_e2773608 via_grid cols_3 laptops-cols_inherit tablets-cols_inherit mobiles-cols_1 valign_top type_default stacking_default\" style=\"--columns-gap:3rem;\"><div class=\"wpb_column vc_column_container\"><div class=\"vc_column-inner\"><div class=\"w-image align_none\"><a title=\"Il frontespizio 2024 Palestina\" href=\"https:\/\/wgt.ch\/fenster-zu-palaestina-s\/titelbild-2024-palaestina\/\" aria-label=\"Finistra Il frontespizio 2024 Palestina\" class=\"w-image-h\"><img decoding=\"async\" width=\"1024\" height=\"1024\" src=\"https:\/\/wgt.ch\/wp-content\/uploads\/2023\/07\/Finistra-Il-frontespizio-2024-Palestina-1024x1024.jpg\" class=\"attachment-large size-large\" alt=\"\" loading=\"lazy\" srcset=\"https:\/\/wgt.ch\/wp-content\/uploads\/2023\/07\/Finistra-Il-frontespizio-2024-Palestina-1024x1024.jpg 1024w, https:\/\/wgt.ch\/wp-content\/uploads\/2023\/07\/Finistra-Il-frontespizio-2024-Palestina-300x300.jpg 300w, https:\/\/wgt.ch\/wp-content\/uploads\/2023\/07\/Finistra-Il-frontespizio-2024-Palestina-150x150.jpg 150w, https:\/\/wgt.ch\/wp-content\/uploads\/2023\/07\/Finistra-Il-frontespizio-2024-Palestina-1536x1536.jpg 1536w, https:\/\/wgt.ch\/wp-content\/uploads\/2023\/07\/Finistra-Il-frontespizio-2024-Palestina.jpg 2000w\" sizes=\"auto, (max-width: 1024px) 100vw, 1024px\" \/><\/a><\/div><\/div><\/div><div class=\"wpb_column vc_column_container\"><div class=\"vc_column-inner\"><div class=\"w-image align_none\"><a title=\"Peace Ribbon \u2013 Essere partecipi del \u00abNastro della pace\u00bb \" href=\"https:\/\/wgt.ch\/it\/fenster-zu-palaestina-s\/peace-ribbon\/\" aria-label=\"Fenster Peace Ribbon gold\" class=\"w-image-h\"><img decoding=\"async\" width=\"1024\" height=\"1024\" src=\"https:\/\/wgt.ch\/wp-content\/uploads\/2023\/06\/Fenster-Peace-Ribbon-gold-1024x1024.jpg\" class=\"attachment-large size-large\" alt=\"\" loading=\"lazy\" srcset=\"https:\/\/wgt.ch\/wp-content\/uploads\/2023\/06\/Fenster-Peace-Ribbon-gold-1024x1024.jpg 1024w, https:\/\/wgt.ch\/wp-content\/uploads\/2023\/06\/Fenster-Peace-Ribbon-gold-300x300.jpg 300w, https:\/\/wgt.ch\/wp-content\/uploads\/2023\/06\/Fenster-Peace-Ribbon-gold-150x150.jpg 150w, https:\/\/wgt.ch\/wp-content\/uploads\/2023\/06\/Fenster-Peace-Ribbon-gold-1536x1536.jpg 1536w, https:\/\/wgt.ch\/wp-content\/uploads\/2023\/06\/Fenster-Peace-Ribbon-gold.jpg 2001w\" sizes=\"auto, (max-width: 1024px) 100vw, 1024px\" \/><\/a><\/div><\/div><\/div><div class=\"wpb_column vc_column_container\"><div class=\"vc_column-inner\"><div class=\"w-image align_none\"><a title=\"Un saluto di accoglienza tradizionale\" href=\"https:\/\/wgt.ch\/it\/fenster-zu-palaestina-s\/ein-traditioneller-willkommensgruss\/\" aria-label=\"Saluto accoglienza tradizionale\" class=\"w-image-h\"><img decoding=\"async\" width=\"1024\" height=\"1024\" src=\"https:\/\/wgt.ch\/wp-content\/uploads\/2023\/07\/Saluto-accoglienza-tradizionale-1024x1024.jpg\" class=\"attachment-large size-large\" alt=\"\" loading=\"lazy\" srcset=\"https:\/\/wgt.ch\/wp-content\/uploads\/2023\/07\/Saluto-accoglienza-tradizionale-1024x1024.jpg 1024w, https:\/\/wgt.ch\/wp-content\/uploads\/2023\/07\/Saluto-accoglienza-tradizionale-300x300.jpg 300w, https:\/\/wgt.ch\/wp-content\/uploads\/2023\/07\/Saluto-accoglienza-tradizionale-150x150.jpg 150w, https:\/\/wgt.ch\/wp-content\/uploads\/2023\/07\/Saluto-accoglienza-tradizionale-1536x1536.jpg 1536w, https:\/\/wgt.ch\/wp-content\/uploads\/2023\/07\/Saluto-accoglienza-tradizionale.jpg 2001w\" sizes=\"auto, (max-width: 1024px) 100vw, 1024px\" \/><\/a><\/div><\/div><\/div><\/div><div class=\"g-cols wpb_row us_custom_e2773608 via_grid cols_3 laptops-cols_inherit tablets-cols_inherit mobiles-cols_1 valign_top type_default stacking_default\" style=\"--columns-gap:3rem;\"><div class=\"wpb_column vc_column_container\"><div class=\"vc_column-inner\"><div class=\"w-image align_none\"><a title=\"Cortometraggio La Palestina attraverso gli occhi delle sue figlie\" href=\"https:\/\/wgt.ch\/it\/fenster-zu-palaestina-s\/palaestina-durch-die-augen-ihrer-toechter\/\" aria-label=\"Finestre Cortometraggio La Palestina attraverso gli occhi delle sur figlie\" class=\"w-image-h\"><img decoding=\"async\" width=\"1024\" height=\"1024\" src=\"https:\/\/wgt.ch\/wp-content\/uploads\/2023\/07\/Finestre-Cortometraggio-La-Palestina-attraverso-gli-occhi-delle-sur-figlie-1024x1024.jpg\" class=\"attachment-large size-large\" alt=\"\" loading=\"lazy\" srcset=\"https:\/\/wgt.ch\/wp-content\/uploads\/2023\/07\/Finestre-Cortometraggio-La-Palestina-attraverso-gli-occhi-delle-sur-figlie-1024x1024.jpg 1024w, https:\/\/wgt.ch\/wp-content\/uploads\/2023\/07\/Finestre-Cortometraggio-La-Palestina-attraverso-gli-occhi-delle-sur-figlie-300x300.jpg 300w, https:\/\/wgt.ch\/wp-content\/uploads\/2023\/07\/Finestre-Cortometraggio-La-Palestina-attraverso-gli-occhi-delle-sur-figlie-150x150.jpg 150w, https:\/\/wgt.ch\/wp-content\/uploads\/2023\/07\/Finestre-Cortometraggio-La-Palestina-attraverso-gli-occhi-delle-sur-figlie-1536x1536.jpg 1536w, https:\/\/wgt.ch\/wp-content\/uploads\/2023\/07\/Finestre-Cortometraggio-La-Palestina-attraverso-gli-occhi-delle-sur-figlie.jpg 2000w\" sizes=\"auto, (max-width: 1024px) 100vw, 1024px\" \/><\/a><\/div><\/div><\/div><div class=\"wpb_column vc_column_container\"><div class=\"vc_column-inner\"><div class=\"w-image align_none\"><a title=\"Apeirogon\" href=\"https:\/\/wgt.ch\/it\/fenster-zu-palaestina-s\/apeirogon\/\" aria-label=\"Finestra Proposta di lettura Apeirogon\" class=\"w-image-h\"><img decoding=\"async\" width=\"1024\" height=\"1024\" src=\"https:\/\/wgt.ch\/wp-content\/uploads\/2023\/07\/Finestra-Proposta-di-lettura-Apeirogon-1024x1024.jpg\" class=\"attachment-large size-large\" alt=\"\" loading=\"lazy\" srcset=\"https:\/\/wgt.ch\/wp-content\/uploads\/2023\/07\/Finestra-Proposta-di-lettura-Apeirogon-1024x1024.jpg 1024w, https:\/\/wgt.ch\/wp-content\/uploads\/2023\/07\/Finestra-Proposta-di-lettura-Apeirogon-300x300.jpg 300w, https:\/\/wgt.ch\/wp-content\/uploads\/2023\/07\/Finestra-Proposta-di-lettura-Apeirogon-150x150.jpg 150w, https:\/\/wgt.ch\/wp-content\/uploads\/2023\/07\/Finestra-Proposta-di-lettura-Apeirogon-1536x1536.jpg 1536w, https:\/\/wgt.ch\/wp-content\/uploads\/2023\/07\/Finestra-Proposta-di-lettura-Apeirogon.jpg 2000w\" sizes=\"auto, (max-width: 1024px) 100vw, 1024px\" \/><\/a><\/div><\/div><\/div><div class=\"wpb_column vc_column_container\"><div class=\"vc_column-inner\"><div class=\"w-image align_none\"><a title=\"Le chiavi della memoria e della speranza\" href=\"https:\/\/wgt.ch\/it\/fenster-zu-palaestina-s\/schluessel-der-erinnerung-und-der-hoffnung\/\" aria-label=\"Finestra Chiave\" class=\"w-image-h\"><img decoding=\"async\" width=\"1024\" height=\"1024\" src=\"https:\/\/wgt.ch\/wp-content\/uploads\/2023\/10\/Finestra-Chiave-1024x1024.jpg\" class=\"attachment-large size-large\" alt=\"\" loading=\"lazy\" srcset=\"https:\/\/wgt.ch\/wp-content\/uploads\/2023\/10\/Finestra-Chiave-1024x1024.jpg 1024w, https:\/\/wgt.ch\/wp-content\/uploads\/2023\/10\/Finestra-Chiave-300x300.jpg 300w, https:\/\/wgt.ch\/wp-content\/uploads\/2023\/10\/Finestra-Chiave-150x150.jpg 150w, https:\/\/wgt.ch\/wp-content\/uploads\/2023\/10\/Finestra-Chiave-1536x1536.jpg 1536w, https:\/\/wgt.ch\/wp-content\/uploads\/2023\/10\/Finestra-Chiave.jpg 2000w\" sizes=\"auto, (max-width: 1024px) 100vw, 1024px\" \/><\/a><\/div><\/div><\/div><\/div><div class=\"g-cols wpb_row us_custom_e2773608 via_grid cols_3 laptops-cols_inherit tablets-cols_inherit mobiles-cols_1 valign_top type_default stacking_default\" style=\"--columns-gap:3rem;\"><div class=\"wpb_column vc_column_container\"><div class=\"vc_column-inner\"><div class=\"w-image align_none\"><a title=\"Handala\" href=\"https:\/\/wgt.ch\/it\/fenster-zu-palaestina-s\/handala\/\" aria-label=\"Finestra Handala figura simbolica it\" class=\"w-image-h\"><img decoding=\"async\" width=\"1024\" height=\"1024\" src=\"https:\/\/wgt.ch\/wp-content\/uploads\/2023\/09\/Finestra-Handala-figura-simbolica-it-1024x1024.jpg\" class=\"attachment-large size-large\" alt=\"\" loading=\"lazy\" srcset=\"https:\/\/wgt.ch\/wp-content\/uploads\/2023\/09\/Finestra-Handala-figura-simbolica-it-1024x1024.jpg 1024w, https:\/\/wgt.ch\/wp-content\/uploads\/2023\/09\/Finestra-Handala-figura-simbolica-it-300x300.jpg 300w, https:\/\/wgt.ch\/wp-content\/uploads\/2023\/09\/Finestra-Handala-figura-simbolica-it-150x150.jpg 150w, https:\/\/wgt.ch\/wp-content\/uploads\/2023\/09\/Finestra-Handala-figura-simbolica-it-1536x1536.jpg 1536w, https:\/\/wgt.ch\/wp-content\/uploads\/2023\/09\/Finestra-Handala-figura-simbolica-it.jpg 2000w\" sizes=\"auto, (max-width: 1024px) 100vw, 1024px\" \/><\/a><\/div><\/div><\/div><div class=\"wpb_column vc_column_container\"><div class=\"vc_column-inner\"><div class=\"w-image align_none\"><a title=\"Muro di separazione e immagini con uno sguardo oltre \" href=\"https:\/\/wgt.ch\/it\/fenster-zu-palaestina-s\/trennmauer\/\" aria-label=\"Finestra Oltre il muro di separazione\" class=\"w-image-h\"><img decoding=\"async\" width=\"1024\" height=\"1024\" src=\"https:\/\/wgt.ch\/wp-content\/uploads\/2023\/10\/Finestra-Oltre-il-muro-di-separazione-1024x1024.jpg\" class=\"attachment-large size-large\" alt=\"\" loading=\"lazy\" srcset=\"https:\/\/wgt.ch\/wp-content\/uploads\/2023\/10\/Finestra-Oltre-il-muro-di-separazione-1024x1024.jpg 1024w, https:\/\/wgt.ch\/wp-content\/uploads\/2023\/10\/Finestra-Oltre-il-muro-di-separazione-300x300.jpg 300w, https:\/\/wgt.ch\/wp-content\/uploads\/2023\/10\/Finestra-Oltre-il-muro-di-separazione-150x150.jpg 150w, https:\/\/wgt.ch\/wp-content\/uploads\/2023\/10\/Finestra-Oltre-il-muro-di-separazione-1536x1536.jpg 1536w, https:\/\/wgt.ch\/wp-content\/uploads\/2023\/10\/Finestra-Oltre-il-muro-di-separazione.jpg 2001w\" sizes=\"auto, (max-width: 1024px) 100vw, 1024px\" \/><\/a><\/div><\/div><\/div><div class=\"wpb_column vc_column_container\"><div class=\"vc_column-inner\"><div class=\"w-image align_none\"><a title=\"Caritas Baby Hospital a Betlemme\" href=\"https:\/\/wgt.ch\/it\/fenster-zu-palaestina-s\/kinderspital-bethlehem\/\" aria-label=\"Finestre Caritas Baby Hospital a Betlemme\" class=\"w-image-h\"><img decoding=\"async\" width=\"1024\" height=\"1024\" src=\"https:\/\/wgt.ch\/wp-content\/uploads\/2023\/12\/Finestre-Caritas-Baby-Hospital-a-Betlemme-1024x1024.jpg\" class=\"attachment-large size-large\" alt=\"\" loading=\"lazy\" srcset=\"https:\/\/wgt.ch\/wp-content\/uploads\/2023\/12\/Finestre-Caritas-Baby-Hospital-a-Betlemme-1024x1024.jpg 1024w, https:\/\/wgt.ch\/wp-content\/uploads\/2023\/12\/Finestre-Caritas-Baby-Hospital-a-Betlemme-300x300.jpg 300w, https:\/\/wgt.ch\/wp-content\/uploads\/2023\/12\/Finestre-Caritas-Baby-Hospital-a-Betlemme-150x150.jpg 150w, https:\/\/wgt.ch\/wp-content\/uploads\/2023\/12\/Finestre-Caritas-Baby-Hospital-a-Betlemme-1536x1536.jpg 1536w, https:\/\/wgt.ch\/wp-content\/uploads\/2023\/12\/Finestre-Caritas-Baby-Hospital-a-Betlemme-rotated.jpg 2000w\" sizes=\"auto, (max-width: 1024px) 100vw, 1024px\" \/><\/a><\/div><\/div><\/div><\/div><\/div><\/div><\/div><\/div><\/section>\n","protected":false},"excerpt":{"rendered":"{:de}Finestra sulla PalestinaHerzlich willkommen zur Einstimmung auf die Liturgie und die Menschen aus Pal\u00e4stina. Shukran \u2013 Danke, dass ihr euch schon darauf einl\u00e4sst und so einen guten Boden schafft f\u00fcr die Weltgebetstagsfeier am 1. M\u00e4rz 2024. Salaam \u2013 der Friede sei mit uns allen {:}{:fr}Finestra sulla PalestinaNous vous souhaitons la bienvenue \u00e0 la pr\u00e9paration de...","protected":false},"author":5,"featured_media":0,"parent":0,"menu_order":7,"comment_status":"closed","ping_status":"closed","template":"","meta":{"_acf_changed":false,"footnotes":""},"class_list":["post-27468","page","type-page","status-publish","hentry"],"translation":{"provider":"WPGlobus","version":"3.0.2","language":"it","enabled_languages":["de","fr","it"],"languages":{"de":{"title":true,"content":true,"excerpt":false},"fr":{"title":true,"content":true,"excerpt":false},"it":{"title":true,"content":true,"excerpt":false}}},"acf":[],"_links":{"self":[{"href":"https:\/\/wgt.ch\/it\/wp-json\/wp\/v2\/pages\/27468","targetHints":{"allow":["GET"]}}],"collection":[{"href":"https:\/\/wgt.ch\/it\/wp-json\/wp\/v2\/pages"}],"about":[{"href":"https:\/\/wgt.ch\/it\/wp-json\/wp\/v2\/types\/page"}],"author":[{"embeddable":true,"href":"https:\/\/wgt.ch\/it\/wp-json\/wp\/v2\/users\/5"}],"replies":[{"embeddable":true,"href":"https:\/\/wgt.ch\/it\/wp-json\/wp\/v2\/comments?post=27468"}],"version-history":[{"count":72,"href":"https:\/\/wgt.ch\/it\/wp-json\/wp\/v2\/pages\/27468\/revisions"}],"predecessor-version":[{"id":34120,"href":"https:\/\/wgt.ch\/it\/wp-json\/wp\/v2\/pages\/27468\/revisions\/34120"}],"wp:attachment":[{"href":"https:\/\/wgt.ch\/it\/wp-json\/wp\/v2\/media?parent=27468"}],"curies":[{"name":"wp","href":"https:\/\/api.w.org\/{rel}","templated":true}]}}