{"id":27538,"date":"2023-07-07T17:56:42","date_gmt":"2023-07-07T15:56:42","guid":{"rendered":"https:\/\/wgt.ch\/?page_id=27538"},"modified":"2024-07-03T10:20:51","modified_gmt":"2024-07-03T08:20:51","slug":"palaestina-durch-die-augen-ihrer-toechter","status":"publish","type":"page","link":"https:\/\/wgt.ch\/it\/fenster-zu-palaestina-s\/palaestina-durch-die-augen-ihrer-toechter\/","title":{"rendered":"Cortometraggio: La Palestina attraverso gli occhi delle sue figlie"},"content":{"rendered":"<section class=\"l-section wpb_row height_small\"><div class=\"l-section-h i-cf\"><div class=\"g-cols vc_row via_grid cols_1 laptops-cols_inherit tablets-cols_inherit mobiles-cols_1 valign_top type_default stacking_default\"><div class=\"wpb_column vc_column_container\"><div class=\"vc_column-inner\"><h2 class=\"w-post-elm post_title entry-title color_link_inherit\">Cortometraggio: La Palestina attraverso gli occhi delle sue figlie<\/h2><\/div><\/div><\/div><\/div><\/section><section class=\"l-section wpb_row height_small\"><div class=\"l-section-h i-cf\"><div class=\"g-cols vc_row via_grid cols_2-1 laptops-cols_inherit tablets-cols_inherit mobiles-cols_1 valign_top type_default stacking_default\"><div class=\"wpb_column vc_column_container\"><div class=\"vc_column-inner\"><div class=\"wpb_text_column\"><div class=\"wpb_wrapper\"><p><a href=\"https:\/\/www.foerderverein-bethlehem.de\/aktuelles-projekte\/filmprojekt\/\" target=\"_blank\" rel=\"noopener\">https:\/\/www.foerderverein-bethlehem.de\/aktuelles-projekte\/filmprojekt\/<\/a><\/p>\n<p>Un film di sei minuti sul primo incontro con cinque donne palestinesi di Betlemme e dintorni. Ci mostrano cosa \u00e8 importante nella loro vita e cosa sognano per se stesse e per il loro Paese: una contadina del villaggio di Battir, un&#8217;insegnante, un&#8217;artista della ceramica con dipendenti e due ragazze adolescenti, una appassionata calciatrice, l&#8217;altra drammaturga. Una sesta donna invisibile canta di libert\u00e0, dignit\u00e0 umana e amore per la vita.<\/p>\n<p>Questo cortometraggio in arabo, con sottotitoli in tedesco o inglese, \u00e8 stato realizzato dagli studenti dell&#8217;Universit\u00e0 Dar al-Kalima di Betlemme per la Giornata mondiale di preghiera. \u00c8 ideale per iniziare il lavoro di preparazione e pu\u00f2 essere proiettato anche durante la presentazione del Paese prima della liturgia della Giornata mondiale di preghiera.<\/p>\n<p>B\u00e9atrice Battaglia<\/p>\n<\/div><\/div><\/div><\/div><div class=\"wpb_column vc_column_container\"><div class=\"vc_column-inner\"><div class=\"w-image align_none\"><a title=\"https:\/\/www.foerderverein-bethlehem.de\/aktuelles-projekte\/filmprojekt\/\" target=\" _blank\" rel=\"nofollow\" href=\"https:\/\/www.foerderverein-bethlehem.de\/aktuelles-projekte\/filmprojekt\/\" aria-label=\"Durch die Augen ihrer T\u00f6chter Bild\" class=\"w-image-h\"><img decoding=\"async\" width=\"1024\" height=\"576\" src=\"https:\/\/wgt.ch\/wp-content\/uploads\/2023\/07\/Durch-die-Augen-ihrer-Toechter-Bild-1024x576.jpg\" class=\"attachment-large size-large\" alt=\"\" loading=\"lazy\" srcset=\"https:\/\/wgt.ch\/wp-content\/uploads\/2023\/07\/Durch-die-Augen-ihrer-Toechter-Bild-1024x576.jpg 1024w, https:\/\/wgt.ch\/wp-content\/uploads\/2023\/07\/Durch-die-Augen-ihrer-Toechter-Bild-300x169.jpg 300w, https:\/\/wgt.ch\/wp-content\/uploads\/2023\/07\/Durch-die-Augen-ihrer-Toechter-Bild.jpg 1280w\" sizes=\"auto, (max-width: 1024px) 100vw, 1024px\" \/><\/a><\/div><div class=\"wpb_text_column\"><div class=\"wpb_wrapper\"><p>Pal\u00e4stina &#8211; Durch die Augen ihrer T\u00f6chter<br \/>\nmit deutschen Untertiteln<\/p>\n<\/div><\/div><\/div><\/div><\/div><\/div><\/section><section class=\"l-section wpb_row height_small\"><div class=\"l-section-h i-cf\"><div class=\"g-cols vc_row via_grid cols_2 laptops-cols_inherit tablets-cols_inherit mobiles-cols_1 valign_top type_default stacking_default\"><div class=\"wpb_column vc_column_container\"><div class=\"vc_column-inner\"><div class=\"wpb_text_column\"><div class=\"wpb_wrapper\"><h6>Traduzione dei sottotitoli:<\/h6>\n<p><strong><em>Cantato<\/em><\/strong><\/p>\n<p><em>Siamo liberi, non saremo soggiogati<br \/>\nLiberi verso l&#8217;umanit\u00e0<br \/>\nNonostante il dolore<br \/>\nAbbiamo sogni<br \/>\nL&#8217;oscurit\u00e0 sta svanendo Il giorno sta sorgendo<br \/>\nSiamo liberi (3x)<\/em><\/p>\n<p><strong>La Palestina attraverso gli occhi delle sue figlie<\/strong><\/p>\n<p>Sono <strong>Saphia Hammad<\/strong>, del villaggio di Battir.<br \/>\nCome donna palestinese, nonostante le difficolt\u00e0 della vita quotidiana, sono ancora legata alla mia terra, la coltivo e ho piantato degli ulivi.<br \/>\nA Battir ci sono diverse famiglie numerose che si sostengono a vicenda.<br \/>\nGli occupanti non riusciranno a privarci della nostra terra.<\/p>\n<p>Sono <strong>Faten Nairoukh<\/strong>, una ceramista palestinese.<br \/>\nCon le mie creazioni, metto in risalto l&#8217;estetica del paesaggio palestinese.<br \/>\nProprio perch\u00e9 viene distrutto dal muro e dalla dal muro e dalla costruzione di insediamenti.<br \/>\nVoglio mostrare al mondo la bellezza della Palestina, che rischia di andare perduta.<br \/>\nCome imprenditore, do lavoro a diverse donne.<br \/>\nLavoriamo in squadra.<br \/>\nOgnuna di noi ha un compito ben preciso da svolgere, in modo che alla fine si ottenga un bel prodotto che rifletta la nostra arte e la nostra cultura.<\/p>\n<p>Mi chiamo <strong>Dalia Murrah<\/strong> e ho 30 anni.<br \/>\nCome insegnante, mi assicuro che la nostra storia e la nostra geografia palestinese non vengano distorte.<br \/>\nNon voglio che nessuno interferisca con il processo educativo.<br \/>\nCome donna palestinese con molti vincoli, voglio contribuire a costruire una societ\u00e0 libera dalla violenza.<\/p>\n<p>Mi chiamo <strong>Maral Qusais<\/strong> e ho 16 anni.<br \/>\nGioco nella squadra di calcio femminile del Diyar, in Palestina.<br \/>\nCome squadra passiamo molto tempo insieme.<br \/>\nCi sosteniamo a vicenda e abbiamo obiettivi comuni.<br \/>\nIl calcio non \u00e8 solo un&#8217;attivit\u00e0 fisica, \u00e8 anche un simbolo di resilienza.<\/p>\n<p>Mi chiamo <strong>Emilia Masou<\/strong> e ho 15 anni.<br \/>\nHo scoperto la mia passione per il teatro all&#8217;et\u00e0 di 6 anni.<br \/>\nCome giovane ragazza palestinese sogno di poter fare la differenza nella societ\u00e0 e di porre fine all&#8217;occupazione.<br \/>\nPer me \u00e8 importante che le ragazze palestinesi vivano una vita spensierata e si liberino dai ruoli femminili imposti e si liberino dai ruoli femminili imposti.<\/p>\n<p><strong>Saphia Hammad:<br \/>\n<\/strong>Nonostante l&#8217;oppressione dell&#8217;occupazione, vogliamo che i giovani rimangano nel loro Paese e non lo abbandonino.<\/p>\n<p><strong>Faten Nairoukh:<br \/>\n<\/strong>Voglio che le donne e la loro arte siano portate alla ribalta.<br \/>\nSpero che il loro lavoro sia conosciuto nel Paese e all&#8217;estero.<\/p>\n<p><strong>Maral Qusais:<br \/>\n<\/strong>Spero di diventare una famosa giocatrice di calcio e rappresentare il mio Paese, la Palestina.<br \/>\nMi piace molto il calcio!<\/p>\n<p><strong>Emilia Masou:<br \/>\n<\/strong>Spero che noi bambini avremo successo in questa trasformazione.<br \/>\nChe possiamo svilupparci liberamente, senza alcuna restrizione.<\/p>\n<p><strong><em>Cantato<\/em><\/strong><\/p>\n<p><em>Amiamo la vita<br \/>\nDiciamo no all&#8217;ingiustizia!<br \/>\nLa dignit\u00e0 dell&#8217;essere umano<br \/>\nrimane il bene pi\u00f9 prezioso<br \/>\nSiamo liberi (4x)<\/em><\/p>\n<h6><a href=\"https:\/\/wgt.ch\/wp-content\/uploads\/2023\/08\/La-Palestina-attraverso-gli-occhi-delle-sue-figlie-con-traduzione-dei-sottotitoli.pdf\" target=\"_blank\" rel=\"noopener\"><strong>La Palestina attraverso gli occhi delle sue figlie con traduzione dei sottotitoli.pdf<\/strong><\/a><\/h6>\n<\/div><\/div><\/div><\/div><div class=\"wpb_column vc_column_container\"><div class=\"vc_column-inner\"><div class=\"w-video align_none ratio_16x9 has_iframe\"><div class=\"w-video-h\"><iframe title=\"Youtube video player\" src=\"\/\/www.youtube.com\/embed\/DYsJavW3H3A?autoplay=0&controls=1&origin=https:\/\/wgt.ch\/it&loop=0&mute=0\" allowfullscreen=\"1\" loading=\"lazy\"><\/iframe><\/div><\/div><div class=\"wpb_text_column\"><div class=\"wpb_wrapper\"><p class=\"style-scope ytd-watch-metadata\">Palestine through the Eyes of her Daughters<br \/>\nLa Palestina attraverso gli occhi delle sue figlie<br \/>\ncon sottotitoli in inglese<\/p>\n<\/div><\/div><\/div><\/div><\/div><\/div><\/section>\n","protected":false},"excerpt":{"rendered":"{:de}Cortometraggio: La Palestina attraverso gli occhi delle sue figliehttps:\/\/www.foerderverein-bethlehem.de\/aktuelles-projekte\/filmprojekt\/ Sechs Filmminuten f\u00fcr eine erste Begegnung mit f\u00fcnf pal\u00e4stinensischen Frauen aus der Stadt und der Umgebung von Bethlehem. Sie zeigen uns, was ihnen in ihrem Leben wichtig ist und wovon sie f\u00fcr sich und ihr Land tr\u00e4umen: eine B\u00e4uerin aus dem Dorf Battir, eine Lehrerin, eine...","protected":false},"author":5,"featured_media":0,"parent":27468,"menu_order":18,"comment_status":"closed","ping_status":"closed","template":"","meta":{"_acf_changed":false,"footnotes":""},"class_list":["post-27538","page","type-page","status-publish","hentry"],"translation":{"provider":"WPGlobus","version":"3.0.2","language":"it","enabled_languages":["de","fr","it"],"languages":{"de":{"title":true,"content":true,"excerpt":false},"fr":{"title":true,"content":true,"excerpt":false},"it":{"title":true,"content":true,"excerpt":false}}},"acf":[],"_links":{"self":[{"href":"https:\/\/wgt.ch\/it\/wp-json\/wp\/v2\/pages\/27538","targetHints":{"allow":["GET"]}}],"collection":[{"href":"https:\/\/wgt.ch\/it\/wp-json\/wp\/v2\/pages"}],"about":[{"href":"https:\/\/wgt.ch\/it\/wp-json\/wp\/v2\/types\/page"}],"author":[{"embeddable":true,"href":"https:\/\/wgt.ch\/it\/wp-json\/wp\/v2\/users\/5"}],"replies":[{"embeddable":true,"href":"https:\/\/wgt.ch\/it\/wp-json\/wp\/v2\/comments?post=27538"}],"version-history":[{"count":37,"href":"https:\/\/wgt.ch\/it\/wp-json\/wp\/v2\/pages\/27538\/revisions"}],"predecessor-version":[{"id":34135,"href":"https:\/\/wgt.ch\/it\/wp-json\/wp\/v2\/pages\/27538\/revisions\/34135"}],"up":[{"embeddable":true,"href":"https:\/\/wgt.ch\/it\/wp-json\/wp\/v2\/pages\/27468"}],"wp:attachment":[{"href":"https:\/\/wgt.ch\/it\/wp-json\/wp\/v2\/media?parent=27538"}],"curies":[{"name":"wp","href":"https:\/\/api.w.org\/{rel}","templated":true}]}}