{"id":27792,"date":"2023-08-18T19:08:57","date_gmt":"2023-08-18T17:08:57","guid":{"rendered":"https:\/\/wgt.ch\/?page_id=27792"},"modified":"2024-07-03T10:16:58","modified_gmt":"2024-07-03T08:16:58","slug":"schluessel-der-erinnerung-und-der-hoffnung","status":"publish","type":"page","link":"https:\/\/wgt.ch\/it\/fenster-zu-palaestina-s\/schluessel-der-erinnerung-und-der-hoffnung\/","title":{"rendered":"Le chiavi della memoria e della speranza"},"content":{"rendered":"<section class=\"l-section wpb_row height_small\"><div class=\"l-section-h i-cf\"><div class=\"g-cols vc_row via_grid cols_1 laptops-cols_inherit tablets-cols_inherit mobiles-cols_1 valign_top type_default stacking_default\"><div class=\"wpb_column vc_column_container\"><div class=\"vc_column-inner\"><h2 class=\"w-post-elm post_title entry-title color_link_inherit\">Le chiavi della memoria e della speranza<\/h2><\/div><\/div><\/div><\/div><\/section><section class=\"l-section wpb_row height_small\"><div class=\"l-section-h i-cf\"><div class=\"g-cols vc_row via_grid cols_1 laptops-cols_inherit tablets-cols_inherit mobiles-cols_1 valign_top type_default stacking_default\"><div class=\"wpb_column vc_column_container\"><div class=\"vc_column-inner\"><div class=\"g-cols wpb_row via_grid cols_1 laptops-cols_inherit tablets-cols_inherit mobiles-cols_1 valign_top type_default stacking_default\" style=\"--columns-gap:3rem;\"><div class=\"wpb_column vc_column_container\"><div class=\"vc_column-inner\"><div class=\"w-image align_none meta_simple\"><div class=\"w-image-h\"><img decoding=\"async\" width=\"2371\" height=\"641\" src=\"https:\/\/wgt.ch\/wp-content\/uploads\/2023\/08\/Titelbild-2024-\u00a9Halima-Aziz-und-Schluesselarmband-aus-Battir-\u00a9Beatrice-Battaglia.jpg\" class=\"attachment-full size-full\" alt=\"{:de}Titelbild 2024, Ausschnitt \u00a9 Halima Aziz und Schl\u00fcssel-Armband aus Battir \u00a9 B\u00e9atrice Battaglia{:}{:fr}Bracelet \u00e0 cl\u00e9 fabriqu\u00e9 \u00e0 Battir, \u00a9 B\u00e9atrice Battaglia{:}{:it}Immagine di copertina 2024, dettaglio \u00a9 Halima Aziz e Braccialetto con chiave da Battir \u00a9 B\u00e9atrice Battaglia {:}\" loading=\"lazy\" srcset=\"https:\/\/wgt.ch\/wp-content\/uploads\/2023\/08\/Titelbild-2024-\u00a9Halima-Aziz-und-Schluesselarmband-aus-Battir-\u00a9Beatrice-Battaglia.jpg 2371w, https:\/\/wgt.ch\/wp-content\/uploads\/2023\/08\/Titelbild-2024-\u00a9Halima-Aziz-und-Schluesselarmband-aus-Battir-\u00a9Beatrice-Battaglia-300x81.jpg 300w, https:\/\/wgt.ch\/wp-content\/uploads\/2023\/08\/Titelbild-2024-\u00a9Halima-Aziz-und-Schluesselarmband-aus-Battir-\u00a9Beatrice-Battaglia-1024x277.jpg 1024w, https:\/\/wgt.ch\/wp-content\/uploads\/2023\/08\/Titelbild-2024-\u00a9Halima-Aziz-und-Schluesselarmband-aus-Battir-\u00a9Beatrice-Battaglia-1536x415.jpg 1536w, https:\/\/wgt.ch\/wp-content\/uploads\/2023\/08\/Titelbild-2024-\u00a9Halima-Aziz-und-Schluesselarmband-aus-Battir-\u00a9Beatrice-Battaglia-2048x554.jpg 2048w\" sizes=\"auto, (max-width: 2371px) 100vw, 2371px\" \/><\/div><div class=\"w-image-meta\"><div class=\"w-image-title\">Titelbild 2024 \u00a9Halima Aziz und Schl\u00fcsselarmband aus Battir \u00a9B\u00e9atrice Battaglia<\/div><\/div><\/div><\/div><\/div><\/div><div class=\"w-separator size_small\"><\/div><div class=\"wpb_text_column\"><div class=\"wpb_wrapper\"><p>Le tre donne palestinesi sulla copertina della liturgia della GMP 2024 portano al collo e alle orecchie dei gioielli a forma di chiave. In tante famiglie palestinesi vengono custodite accuratemente le vecchie chiavi delle case o degli appartamenti e tramandate da una generazione all&#8217;altra. Le chiavi sono associate al ricordo delle vecchie dimore e alla speranza di poter tornare un giorno nelle case che le famiglie hanno perso con la creazione dello Stato Israele, quando centinaia di migliaia di persone, prima proprietarie, sono state allontanate. Da quel momento la maggior parte vive come rifugiate o apolidi. Nel campo profughi Deiheishe a Betlemme, il simbolo della chiave \u00e8 visibile su tanti muri lungo le viuzze.<\/p>\n<\/div><\/div><div class=\"g-cols wpb_row via_grid cols_1 laptops-cols_inherit tablets-cols_inherit mobiles-cols_1 valign_top type_default stacking_default\" style=\"--columns-gap:3rem;\"><div class=\"wpb_column vc_column_container\"><div class=\"vc_column-inner\"><div class=\"w-image align_none meta_simple\"><div class=\"w-image-h\"><img decoding=\"async\" width=\"1623\" height=\"700\" src=\"https:\/\/wgt.ch\/wp-content\/uploads\/2023\/08\/Schluessel-der-Hoffnung-Fluechtlingslager-Deiheishe-in-Bethlehem-\u00a9Beatrice-Battaglia.jpg\" class=\"attachment-full size-full\" alt=\"{:de}Schl\u00fcssel der Hoffnung auf R\u00fcckkehr auf Mauern im Fl\u00fcchtlingslager Deiheishe in Bethlehem \u00a9 B\u00e9atrice Battaglia{:}{:fr}La cl\u00e9 de l&#039;espoir de retour sur les murs du camp de r\u00e9fugi\u00e9.e.s de Deiheishe \u00e0 Bethl\u00e9em, \u00a9 B\u00e9atrice Battaglia{:}{:it}La chiave della speranza di un ritorno, pitturata sulle mura del campo profughi Deiheishe a Betlemme, \u00a9 B\u00e9atrice Battaglia{:}\" loading=\"lazy\" srcset=\"https:\/\/wgt.ch\/wp-content\/uploads\/2023\/08\/Schluessel-der-Hoffnung-Fluechtlingslager-Deiheishe-in-Bethlehem-\u00a9Beatrice-Battaglia.jpg 1623w, https:\/\/wgt.ch\/wp-content\/uploads\/2023\/08\/Schluessel-der-Hoffnung-Fluechtlingslager-Deiheishe-in-Bethlehem-\u00a9Beatrice-Battaglia-300x129.jpg 300w, https:\/\/wgt.ch\/wp-content\/uploads\/2023\/08\/Schluessel-der-Hoffnung-Fluechtlingslager-Deiheishe-in-Bethlehem-\u00a9Beatrice-Battaglia-1024x442.jpg 1024w, https:\/\/wgt.ch\/wp-content\/uploads\/2023\/08\/Schluessel-der-Hoffnung-Fluechtlingslager-Deiheishe-in-Bethlehem-\u00a9Beatrice-Battaglia-1536x662.jpg 1536w\" sizes=\"auto, (max-width: 1623px) 100vw, 1623px\" \/><\/div><div class=\"w-image-meta\"><div class=\"w-image-title\">Schl\u00fcssel der Hoffnung auf R\u00fcckkehr auf Mauern im Fl\u00fcchtlingslager Deiheishe in Bethlehem \u00a9 B\u00e9atrice Battaglia<\/div><\/div><\/div><\/div><\/div><\/div><div class=\"w-separator size_small\"><\/div><div class=\"g-cols wpb_row us_custom_c427d780 via_grid cols_1-3 laptops-cols_inherit tablets-cols_inherit mobiles-cols_1 valign_top type_default stacking_default\" style=\"--columns-gap:3rem;\"><div class=\"wpb_column vc_column_container\"><div class=\"vc_column-inner\"><div class=\"w-image align_none meta_simple\"><div class=\"w-image-h\"><img decoding=\"async\" width=\"648\" height=\"1024\" src=\"https:\/\/wgt.ch\/wp-content\/uploads\/2023\/08\/Schluessel-SHORUQ-Tor-\u00a9Aline-Jung-648x1024.jpg\" class=\"attachment-large size-large\" alt=\"\" loading=\"lazy\" srcset=\"https:\/\/wgt.ch\/wp-content\/uploads\/2023\/08\/Schluessel-SHORUQ-Tor-\u00a9Aline-Jung-648x1024.jpg 648w, https:\/\/wgt.ch\/wp-content\/uploads\/2023\/08\/Schluessel-SHORUQ-Tor-\u00a9Aline-Jung-190x300.jpg 190w, https:\/\/wgt.ch\/wp-content\/uploads\/2023\/08\/Schluessel-SHORUQ-Tor-\u00a9Aline-Jung-973x1536.jpg 973w, https:\/\/wgt.ch\/wp-content\/uploads\/2023\/08\/Schluessel-SHORUQ-Tor-\u00a9Aline-Jung.jpg 1164w\" sizes=\"auto, (max-width: 648px) 100vw, 648px\" \/><\/div><div class=\"w-image-meta\"><div class=\"w-image-title\">\u00a9 Aline Jung<\/div><\/div><\/div><\/div><\/div><div class=\"wpb_column vc_column_container\"><div class=\"vc_column-inner\"><div class=\"wpb_text_column\"><div class=\"wpb_wrapper\"><p>&nbsp;<\/p>\n<p>Se le venisse offerta una chiave magica, cosa ne farebbe: aprirebbe o chiuderebbe qualcosa? Per chi? Con quale scopo? Userebbe la chiave prima sulle porte o sulle barriere, sugli scrigni dei tesori o sui cuori? Nella realt\u00e0 in cui vive o altrove?<\/p>\n<p>&nbsp;<\/p>\n<p>&nbsp;<\/p>\n<p>&nbsp;<\/p>\n<p>&nbsp;<\/p>\n<\/div><\/div><\/div><\/div><\/div><div class=\"w-separator size_small\"><\/div><div class=\"g-cols wpb_row via_grid cols_2 laptops-cols_inherit tablets-cols_inherit mobiles-cols_1 valign_top type_default stacking_default\" style=\"--columns-gap:3rem;\"><div class=\"wpb_column vc_column_container\"><div class=\"vc_column-inner\"><div class=\"wpb_text_column\"><div class=\"wpb_wrapper\"><p>Sull&#8217; immagine (qui accanto) del muro all&#8217;ombra del filo spinato, a destra, c&#8217;\u00e8 la scritta \u00abVengo dal villaggio Zakaria\u00bb e a sinistra \u00abTorneremo\u00bb. Parole semplici e ben comprensibili esprimono qui la speranza condivisa da tante persone sfollate e diventano un&#8217;immagine-chiave parlante.<br \/>\nIl diritto al ritorno delle rifugiate e dei rifugiati palestinesi \u00e8 molto controverso. Ci\u00f2 che \u00e8 certo secondo il diritto internazionale, \u00e8 che ogni persona, in quanto essere umano, ha il diritto individuale a una dimora, a un luogo dove si sente a casa. Se non c&#8217;\u00e8 una nuova patria da nessuna parte, rimane il diritto a quella vecchia, quella sottratta.<\/p>\n<\/div><\/div><\/div><\/div><div class=\"wpb_column vc_column_container\"><div class=\"vc_column-inner\"><div class=\"w-image align_none meta_simple\"><div class=\"w-image-h\"><img decoding=\"async\" width=\"1024\" height=\"804\" src=\"https:\/\/wgt.ch\/wp-content\/uploads\/2023\/08\/Schluessel-Riss\u00a9Aline-Jung-1024x804.jpg\" class=\"attachment-large size-large\" alt=\"\" loading=\"lazy\" srcset=\"https:\/\/wgt.ch\/wp-content\/uploads\/2023\/08\/Schluessel-Riss\u00a9Aline-Jung-1024x804.jpg 1024w, https:\/\/wgt.ch\/wp-content\/uploads\/2023\/08\/Schluessel-Riss\u00a9Aline-Jung-300x236.jpg 300w, https:\/\/wgt.ch\/wp-content\/uploads\/2023\/08\/Schluessel-Riss\u00a9Aline-Jung-1536x1206.jpg 1536w, https:\/\/wgt.ch\/wp-content\/uploads\/2023\/08\/Schluessel-Riss\u00a9Aline-Jung.jpg 1946w\" sizes=\"auto, (max-width: 1024px) 100vw, 1024px\" \/><\/div><div class=\"w-image-meta\"><div class=\"w-image-title\">\u00a9 Aline Jung<\/div><\/div><\/div><\/div><\/div><\/div><div class=\"g-cols wpb_row via_grid cols_1 laptops-cols_inherit tablets-cols_inherit mobiles-cols_1 valign_top type_default stacking_default\" style=\"--columns-gap:3rem;\"><div class=\"wpb_column vc_column_container\"><div class=\"vc_column-inner\"><div class=\"w-separator size_small\"><\/div><div class=\"w-image align_none meta_simple\"><div class=\"w-image-h\"><img decoding=\"async\" width=\"2560\" height=\"1521\" src=\"https:\/\/wgt.ch\/wp-content\/uploads\/2023\/08\/The-Land-is-yours\u00a9Beatrice-Battaglia-scaled.jpg\" class=\"attachment-full size-full\" alt=\"\" loading=\"lazy\" srcset=\"https:\/\/wgt.ch\/wp-content\/uploads\/2023\/08\/The-Land-is-yours\u00a9Beatrice-Battaglia-scaled.jpg 2560w, https:\/\/wgt.ch\/wp-content\/uploads\/2023\/08\/The-Land-is-yours\u00a9Beatrice-Battaglia-300x178.jpg 300w, https:\/\/wgt.ch\/wp-content\/uploads\/2023\/08\/The-Land-is-yours\u00a9Beatrice-Battaglia-1024x608.jpg 1024w, https:\/\/wgt.ch\/wp-content\/uploads\/2023\/08\/The-Land-is-yours\u00a9Beatrice-Battaglia-1536x912.jpg 1536w, https:\/\/wgt.ch\/wp-content\/uploads\/2023\/08\/The-Land-is-yours\u00a9Beatrice-Battaglia-2048x1216.jpg 2048w\" sizes=\"auto, (max-width: 2560px) 100vw, 2560px\" \/><\/div><div class=\"w-image-meta\"><div class=\"w-image-title\">\u00a9 B\u00e9atrice Battaglia<\/div><\/div><\/div><div class=\"w-separator size_small\"><\/div><div class=\"wpb_text_column\"><div class=\"wpb_wrapper\"><p>Che sorpresa! Qualcuno scrive: \u00abLa terra \u00e8 vostra!\u00bb e non: \u00abQuesta terra appartiene a me. Ne ho la chiave e non la render\u00f2 mai.\u00bb Non so chi abbia disegnato questo murale e con quale intenzione. Mi chiedo, chi parla a chi? Cosa vuole comunicare la persona autrice a chi passa di qui, e quindi anche a me?<\/p>\n<p>Ci\u00f2 che vedo mi tocca profondamente. Sullo sfondo chiaro-sole, tra il verde lussureggiante della vegetazione, vedo due mani che insieme tengono una grande chiave, senza litigare o addirittura lottare. Stanno forse reggendo la chiave per una coesistenza pacifica ed equa? \u00c8 un richiamo, che la terra fiorir\u00e0 e produrr\u00e0 frutti abbondanti dove giustizia e pace si abbracciano? \u00c8 un invito a entrare in un futuro diverso? Un&#8217;immagine di speranza per una quotidianit\u00e0 piena di luce anche nel campo profughi?<\/p>\n<p>\u00abShoruq\u00bb \u00e8 scritto sopra la porta sulla pagina precedente. \u00abShoruq\u00bb significa \u00a0\u00absorger del sole\u00bb. Che presto possa, per tutti gli esseri umani, splendere il sole della giustizia e della pace.<\/p>\n<p>B\u00e9atrice Battaglia<\/p>\n<h6><a href=\"https:\/\/wgt.ch\/wp-content\/uploads\/2023\/09\/Le-chiavi-della-memoria-e-della-speranza.pdf\" target=\"_blank\" rel=\"noopener\"><strong>Le chiavi della memoria e della speranza<\/strong><strong>.pdf<\/strong><\/a><\/h6>\n<\/div><\/div><\/div><\/div><\/div><\/div><\/div><\/div><\/div><\/section>\n","protected":false},"excerpt":{"rendered":"{:de}Le chiavi della memoria e della speranzaTitelbild 2024 \u00a9Halima Aziz und Schl\u00fcsselarmband aus Battir \u00a9B\u00e9atrice BattagliaDie drei Pal\u00e4stinenserinnen auf dem Titelbild des Weltgebetstages 2024 tragen um den Hals und an den Ohren Schmuck in der Form eines Schl\u00fcssels. In vielen pal\u00e4stinensischen Familien werden alte Haus-und Wohnungsschl\u00fcssel sorgf\u00e4ltig aufbewahrt und von Generation zu Generation weiter\u00adgegeben. Mit...","protected":false},"author":5,"featured_media":0,"parent":27468,"menu_order":14,"comment_status":"closed","ping_status":"closed","template":"","meta":{"_acf_changed":false,"footnotes":""},"class_list":["post-27792","page","type-page","status-publish","hentry"],"translation":{"provider":"WPGlobus","version":"3.0.2","language":"it","enabled_languages":["de","fr","it"],"languages":{"de":{"title":true,"content":true,"excerpt":false},"fr":{"title":true,"content":true,"excerpt":false},"it":{"title":true,"content":true,"excerpt":false}}},"acf":[],"_links":{"self":[{"href":"https:\/\/wgt.ch\/it\/wp-json\/wp\/v2\/pages\/27792","targetHints":{"allow":["GET"]}}],"collection":[{"href":"https:\/\/wgt.ch\/it\/wp-json\/wp\/v2\/pages"}],"about":[{"href":"https:\/\/wgt.ch\/it\/wp-json\/wp\/v2\/types\/page"}],"author":[{"embeddable":true,"href":"https:\/\/wgt.ch\/it\/wp-json\/wp\/v2\/users\/5"}],"replies":[{"embeddable":true,"href":"https:\/\/wgt.ch\/it\/wp-json\/wp\/v2\/comments?post=27792"}],"version-history":[{"count":34,"href":"https:\/\/wgt.ch\/it\/wp-json\/wp\/v2\/pages\/27792\/revisions"}],"predecessor-version":[{"id":34123,"href":"https:\/\/wgt.ch\/it\/wp-json\/wp\/v2\/pages\/27792\/revisions\/34123"}],"up":[{"embeddable":true,"href":"https:\/\/wgt.ch\/it\/wp-json\/wp\/v2\/pages\/27468"}],"wp:attachment":[{"href":"https:\/\/wgt.ch\/it\/wp-json\/wp\/v2\/media?parent=27792"}],"curies":[{"name":"wp","href":"https:\/\/api.w.org\/{rel}","templated":true}]}}