{"id":27963,"date":"2023-09-06T12:03:33","date_gmt":"2023-09-06T10:03:33","guid":{"rendered":"https:\/\/wgt.ch\/?page_id=27963"},"modified":"2024-07-03T11:12:20","modified_gmt":"2024-07-03T09:12:20","slug":"downloads-palaestina-2024","status":"publish","type":"page","link":"https:\/\/wgt.ch\/it\/downloads-palaestina-2024\/","title":{"rendered":"Downloads Palestina 2024"},"content":{"rendered":"<section class=\"l-section wpb_row height_small\"><div class=\"l-section-h i-cf\"><div class=\"g-cols vc_row via_grid cols_1 laptops-cols_inherit tablets-cols_inherit mobiles-cols_1 valign_top type_default stacking_default\"><div class=\"wpb_column vc_column_container\"><div class=\"vc_column-inner\"><h2 class=\"w-post-elm post_title entry-title color_link_inherit\">Downloads Palestina 2024<\/h2><div class=\"wpb_text_column\"><div class=\"wpb_wrapper\"><ul>\n<li>\n<h6><a href=\"https:\/\/wgt.ch\/wp-content\/uploads\/2024\/02\/Preghiera-aggiuntiva-GMP-2024-Palestina.pdf\" target=\"_blank\" rel=\"noopener\"><strong>Preghiera aggiuntiva GMP 2024 Palestina.pdf<\/strong><\/a> &#8211; Comitato GMP Palestina nel febbraio 2024<\/h6>\n<\/li>\n<li>\n<h6><a href=\"https:\/\/wgt.ch\/wp-content\/uploads\/2024\/02\/Preghiera-aggiuntiva-2x-su-A4-GMP-2024-Palestina.pdf\" target=\"_blank\" rel=\"noopener\"><strong>Preghiera aggiuntiva 2x su A4 GMP 2024 Palestina.pdf<\/strong><\/a><\/h6>\n<\/li>\n<li>\n<h6><a href=\"https:\/\/wgt.ch\/wp-content\/uploads\/2023\/10\/Dichiarazione-del-Comitato-svizzero-della-GMP-sulla-presente-liturgia-dalla-Palestina.pdf\" target=\"_blank\" rel=\"noopener\"><strong>Dichiarazione del Comitato svizzero della Giornata mondiale di preghiera sulla presente liturgia dalla Palestina<\/strong><\/a> &#8211; Aprile 2023<\/h6>\n<\/li>\n<\/ul>\n<\/div><\/div><\/div><\/div><\/div><\/div><\/section><section class=\"l-section wpb_row height_small\"><div class=\"l-section-h i-cf\"><div class=\"g-cols vc_row via_grid cols_1 laptops-cols_inherit tablets-cols_inherit mobiles-cols_1 valign_top type_default stacking_default\"><div class=\"g-cols wpb_row via_grid cols_3 laptops-cols_inherit tablets-cols_inherit mobiles-cols_1 valign_top type_default stacking_default\" style=\"--columns-gap:3rem;\"><div class=\"wpb_column vc_column_container\"><div class=\"vc_column-inner\"><div class=\"wpb_text_column\"><div class=\"wpb_wrapper\"><h5><strong>Il logo della GMP &#8211; Nuovo design dal 2022<\/strong><\/h5>\n<\/div><\/div><div class=\"w-image align_center meta_simple\"><a ref=\"magnificPopup\" href=\"https:\/\/wgt.ch\/wp-content\/uploads\/2022\/11\/WGT-CH-Logo-transparent-352-px.png\" aria-label=\"WGT CH Logo transparent 352 px\" class=\"w-image-h\"><img decoding=\"async\" width=\"300\" height=\"300\" src=\"https:\/\/wgt.ch\/wp-content\/uploads\/2022\/11\/WGT-CH-Logo-transparent-352-px-300x300.png\" class=\"attachment-medium size-medium\" alt=\"{:de}WGT-CH Logo transparent 352 px{:}{:fr}JMP-CH Logo transparent 352 px{:}{:it}GMP-CH Logo trasparente 352 px{:}\" loading=\"lazy\" srcset=\"https:\/\/wgt.ch\/wp-content\/uploads\/2022\/11\/WGT-CH-Logo-transparent-352-px-300x300.png 300w, https:\/\/wgt.ch\/wp-content\/uploads\/2022\/11\/WGT-CH-Logo-transparent-352-px-150x150.png 150w, https:\/\/wgt.ch\/wp-content\/uploads\/2022\/11\/WGT-CH-Logo-transparent-352-px.png 352w\" sizes=\"auto, (max-width: 300px) 100vw, 300px\" \/><\/a><div class=\"w-image-meta\"><div class=\"w-image-title\">WGT CH Logo transparent 352 px<\/div><\/div><\/div><div class=\"w-separator size_small\"><\/div><\/div><\/div><div class=\"wpb_column vc_column_container\"><div class=\"vc_column-inner\"><div class=\"w-image align_none meta_simple\"><a ref=\"magnificPopup\" href=\"https:\/\/wgt.ch\/wp-content\/uploads\/2023\/04\/Titelbild-WGT-2024-Palaestina-von-Halima-Aziz.jpg\" aria-label=\"Titelbild WGT 2024 Pal\u00e4stina von Halima Aziz\" class=\"w-image-h\"><img decoding=\"async\" width=\"726\" height=\"1024\" src=\"https:\/\/wgt.ch\/wp-content\/uploads\/2023\/04\/Titelbild-WGT-2024-Palaestina-von-Halima-Aziz-726x1024.jpg\" class=\"attachment-large size-large\" alt=\"{:de}Titelbild WGT 2024 Pal\u00e4stina von Halima Aziz{:}{:fr}Image de couverture JMP 2024 Palestine de Halima Aziz{:}{:it}Il frontespizio GMP 2024 Palestina de Halima Aziz{:}\" loading=\"lazy\" srcset=\"https:\/\/wgt.ch\/wp-content\/uploads\/2023\/04\/Titelbild-WGT-2024-Palaestina-von-Halima-Aziz-726x1024.jpg 726w, https:\/\/wgt.ch\/wp-content\/uploads\/2023\/04\/Titelbild-WGT-2024-Palaestina-von-Halima-Aziz-213x300.jpg 213w, https:\/\/wgt.ch\/wp-content\/uploads\/2023\/04\/Titelbild-WGT-2024-Palaestina-von-Halima-Aziz-1089x1536.jpg 1089w, https:\/\/wgt.ch\/wp-content\/uploads\/2023\/04\/Titelbild-WGT-2024-Palaestina-von-Halima-Aziz.jpg 1375w\" sizes=\"auto, (max-width: 726px) 100vw, 726px\" \/><\/a><div class=\"w-image-meta\"><div class=\"w-image-title\">Titelbild WGT 2024 Pal\u00e4stina von Halima Aziz<\/div><\/div><\/div><div class=\"w-separator size_small\"><\/div><\/div><\/div><div class=\"wpb_column vc_column_container\"><div class=\"vc_column-inner\"><div class=\"w-image align_none meta_simple\"><a ref=\"magnificPopup\" href=\"https:\/\/wgt.ch\/wp-content\/uploads\/2023\/09\/Bild-Olive-Tree-von-Anoush-Vosguerichian-scaled.jpg\" aria-label=\"Olive Tree von Anoush Vosguerichian\" class=\"w-image-h\"><img decoding=\"async\" width=\"617\" height=\"1024\" src=\"https:\/\/wgt.ch\/wp-content\/uploads\/2023\/09\/Bild-Olive-Tree-von-Anoush-Vosguerichian-617x1024.jpg\" class=\"attachment-large size-large\" alt=\"{:de}Olive Tree von Anoush Vosguerichian{:}{:fr}Olive Tree de Anoush Vosguerichian{:}{:it}Olive Tree de Anoush Vosguerichian{:}\" loading=\"lazy\" srcset=\"https:\/\/wgt.ch\/wp-content\/uploads\/2023\/09\/Bild-Olive-Tree-von-Anoush-Vosguerichian-617x1024.jpg 617w, https:\/\/wgt.ch\/wp-content\/uploads\/2023\/09\/Bild-Olive-Tree-von-Anoush-Vosguerichian-181x300.jpg 181w, https:\/\/wgt.ch\/wp-content\/uploads\/2023\/09\/Bild-Olive-Tree-von-Anoush-Vosguerichian-925x1536.jpg 925w, https:\/\/wgt.ch\/wp-content\/uploads\/2023\/09\/Bild-Olive-Tree-von-Anoush-Vosguerichian-1233x2048.jpg 1233w, https:\/\/wgt.ch\/wp-content\/uploads\/2023\/09\/Bild-Olive-Tree-von-Anoush-Vosguerichian-scaled.jpg 1542w\" sizes=\"auto, (max-width: 617px) 100vw, 617px\" \/><\/a><div class=\"w-image-meta\"><div class=\"w-image-title\">Olive Tree von Anoush Vosguerichian<\/div><\/div><\/div><div class=\"w-separator size_small\"><\/div><\/div><\/div><\/div><div class=\"wpb_column vc_column_container\"><div class=\"vc_column-inner\"><div class=\"w-separator size_small\"><\/div><div class=\"wpb_text_column\"><div class=\"wpb_wrapper\"><h5><strong>1 L&#8217;olivo<\/strong><\/h5>\n<ul>\n<li><a ref=\"magnificPopup\" href=\"https:\/\/wgt.ch\/wp-content\/uploads\/2023\/10\/Olivenbaum-\u00a9Pia-Tschupp.jpg\" target=\"_blank\" rel=\"noopener\">Immagine dell&#8217;albero di olivo<\/a><\/li>\n<\/ul>\n<\/div><\/div><div class=\"w-separator size_small\"><\/div><div class=\"wpb_text_column\"><div class=\"wpb_wrapper\"><h5><strong>2 Concezione della liturgia<\/strong><\/h5>\n<ul>\n<li><a href=\"https:\/\/wgt.ch\/wp-content\/uploads\/2023\/11\/Presentazione-della-colletta-Afghanistan-ostetriche-Jamila.pdf\" target=\"_blank\" rel=\"noopener\">Presentazione della colletta &#8211; Afghanistan ostetriche Jamila<\/a><\/li>\n<li><a href=\"https:\/\/wgt.ch\/wp-content\/uploads\/2023\/11\/Presentazione-della-colletta-Palestina-piccole-imprenditrici-Khulud.pdf\" target=\"_blank\" rel=\"noopener\">Presentazione della colletta -Palestina piccole imprenditrici Khulud<\/a><\/li>\n<li><a href=\"https:\/\/wgt.ch\/wp-content\/uploads\/2023\/09\/Aboun-dBishmayo-Lords-Prayer-in-Aramaic.mp3\" target=\"_blank\" rel=\"noopener\">Aboun d&#8217;Bishmayo &#8211; Padre Nostro in aramaico da ascoltare.mp3<\/a><\/li>\n<li><a href=\"https:\/\/wgt.ch\/wp-content\/uploads\/2024\/01\/GMP-2024-Palestina-Liturgia-struttura-IT.pdf\" target=\"_blank\" rel=\"noopener\">GMP 2024 Palestina Liturgia-struttura.pdf<\/a><\/li>\n<li><a href=\"https:\/\/wgt.ch\/wp-content\/uploads\/2024\/01\/GMP-2024-Palestina-Liturgia-struttura-IT.docx\" target=\"_blank\" rel=\"noopener\">GMP 2024 Palestina Liturgia-struttura.docx<\/a><\/li>\n<\/ul>\n<\/div><\/div><div class=\"w-separator size_small\"><\/div><div class=\"wpb_text_column\"><div class=\"wpb_wrapper\"><h5><strong>3 Studio biblico<\/strong><\/h5>\n<ul>\n<li>\u00a0 <a href=\"https:\/\/wgt.ch\/wp-content\/uploads\/2023\/09\/0-Elenco-studio-biblico-Palestina.pdf\" target=\"_blank\" rel=\"noopener\">0\u00a0 Elenco studio biblico Palestina<\/a><\/li>\n<li>\u00a0\u00a0<a href=\"https:\/\/wgt.ch\/wp-content\/uploads\/2023\/09\/1-Procedura-di-studio-biblico.pdf\" target=\"_blank\" rel=\"noopener\">1 \u00a0Svolgimento dello studio biblico<\/a><\/li>\n<li>\u00a0 <a href=\"https:\/\/wgt.ch\/wp-content\/uploads\/2023\/09\/2-Efesini-41-7-diverse-traduzioni.pdf\" target=\"_blank\" rel=\"noopener\">2 \u00a0Testo biblico nelle diverse traduzioni e in greco<\/a><\/li>\n<li>\u00a0 <a href=\"https:\/\/wgt.ch\/wp-content\/uploads\/2023\/09\/3-Introduzione.pdf\" target=\"_blank\" rel=\"noopener\">3 \u00a0Introduzione<\/a><\/li>\n<li>\u00a0 <a href=\"https:\/\/wgt.ch\/wp-content\/uploads\/2023\/09\/4-passaggi-chiave.pdf\" target=\"_blank\" rel=\"noopener\">4 \u00a0Passaggi chiave nel testo biblico<\/a><\/li>\n<li>\u00a0<a href=\"https:\/\/wgt.ch\/wp-content\/uploads\/2023\/09\/5-Approfondimento.pdf\" target=\"_blank\" rel=\"noopener\"> 5 \u00a0Approfondimento teologico<\/a><\/li>\n<li>\u00a0 <a href=\"https:\/\/wgt.ch\/wp-content\/uploads\/2023\/09\/6-Contesto-storico.pdf\" target=\"_blank\" rel=\"noopener\">6 \u00a0Contesto storico<\/a><\/li>\n<li>\u00a0 <a href=\"https:\/\/wgt.ch\/wp-content\/uploads\/2023\/09\/7-Cartina-geografica-delle-comunita-cristiane-in-Asia-Minore-.pdf\" target=\"_blank\" rel=\"noopener\">7 \u00a0Cartina geografica con le prime comunit\u00e0 cristiane in Asia Minore<\/a><\/li>\n<li>\u00a0 <a href=\"https:\/\/wgt.ch\/wp-content\/uploads\/2023\/09\/8-Omiletica-interpretazione.pdf\" target=\"_blank\" rel=\"noopener\">8 \u00a0Omiletica \u2013 Interpretazione<\/a><\/li>\n<li>\u00a0 <a href=\"https:\/\/wgt.ch\/wp-content\/uploads\/2023\/09\/9-schede-di-lavoro-incontro-con-il-testo.pdf\" target=\"_blank\" rel=\"noopener\">9 \u00a0Schede per il lavoro di gruppo \u2013 Incontro con il testo<\/a><\/li>\n<li><a href=\"https:\/\/wgt.ch\/wp-content\/uploads\/2023\/09\/10-Schede-lavoro-Collegamento-alla-propria-vita.pdf\" target=\"_blank\" rel=\"noopener\">10\u00a0 Schede per il lavoro di gruppo \u2013 Collegamento alla propria vita<\/a><\/li>\n<li><a href=\"https:\/\/wgt.ch\/wp-content\/uploads\/2023\/09\/11-modello-di-foglia-dulivo.pdf\" target=\"_blank\" rel=\"noopener\">11\u00a0 Modello di foglia d\u2019ulivo<\/a><\/li>\n<\/ul>\n<\/div><\/div><div class=\"w-separator size_small\"><\/div><div class=\"wpb_text_column\"><div class=\"wpb_wrapper\"><h5><strong>11 Descrizioni dettagliate dei progetti<\/strong><\/h5>\n<ul>\n<li><a href=\"https:\/\/wgt.ch\/wp-content\/uploads\/2023\/11\/0-Colletta-della-Giornata-mondiale-di-preghiera-e-progetti-2024.pdf\" target=\"_blank\" rel=\"noopener\">Colletta della Giornata mondiale di preghiera e progetti 2024<\/a><\/li>\n<li><a href=\"https:\/\/wgt.ch\/wp-content\/uploads\/2023\/11\/1-Donne-beduine-e-giocattoli-sostenibili-per-i-bambini-.pdf\" target=\"_blank\" rel=\"noopener\">Donne beduine e giocattoli sostenibili per i bambini<\/a><\/li>\n<li><a href=\"https:\/\/wgt.ch\/wp-content\/uploads\/2023\/11\/2-Formazione-ed-educazione-alla-pace-per-donne-e-giovani.pdf\" target=\"_blank\" rel=\"noopener\">Formazione ed educazione alla pace per donne e giovani<\/a><\/li>\n<li><a href=\"https:\/\/wgt.ch\/wp-content\/uploads\/2023\/11\/3-Mobilitazione-di-giovani-donne-e-uomini-contro-la-violenza-di-genere.pdf\" target=\"_blank\" rel=\"noopener\">Mobilitazione di giovani donne e uomini contro la violenza di genere<\/a><\/li>\n<li><a href=\"https:\/\/wgt.ch\/wp-content\/uploads\/2023\/11\/4-Sostegno-alle-piccole-imprenditrici-nella-Striscia-di-Gaza.pdf\" target=\"_blank\" rel=\"noopener\">Sostegno alle piccole imprenditrici nella Striscia di Gaza<\/a><\/li>\n<li><a href=\"https:\/\/wgt.ch\/wp-content\/uploads\/2023\/11\/5-Formazione-di-operatrici-sanitarie-per-la-Cisgiordania.pdf\" target=\"_blank\" rel=\"noopener\">Formazione di operatrici sanitarie per la Cisgiordania<\/a><\/li>\n<li><a href=\"https:\/\/wgt.ch\/wp-content\/uploads\/2023\/11\/6-Sostegno-psicosociale-alle-donne-nella-Striscia-di-Gaza.pdf\" target=\"_blank\" rel=\"noopener\">Sostegno psicosociale alle donne nella Striscia di Gaza<\/a><\/li>\n<li><a href=\"https:\/\/wgt.ch\/wp-content\/uploads\/2023\/11\/7-Progetti-pluriennali-in-quattro-continenti.pdf\" target=\"_blank\" rel=\"noopener\">Progetti pluriennali in quattro continenti &#8211; Afghanistan: accesso alle cure preventive e all\u2019assistenza ostetrica<\/a><\/li>\n<li><a href=\"https:\/\/wgt.ch\/wp-content\/uploads\/2023\/11\/8-RD-Congo-integrazione-sociale-ed-economica-delle-donne-vittime-di-traumi.pdf\" target=\"_blank\" rel=\"noopener\">RD Congo integrazione sociale ed economica delle donne vittime di traumi<\/a><\/li>\n<\/ul>\n<\/div><\/div><div class=\"wpb_text_column\"><div class=\"wpb_wrapper\"><ul>\n<li><a href=\"https:\/\/wgt.ch\/it\/downloads-palaestina-2024\/bilder-zu-projekten-2024-palaestina\/\" target=\"_blank\" rel=\"noopener\">Foto di progetti 2024 Palestina<\/a><\/li>\n<\/ul>\n<\/div><\/div><\/div><\/div><\/div><\/div><\/section>\n","protected":false},"excerpt":{"rendered":"{:de}Downloads Palestina 2024 Material zur Vorbereitung der Feier &nbsp; Zusatzgebet WGT 2024 Pal\u00e4stina.pdf &#8211; WGT Komitee Pal\u00e4stina im Februar 2024 Zusatzgebet 2x auf A4 WGT 2024 Pal\u00e4stina.pdf Erkl\u00e4rung des schweizerischen Weltgebetstags-Komitees zur vorliegenden Liturgie aus Pal\u00e4stina &#8211; April 2023 Ank\u00fcndigungstext f\u00fcr lokale WGT-Feiern.pdf &nbsp; Logo Weltgebetstag Schweiz &#8211; neu seit 2022: WGT CH Logo transparent...","protected":false},"author":5,"featured_media":0,"parent":0,"menu_order":23,"comment_status":"closed","ping_status":"closed","template":"","meta":{"_acf_changed":false,"footnotes":""},"class_list":["post-27963","page","type-page","status-publish","hentry"],"translation":{"provider":"WPGlobus","version":"3.0.2","language":"it","enabled_languages":["de","fr","it"],"languages":{"de":{"title":true,"content":true,"excerpt":false},"fr":{"title":true,"content":true,"excerpt":false},"it":{"title":true,"content":true,"excerpt":false}}},"acf":[],"_links":{"self":[{"href":"https:\/\/wgt.ch\/it\/wp-json\/wp\/v2\/pages\/27963","targetHints":{"allow":["GET"]}}],"collection":[{"href":"https:\/\/wgt.ch\/it\/wp-json\/wp\/v2\/pages"}],"about":[{"href":"https:\/\/wgt.ch\/it\/wp-json\/wp\/v2\/types\/page"}],"author":[{"embeddable":true,"href":"https:\/\/wgt.ch\/it\/wp-json\/wp\/v2\/users\/5"}],"replies":[{"embeddable":true,"href":"https:\/\/wgt.ch\/it\/wp-json\/wp\/v2\/comments?post=27963"}],"version-history":[{"count":116,"href":"https:\/\/wgt.ch\/it\/wp-json\/wp\/v2\/pages\/27963\/revisions"}],"predecessor-version":[{"id":34149,"href":"https:\/\/wgt.ch\/it\/wp-json\/wp\/v2\/pages\/27963\/revisions\/34149"}],"wp:attachment":[{"href":"https:\/\/wgt.ch\/it\/wp-json\/wp\/v2\/media?parent=27963"}],"curies":[{"name":"wp","href":"https:\/\/api.w.org\/{rel}","templated":true}]}}