{"id":30467,"date":"2023-12-12T15:17:26","date_gmt":"2023-12-12T14:17:26","guid":{"rendered":"https:\/\/wgt.ch\/?page_id=30467"},"modified":"2023-12-12T16:37:08","modified_gmt":"2023-12-12T15:37:08","slug":"kinderspital-bethlehem","status":"publish","type":"page","link":"https:\/\/wgt.ch\/it\/fenster-zu-palaestina-s\/kinderspital-bethlehem\/","title":{"rendered":"Caritas Baby Hospital a Betlemme"},"content":{"rendered":"<section class=\"l-section wpb_row height_small\"><div class=\"l-section-h i-cf\"><div class=\"g-cols vc_row via_grid cols_1 laptops-cols_inherit tablets-cols_inherit mobiles-cols_1 valign_top type_default stacking_default\"><div class=\"wpb_column vc_column_container\"><div class=\"vc_column-inner\"><div class=\"wpb_text_column\"><div class=\"wpb_wrapper\"><h2>Caritas Baby Hospital a Betlemme<\/h2>\n<\/div><\/div><div class=\"w-separator size_medium\"><\/div><div class=\"wpb_text_column us_custom_b946189c\"><div class=\"wpb_wrapper\"><h4>La situazione per il Caritas Baby Hospital a Betlemme (14 novembre 2023)<\/h4>\n<p>Dal 7 ottobre, la Cisgiordania \u00e8 isolata.\u00a0Le strade di accesso all\u2019ospedale di Betlemme sono vuote. \u00a0Il \u00a0posto di controllo sulla strada che conduce da Betlemme a Gerusalemme \u00e8 chiuso. Per le piccole\u00a0 e i piccoli pazienti \u00e8 impossibile raggiungere l\u2019ospedale pediatrico. Questo \u00e8 il motivo per cui \u00e8 stata installata un\u2019assistenza telefonica per le consultazioni.<\/p>\n<\/div><\/div><div class=\"wpb_text_column us_custom_7bcbd763\"><div class=\"wpb_wrapper\"><h4>Il Caritas Baby Hospital oggi<\/h4>\n<\/div><\/div><div class=\"g-cols wpb_row via_grid cols_2 laptops-cols_inherit tablets-cols_inherit mobiles-cols_1 valign_top type_default stacking_default\" style=\"--columns-gap:3rem;\"><div class=\"wpb_column vc_column_container\"><div class=\"vc_column-inner\"><div class=\"w-image align_none meta_simple\"><div class=\"w-image-h\"><img decoding=\"async\" width=\"1388\" height=\"956\" src=\"https:\/\/wgt.ch\/wp-content\/uploads\/2023\/12\/Kinderspital-Bethlehem-Wartebereich.jpg\" class=\"attachment-full size-full\" alt=\"\" loading=\"lazy\" srcset=\"https:\/\/wgt.ch\/wp-content\/uploads\/2023\/12\/Kinderspital-Bethlehem-Wartebereich.jpg 1388w, https:\/\/wgt.ch\/wp-content\/uploads\/2023\/12\/Kinderspital-Bethlehem-Wartebereich-300x207.jpg 300w, https:\/\/wgt.ch\/wp-content\/uploads\/2023\/12\/Kinderspital-Bethlehem-Wartebereich-1024x705.jpg 1024w\" sizes=\"auto, (max-width: 1388px) 100vw, 1388px\" \/><\/div><div class=\"w-image-meta\"><div class=\"w-image-title\">Kinderspital Bethlehem Wartebereich<\/div><\/div><\/div><div class=\"w-separator size_small\"><\/div><\/div><\/div><div class=\"wpb_column vc_column_container\"><div class=\"vc_column-inner\"><div class=\"wpb_text_column\"><div class=\"wpb_wrapper\"><p>Ogni anno, decine di migliaia di bambini malati ricevono cure mediche, infermieristiche e terapeutiche presso l\u2019ospedale pediatrico.<\/p>\n<p>Un aiuto immediato viene prestato all\u2019<strong>ambulatorio<\/strong>, dove i genitori possono recarsi con i bambini senza appuntamento. \u00c8 possibile rimanervi fino a 24 ore, quando sar\u00e0 deciso \u00a0se per la piccola o il piccolo s\u2019 impone un ricovero.<\/p>\n<\/div><\/div><\/div><\/div><\/div><div class=\"w-separator size_small\"><\/div><div class=\"g-cols wpb_row via_grid cols_2-1 laptops-cols_inherit tablets-cols_inherit mobiles-cols_1 valign_top type_default stacking_default\" style=\"--columns-gap:3rem;\"><div class=\"wpb_column vc_column_container\"><div class=\"vc_column-inner\"><div class=\"wpb_text_column\"><div class=\"wpb_wrapper\"><p>Dal 2013, l\u2019ospedale \u00e8 dotato di un\u2019 <strong>unit\u00e0 di terapia intensiva<\/strong> che nel 2018 \u00e8 stata ampliata a nove letti. L\u2019\u00e9quipe medica salva ogni giorno piccole vite. Vengono curati soprattutto bambini affetti da gravi malattie alle vie respiratorie, da patologie metaboliche o da problemi cardiaci.<\/p>\n<p>L\u2019ospedale consente trattamenti di fisioterapia pediatrica fino all\u2019et\u00e0 di tre anni compiuti.<\/p>\n<\/div><\/div><\/div><\/div><div class=\"wpb_column vc_column_container\"><div class=\"vc_column-inner\"><div class=\"w-image align_none\"><div class=\"w-image-h\"><img decoding=\"async\" width=\"720\" height=\"1024\" src=\"https:\/\/wgt.ch\/wp-content\/uploads\/2023\/12\/Kinderspital-Bethlehem-Saeuglingsschwester-\u00a9-Meinrad-Schade--720x1024.jpg\" class=\"attachment-large size-large\" alt=\"\" loading=\"lazy\" srcset=\"https:\/\/wgt.ch\/wp-content\/uploads\/2023\/12\/Kinderspital-Bethlehem-Saeuglingsschwester-\u00a9-Meinrad-Schade--720x1024.jpg 720w, https:\/\/wgt.ch\/wp-content\/uploads\/2023\/12\/Kinderspital-Bethlehem-Saeuglingsschwester-\u00a9-Meinrad-Schade--211x300.jpg 211w, https:\/\/wgt.ch\/wp-content\/uploads\/2023\/12\/Kinderspital-Bethlehem-Saeuglingsschwester-\u00a9-Meinrad-Schade--1079x1536.jpg 1079w, https:\/\/wgt.ch\/wp-content\/uploads\/2023\/12\/Kinderspital-Bethlehem-Saeuglingsschwester-\u00a9-Meinrad-Schade--1439x2048.jpg 1439w, https:\/\/wgt.ch\/wp-content\/uploads\/2023\/12\/Kinderspital-Bethlehem-Saeuglingsschwester-\u00a9-Meinrad-Schade-.jpg 1754w\" sizes=\"auto, (max-width: 720px) 100vw, 720px\" \/><\/div><\/div><\/div><\/div><\/div><div class=\"w-separator size_small\"><\/div><div class=\"g-cols wpb_row via_grid cols_2 laptops-cols_inherit tablets-cols_inherit mobiles-cols_1 valign_top type_default stacking_default\" style=\"--columns-gap:3rem;\"><div class=\"wpb_column vc_column_container\"><div class=\"vc_column-inner\"><div class=\"w-image align_none\"><div class=\"w-image-h\"><img decoding=\"async\" width=\"1024\" height=\"700\" src=\"https:\/\/wgt.ch\/wp-content\/uploads\/2023\/12\/Kinderspital-Bethlehem-Muetterabteilung-\u00a9-Meinrad-Schade-1024x700.jpg\" class=\"attachment-large size-large\" alt=\"\" loading=\"lazy\" srcset=\"https:\/\/wgt.ch\/wp-content\/uploads\/2023\/12\/Kinderspital-Bethlehem-Muetterabteilung-\u00a9-Meinrad-Schade-1024x700.jpg 1024w, https:\/\/wgt.ch\/wp-content\/uploads\/2023\/12\/Kinderspital-Bethlehem-Muetterabteilung-\u00a9-Meinrad-Schade-300x205.jpg 300w, https:\/\/wgt.ch\/wp-content\/uploads\/2023\/12\/Kinderspital-Bethlehem-Muetterabteilung-\u00a9-Meinrad-Schade.jpg 1323w\" sizes=\"auto, (max-width: 1024px) 100vw, 1024px\" \/><\/div><\/div><div class=\"w-separator size_small\"><\/div><\/div><\/div><div class=\"wpb_column vc_column_container\"><div class=\"vc_column-inner\"><div class=\"wpb_text_column\"><div class=\"wpb_wrapper\"><p>In uno <strong>spazio<\/strong> messo a disposizione dall\u2019 ospedale <strong>per le mamme<\/strong>, queste trovano tranquillit\u00e0 e assistenza. Ricevono consulenza su temi quali le malattie ereditarie, l\u2019igiene e l\u2019alimentazione. Le donne, spesso molto giovani, una volta rientrate a casa mettono a frutto le conoscenze acquisite a familiari e vicine di casa.<\/p>\n<p>Chi non riesce a pagare le spese di cura, pu\u00f2 contare sull\u2019aiuto dei <strong>servizi sociali<\/strong> <strong>dell\u2019ospedale<\/strong>.<\/p>\n<p>\u00a9: Foto: Meinrad Schade<\/p>\n<\/div><\/div><\/div><\/div><\/div><div class=\"w-separator size_medium\"><\/div><div class=\"g-cols wpb_row via_grid cols_1 laptops-cols_inherit tablets-cols_inherit mobiles-cols_1 valign_top type_default stacking_default\" style=\"--columns-gap:3rem;\"><div class=\"wpb_column vc_column_container\"><div class=\"vc_column-inner\"><div class=\"wpb_text_column\"><div class=\"wpb_wrapper\"><h4>La storia dell\u2019ospedale pediatrico di Betlemme<\/h4>\n<p>Nel<strong> 1948, <\/strong>la creazione dello Stato israeliano e la successiva guerra d\u2019indipendenza hanno reso\u00a0\u00a0 centinaia di migliaia di famiglie palestinesi sfollate e in seguito rifugiate. Vivevano in tende e ci\u00f2 in grande povert\u00e0.<\/p>\n<\/div><\/div><div class=\"w-separator size_small\"><\/div><\/div><\/div><\/div><div class=\"g-cols wpb_row via_grid cols_2 laptops-cols_inherit tablets-cols_inherit mobiles-cols_1 valign_top type_default stacking_default\" style=\"--columns-gap:3rem;\"><div class=\"wpb_column vc_column_container\"><div class=\"vc_column-inner\"><div class=\"w-image align_none\"><div class=\"w-image-h\"><img decoding=\"async\" width=\"938\" height=\"681\" src=\"https:\/\/wgt.ch\/wp-content\/uploads\/2023\/12\/Gruender-\u00a9-Archiv-Kinderhilfe-Bethlehem.jpg\" class=\"attachment-large size-large\" alt=\"\" loading=\"lazy\" srcset=\"https:\/\/wgt.ch\/wp-content\/uploads\/2023\/12\/Gruender-\u00a9-Archiv-Kinderhilfe-Bethlehem.jpg 938w, https:\/\/wgt.ch\/wp-content\/uploads\/2023\/12\/Gruender-\u00a9-Archiv-Kinderhilfe-Bethlehem-300x218.jpg 300w\" sizes=\"auto, (max-width: 938px) 100vw, 938px\" \/><\/div><\/div><\/div><\/div><div class=\"wpb_column vc_column_container\"><div class=\"vc_column-inner\"><div class=\"wpb_text_column\"><div class=\"wpb_wrapper\"><p>Nel<strong> 1949<\/strong> Hedwig Vetter, una collaboratrice di Caritas Svizzera si rec\u00f2 in Palestina e si rese conto delle condizioni di vita della popolazione palestinese.\u00a0 Con l\u2019aiuto del dott.\u00a0 Dabdoub, decise di creare un centro di accoglienza per madri con bambini piccoli che necessitano di cure mediche d\u2019emergenza. A questo scopo presero in affitto dei locali nella citt\u00e0 vecchia di Betlemme, dando inizio\u00a0 a ci\u00f2 che pi\u00f9 tardi sarebbe diventato il Caritas Baby Hospital.<\/p>\n<p>Nel<strong> 1952, <\/strong>per conto di Caritas Svizzera, arriv\u00f2 a Betlemme il vallesano padre Ernst Schnydrig. Anche lui rimase scioccato dalla povert\u00e0 che dominava nel luogo di nascit\u00e0 di Ges\u00f9. Da allora sostenne l\u2019operato di Hedwig Vetter e del dott. Antoine Dabdoub.<\/p>\n<\/div><\/div><\/div><\/div><\/div><div class=\"w-separator size_small\"><\/div><div class=\"g-cols wpb_row via_grid cols_2 laptops-cols_inherit tablets-cols_inherit mobiles-cols_1 valign_top type_default stacking_default\" style=\"--columns-gap:3rem;\"><div class=\"wpb_column vc_column_container\"><div class=\"vc_column-inner\"><div class=\"wpb_text_column\"><div class=\"wpb_wrapper\"><p>Nel<strong> 1953, <\/strong>in un ospedale del luogo, fu loro possibile occupare alcuni letti per le cure stazionarie di bambini ammalati. \u00a0Questo segn\u00f2 l\u2019inizio dell\u2019ospedale e di una collaborazione proficua tra persone attive a livello locale e persone impegnate in Svizzera, Germania, Italia, Austria e Palestina.<\/p>\n<p>Nel<strong> 1963, <\/strong>padre\u00a0 Ernst Schnydrig fond\u00f2 a scopo non lucrativo l\u2019associazione Aiuto Bambini Betlemme con sede a Lucerna<\/p>\n<p>In Svizzera, la colletta di Natale delle parrocchie cattoliche \u00e8 destinata ogni anno al Caritas Baby Hospital.<\/p>\n<p>Annemarie Akermann<\/p>\n<\/div><\/div><\/div><\/div><div class=\"wpb_column vc_column_container\"><div class=\"vc_column-inner\"><div class=\"w-image align_none\"><div class=\"w-image-h\"><img decoding=\"async\" width=\"962\" height=\"602\" src=\"https:\/\/wgt.ch\/wp-content\/uploads\/2023\/12\/\u00a9-Archiv-Kinderhilfe-Bethlehem.jpg\" class=\"attachment-large size-large\" alt=\"\" loading=\"lazy\" srcset=\"https:\/\/wgt.ch\/wp-content\/uploads\/2023\/12\/\u00a9-Archiv-Kinderhilfe-Bethlehem.jpg 962w, https:\/\/wgt.ch\/wp-content\/uploads\/2023\/12\/\u00a9-Archiv-Kinderhilfe-Bethlehem-300x188.jpg 300w\" sizes=\"auto, (max-width: 962px) 100vw, 962px\" \/><\/div><\/div><div class=\"wpb_text_column\"><div class=\"wpb_wrapper\"><p>&nbsp;<\/p>\n<p>\u00a9: Archivio Aiuto Bambini Betlemme<\/p>\n<\/div><\/div><\/div><\/div><\/div><div class=\"g-cols wpb_row via_grid cols_1 laptops-cols_inherit tablets-cols_inherit mobiles-cols_1 valign_top type_default stacking_default\" style=\"--columns-gap:3rem;\"><div class=\"wpb_column vc_column_container\"><div class=\"vc_column-inner\"><div class=\"wpb_text_column\"><div class=\"wpb_wrapper\"><p><a href=\"https:\/\/wgt.ch\/wp-content\/uploads\/2023\/12\/Caritas-Baby-Hospital-a-Betlemme.pdf\" target=\"_blank\" rel=\"noopener\"><strong>Caritas Baby Hospital a Betlemme.pdf<\/strong><\/a><\/p>\n<\/div><\/div><\/div><\/div><\/div><\/div><\/div><\/div><\/div><\/section>\n","protected":false},"excerpt":{"rendered":"{:de} Caritas Baby Hospital in Bethlehem &nbsp; Die Situation des Caritas Baby Hospitals in Bethlehem (14. November 2023) Seit dem 7. Oktober ist das Westjordanland abgeriegelt. Die Zufahrtsstrassen zum Spital in Bethlehem sind leer. Das Tor zum Check Point, der von Bethlehem nach Jerusalem f\u00fchrt, ist geschlossen. Die Patient:innen k\u00f6nnen nicht ins Spital kommen. Das...","protected":false},"author":5,"featured_media":0,"parent":27468,"menu_order":9,"comment_status":"closed","ping_status":"closed","template":"","meta":{"_acf_changed":false,"footnotes":""},"class_list":["post-30467","page","type-page","status-publish","hentry"],"translation":{"provider":"WPGlobus","version":"3.0.2","language":"it","enabled_languages":["de","fr","it"],"languages":{"de":{"title":true,"content":true,"excerpt":false},"fr":{"title":true,"content":true,"excerpt":false},"it":{"title":true,"content":true,"excerpt":false}}},"acf":[],"_links":{"self":[{"href":"https:\/\/wgt.ch\/it\/wp-json\/wp\/v2\/pages\/30467","targetHints":{"allow":["GET"]}}],"collection":[{"href":"https:\/\/wgt.ch\/it\/wp-json\/wp\/v2\/pages"}],"about":[{"href":"https:\/\/wgt.ch\/it\/wp-json\/wp\/v2\/types\/page"}],"author":[{"embeddable":true,"href":"https:\/\/wgt.ch\/it\/wp-json\/wp\/v2\/users\/5"}],"replies":[{"embeddable":true,"href":"https:\/\/wgt.ch\/it\/wp-json\/wp\/v2\/comments?post=30467"}],"version-history":[{"count":38,"href":"https:\/\/wgt.ch\/it\/wp-json\/wp\/v2\/pages\/30467\/revisions"}],"predecessor-version":[{"id":30521,"href":"https:\/\/wgt.ch\/it\/wp-json\/wp\/v2\/pages\/30467\/revisions\/30521"}],"up":[{"embeddable":true,"href":"https:\/\/wgt.ch\/it\/wp-json\/wp\/v2\/pages\/27468"}],"wp:attachment":[{"href":"https:\/\/wgt.ch\/it\/wp-json\/wp\/v2\/media?parent=30467"}],"curies":[{"name":"wp","href":"https:\/\/api.w.org\/{rel}","templated":true}]}}