{"id":31558,"date":"2024-01-17T16:12:00","date_gmt":"2024-01-17T15:12:00","guid":{"rendered":"https:\/\/wgt.ch\/?p=31558"},"modified":"2024-01-17T16:12:00","modified_gmt":"2024-01-17T15:12:00","slug":"erklaerung-und-gebet-um-frieden-s","status":"publish","type":"page","link":"https:\/\/wgt.ch\/it\/erklaerung-und-gebet-um-frieden-s\/","title":{"rendered":"Dichiarazione e preghiera per la pace"},"content":{"rendered":"<section class=\"l-section wpb_row height_small\"><div class=\"l-section-h i-cf\"><div class=\"g-cols vc_row via_grid cols_1 laptops-cols_inherit tablets-cols_inherit mobiles-cols_1 valign_top type_default stacking_default\"><div class=\"wpb_column vc_column_container\"><div class=\"vc_column-inner\"><div class=\"w-image align_none\"><div class=\"w-image-h\"><img decoding=\"async\" width=\"1471\" height=\"428\" src=\"https:\/\/wgt.ch\/wp-content\/uploads\/2023\/10\/Friedensgebet-Palaestina.jpg\" class=\"attachment-full size-full\" alt=\"\" loading=\"lazy\" srcset=\"https:\/\/wgt.ch\/wp-content\/uploads\/2023\/10\/Friedensgebet-Palaestina.jpg 1471w, https:\/\/wgt.ch\/wp-content\/uploads\/2023\/10\/Friedensgebet-Palaestina-300x87.jpg 300w, https:\/\/wgt.ch\/wp-content\/uploads\/2023\/10\/Friedensgebet-Palaestina-1024x298.jpg 1024w\" sizes=\"auto, (max-width: 1471px) 100vw, 1471px\" \/><\/div><\/div><div class=\"w-separator size_medium\"><\/div><div class=\"wpb_text_column\"><div class=\"wpb_wrapper\"><p>Siamo scosse dal terrore di Hamas e sconvolte per la brutalit\u00e0 e la violenza degenerati nei giorni scorsi nel Vicino Oriente. Scioccate, paralizzate e con grande preoccupazione, cerchiamo di non distogliere lo sguardo dalla realt\u00e0 e di rimanere unite alla popolazione civile che soffre, alle donne e agli uomini dei nostri progetti e ai gruppi della Giornata mondiale di preghiera.<\/p>\n<p>Per donne e bambini, persone anziane e malate, la portata di queste violenze \u00e8 di nuovo pi\u00f9 drammatica, loro vengono abusate e usati da coloro che seminano terrore e orrori e che, accecati dall&#8217;ira, vogliono far prevalere i propri interessi di potere.<\/p>\n<p>\u00ab\u2026con il vincolo della pace\u00bb \u00e8 l&#8217;espressione-chiave per la Giornata mondiale di preghiera 2024 e il precedente periodo di preparazione. Ora, vista la situazione di guerra, stiamo cercando modalit\u00e0 idonee per essere coerenti all&#8217;intento fondamentale della GMP di contribuire a una pace giusta per tutti gli esseri umani. Riflettiamo sul nostro principio: ascoltare e guardare attentamente, informarsi e pregare insieme e, con la forza della preghiera, ritrovarsi per un agire solidale.<\/p>\n<p>Incoraggiamo quindi voi e noi stesse a osare un primo passo per uscire dalla paralisi e, oggi stesso, iniziare a pregare in comunione per una pace nella giustizia.<\/p>\n<\/div><\/div><div class=\"wpb_text_column us_custom_dbd1358b\"><div class=\"wpb_wrapper\"><p><strong>Dio di pace,<\/strong><\/p>\n<p><strong>nel nostro smarrimento veniamo a te con la nostra preghiera.<\/strong><\/p>\n<p><strong>I nostri pensieri e le nostre preghiere sono con le persone nel Vicino Oriente, colpite da guerra, violenza e terrore e che sono nell&#8217;angoscia e in estrema difficolt\u00e0.<\/strong><\/p>\n<p><strong>Pensiamo in particolar modo ai bambini e alle bambine, ai giovani, alle persone anziane e malate, a donne incinte e madri che sole cercano di sopravvivere con i loro figli.<\/strong><\/p>\n<p><strong>Tutte queste persone le affidiamo alle tue mani, nostro Dio.<\/strong><\/p>\n<p><strong>E preghiamo, affinch\u00e9 la riconciliazione vinca l&#8217;odio, la pace sconfigga la guerra, la speranza superi la disperazione e affinch\u00e9 i tuoi piani di pace si realizzino.<\/strong><\/p>\n<p><strong>\u00abIncamminiamoci ora e diamoci da fare per la causa della pace e della giustizia.<\/strong><\/p>\n<p><strong>La benedizione di Dio ci accompagni:<\/strong><\/p>\n<p><strong>il Signore ci benedica e vegli su di noi;<\/strong><\/p>\n<p><strong>il Signore faccia risplendere su di noi la sua luce e ci conceda la sua grazia;<\/strong><\/p>\n<p><strong>il Signore posi su di noi il suo sguardo e ci dia la pace.\u00bb<\/strong><\/p>\n<p><em>(dalla liturgia ecumenica per la Giornata mondiale di preghiera 2024)<\/em><\/p>\n<\/div><\/div><div class=\"wpb_text_column\"><div class=\"wpb_wrapper\"><p>Comitato dell&#8217;Associazione Giornata mondiale di preghiera Svizzera<\/p>\n<p>10 ottobre 2023<\/p>\n<p>&nbsp;<\/p>\n<h6><a href=\"https:\/\/wgt.ch\/wp-content\/uploads\/2023\/10\/GMPCH-Palestina-Dichiarazione-e-preghiera-per-la-pace.pdf\" target=\"_blank\" rel=\"noopener\"><strong>Palestina &#8211; <\/strong><strong>Dichiarazione e preghiera per la pace<\/strong><strong>.pdf<\/strong><\/a><\/h6>\n<\/div><\/div><\/div><\/div><\/div><\/div><\/section>\n","protected":false},"excerpt":{"rendered":"{:de}Wir sind ersch\u00fcttert \u00fcber den Terror der Hamas und entsetzt \u00fcber die Brutalit\u00e4t und Gewalt, welche in den vergangenen Tagen im Nahen Osten eskaliert sind. Geschockt, gel\u00e4hmt und mit grosser Sorge versuchen wir nicht wegzuschauen und verbunden zu bleiben mit der leidenden Zivilbev\u00f6lkerung, unseren Projektpartner:innen und den Weltgebetstagsgruppen. Wieder sind es Frauen und Kinder, alte...","protected":false},"author":5,"featured_media":0,"parent":0,"menu_order":25,"comment_status":"closed","ping_status":"closed","template":"","meta":{"_acf_changed":false,"footnotes":""},"class_list":["post-31558","page","type-page","status-publish","hentry"],"translation":{"provider":"WPGlobus","version":"3.0.2","language":"it","enabled_languages":["de","fr","it"],"languages":{"de":{"title":true,"content":true,"excerpt":false},"fr":{"title":true,"content":true,"excerpt":false},"it":{"title":true,"content":true,"excerpt":false}}},"acf":[],"_links":{"self":[{"href":"https:\/\/wgt.ch\/it\/wp-json\/wp\/v2\/pages\/31558","targetHints":{"allow":["GET"]}}],"collection":[{"href":"https:\/\/wgt.ch\/it\/wp-json\/wp\/v2\/pages"}],"about":[{"href":"https:\/\/wgt.ch\/it\/wp-json\/wp\/v2\/types\/page"}],"author":[{"embeddable":true,"href":"https:\/\/wgt.ch\/it\/wp-json\/wp\/v2\/users\/5"}],"replies":[{"embeddable":true,"href":"https:\/\/wgt.ch\/it\/wp-json\/wp\/v2\/comments?post=31558"}],"version-history":[{"count":14,"href":"https:\/\/wgt.ch\/it\/wp-json\/wp\/v2\/pages\/31558\/revisions"}],"predecessor-version":[{"id":31572,"href":"https:\/\/wgt.ch\/it\/wp-json\/wp\/v2\/pages\/31558\/revisions\/31572"}],"wp:attachment":[{"href":"https:\/\/wgt.ch\/it\/wp-json\/wp\/v2\/media?parent=31558"}],"curies":[{"name":"wp","href":"https:\/\/api.w.org\/{rel}","templated":true}]}}