{"id":33759,"date":"2024-05-15T16:03:15","date_gmt":"2024-05-15T14:03:15","guid":{"rendered":"https:\/\/wgt.ch\/?page_id=33759"},"modified":"2024-07-03T10:13:49","modified_gmt":"2024-07-03T08:13:49","slug":"kia-orana","status":"publish","type":"page","link":"https:\/\/wgt.ch\/it\/fenster-zu-den-cookinseln-s\/kia-orana\/","title":{"rendered":"Kia Orana"},"content":{"rendered":"<section class=\"l-section wpb_row height_small\"><div class=\"l-section-h i-cf\"><div class=\"g-cols vc_row via_grid cols_1 laptops-cols_inherit tablets-cols_inherit mobiles-cols_1 valign_top type_default stacking_default\"><div class=\"wpb_column vc_column_container\"><div class=\"vc_column-inner\"><h2 class=\"w-post-elm post_title entry-title color_link_inherit\">Kia Orana<\/h2><div class=\"wpb_text_column\"><div class=\"wpb_wrapper\"><p><strong>Kia orana!<\/strong> \u00c8 cos\u00ec che gli abitanti delle Isole Cook si salutano. Ed \u00e8 anche cos\u00ec che il Comitato della Giornata mondiale di preghiera delle Isole Cook ci saluta per la celebrazione della GMP del 7 marzo 2025.<\/p>\n<p><strong>Kia orana<\/strong> significa molto di pi\u00f9 di un semplice \u00abciao\u00bb. Vuol dire: \u00abti auguro di vivere bene e a lungo, ti auguro di brillare come il sole e di ballare con le onde\u00bb.<\/p>\n<p><strong>KIA ORANA<\/strong> \u00e8 anche augurio per una vita piena perch\u00e9, come lo dice il titolo della liturgia, siamo dei prodigi, tutte e tutti creati in modo meraviglioso. \u00c8 ci\u00f2 che suggerisce anche il Salmo 139.<\/p>\n<p>Gi\u00e0 pensiamo con gioia a quando saremo in unione per le celebrazioni con l\u2019allegro saluto delle Isole Cook che trovate sotto il segente Link:<\/p>\n<\/div><\/div><div class=\"g-cols wpb_row via_grid cols_1-2 laptops-cols_inherit tablets-cols_inherit mobiles-cols_1 valign_top type_default stacking_default\" style=\"--columns-gap:3rem;\"><div class=\"wpb_column vc_column_container\"><div class=\"vc_column-inner\"><div class=\"wpb_text_column\"><div class=\"wpb_wrapper\"><p><strong>How do we say hello in the Cook Islands?<\/strong><\/p>\n<p><a href=\"https:\/\/www.youtube.com\/watch?v=ZRgjsCe22tw\">https:\/\/www.youtube.com\/watch?v=ZRgjsCe22tw<\/a><\/p>\n<p>Kia Orana is more than a welcome in a little paradise.<\/p>\n<p>Vogliamo esercitarci in modo che il saluto ci sia familiare per poterlo rivolgere altrettanto gioiosamente e contagiosamente a chi parteciper\u00e0 alle nostre celebrazioni: <strong>Kia orana!<\/strong><\/p>\n<\/div><\/div><\/div><\/div><div class=\"wpb_column vc_column_container\"><div class=\"vc_column-inner\"><div class=\"w-video align_none ratio_16x9 has_iframe\"><div class=\"w-video-h\"><iframe title=\"Youtube video player\" src=\"\/\/www.youtube.com\/embed\/ZRgjsCe22tw?autoplay=0&controls=1&origin=https:\/\/wgt.ch\/it&loop=0&mute=0\" allowfullscreen=\"1\" loading=\"lazy\"><\/iframe><\/div><\/div><\/div><\/div><\/div><\/div><\/div><\/div><\/div><\/section>\n","protected":false},"excerpt":{"rendered":"{:de}Kia OranaKia Orana! So begr\u00fcssen die Menschen einander auf den Cookinseln. Und so begr\u00fcsst uns auch das WGT-Komitee von den Cookinseln zur Weltgebetstagsfeier am Freitag, 7.\u00a0M\u00e4rz 2025! Kia Orana bedeutet mehr als nur \u00abHallo\u00bb. Es bedeutet: \u00abIch w\u00fcnsche dir, dass du lange und gut lebst, dass du leuchtest wie die Sonne und mit den Wellen...","protected":false},"author":5,"featured_media":0,"parent":33755,"menu_order":4,"comment_status":"closed","ping_status":"closed","template":"","meta":{"_acf_changed":false,"footnotes":""},"class_list":["post-33759","page","type-page","status-publish","hentry"],"translation":{"provider":"WPGlobus","version":"3.0.2","language":"it","enabled_languages":["de","fr","it"],"languages":{"de":{"title":true,"content":true,"excerpt":false},"fr":{"title":true,"content":true,"excerpt":false},"it":{"title":true,"content":true,"excerpt":false}}},"acf":[],"_links":{"self":[{"href":"https:\/\/wgt.ch\/it\/wp-json\/wp\/v2\/pages\/33759","targetHints":{"allow":["GET"]}}],"collection":[{"href":"https:\/\/wgt.ch\/it\/wp-json\/wp\/v2\/pages"}],"about":[{"href":"https:\/\/wgt.ch\/it\/wp-json\/wp\/v2\/types\/page"}],"author":[{"embeddable":true,"href":"https:\/\/wgt.ch\/it\/wp-json\/wp\/v2\/users\/5"}],"replies":[{"embeddable":true,"href":"https:\/\/wgt.ch\/it\/wp-json\/wp\/v2\/comments?post=33759"}],"version-history":[{"count":23,"href":"https:\/\/wgt.ch\/it\/wp-json\/wp\/v2\/pages\/33759\/revisions"}],"predecessor-version":[{"id":34117,"href":"https:\/\/wgt.ch\/it\/wp-json\/wp\/v2\/pages\/33759\/revisions\/34117"}],"up":[{"embeddable":true,"href":"https:\/\/wgt.ch\/it\/wp-json\/wp\/v2\/pages\/33755"}],"wp:attachment":[{"href":"https:\/\/wgt.ch\/it\/wp-json\/wp\/v2\/media?parent=33759"}],"curies":[{"name":"wp","href":"https:\/\/api.w.org\/{rel}","templated":true}]}}