{"id":34159,"date":"2024-07-03T12:13:58","date_gmt":"2024-07-03T10:13:58","guid":{"rendered":"https:\/\/wgt.ch\/?page_id=34159"},"modified":"2024-10-10T15:19:10","modified_gmt":"2024-10-10T13:19:10","slug":"test-schriftgroessen","status":"publish","type":"page","link":"https:\/\/wgt.ch\/it\/test-schriftgroessen\/","title":{"rendered":"Test Schriftgr\u00f6ssen"},"content":{"rendered":"<section class=\"l-section wpb_row height_small\"><div class=\"l-section-h i-cf\"><div class=\"g-cols vc_row via_grid cols_1 laptops-cols_inherit tablets-cols_inherit mobiles-cols_1 valign_top type_default stacking_default\"><div class=\"wpb_column vc_column_container\"><div class=\"vc_column-inner\"><h2 class=\"w-post-elm post_title entry-title color_link_inherit\">Test Schriftgr\u00f6ssen<\/h2><div class=\"wpb_text_column\"><div class=\"wpb_wrapper\"><h1>\u00dcberschrift H1<\/h1>\n<h2>\u00dcberschrift H2<\/h2>\n<h3>\u00dcberschrift H3<\/h3>\n<h4>\u00dcberschrift H4\u00a0 \u00a0 1234567890<\/h4>\n<h5>\u00dcberschrift H5<\/h5>\n<h6>\u00dcberschrift H6<\/h6>\n<p>Absatz 1234567890,.-;:_ \u00b0+&#8221;*\u00e7%&amp;\/()=?<\/p>\n<p>\u00a6@#\u00b0\u00a7\u00ac|\u00a2\u00b4\u00b4~~[]{}<\/p>\n<\/div><\/div><\/div><\/div><\/div><\/div><\/section><section class=\"l-section wpb_row height_small\"><div class=\"l-section-h i-cf\"><div class=\"g-cols vc_row via_grid cols_2 laptops-cols_inherit tablets-cols_inherit mobiles-cols_1 valign_top type_default stacking_default\"><div class=\"wpb_column vc_column_container\"><div class=\"vc_column-inner\"><div class=\"w-image us_custom_785e50b2 align_none\"><div class=\"w-image-h\"><img decoding=\"async\" width=\"1024\" height=\"683\" src=\"https:\/\/wgt.ch\/wp-content\/uploads\/2024\/10\/20240625_105242162-Ika-Mata-3zu2-1024x683.jpg\" class=\"attachment-large size-large\" alt=\"Gericht aus rohem Fisch\" loading=\"lazy\" srcset=\"https:\/\/wgt.ch\/wp-content\/uploads\/2024\/10\/20240625_105242162-Ika-Mata-3zu2-1024x683.jpg 1024w, https:\/\/wgt.ch\/wp-content\/uploads\/2024\/10\/20240625_105242162-Ika-Mata-3zu2-300x200.jpg 300w, https:\/\/wgt.ch\/wp-content\/uploads\/2024\/10\/20240625_105242162-Ika-Mata-3zu2-600x400.jpg 600w\" sizes=\"auto, (max-width: 1024px) 100vw, 1024px\" \/><\/div><\/div><div class=\"wpb_text_column\"><div class=\"wpb_wrapper\"><p>Bildbeschreibung<\/p>\n<\/div><\/div><\/div><\/div><div class=\"wpb_column vc_column_container\"><div class=\"vc_column-inner\"><\/div><\/div><\/div><\/div><\/section><section class=\"l-section wpb_row height_small\"><div class=\"l-section-h i-cf\"><div class=\"g-cols vc_row via_grid cols_3 laptops-cols_inherit tablets-cols_inherit mobiles-cols_1 valign_top type_default stacking_default\"><div class=\"wpb_column vc_column_container\"><div class=\"vc_column-inner\"><div class=\"w-btn-wrapper align_center\"><a class=\"w-btn us-btn-style_1 us_custom_447c4368 has_text_color\" href=\"#\"><span class=\"w-btn-label\">Termine f\u00fcr Veranstaltungen und Vorbereitungstagungen<\/span><\/a><\/div><div class=\"w-btn-wrapper align_center\"><a class=\"w-btn us-btn-style_2 us_custom_447c4368 has_text_color\" href=\"#\"><span class=\"w-btn-label\">Termine f\u00fcr Veranstaltungen und Vorbereitungstagungen<\/span><\/a><\/div><div class=\"w-btn-wrapper align_center\"><a class=\"w-btn us-btn-style_3 us_custom_447c4368 has_text_color\" href=\"#\"><span class=\"w-btn-label\">Termine f\u00fcr Veranstaltungen und Vorbereitungstagungen<\/span><\/a><\/div><\/div><\/div><div class=\"wpb_column vc_column_container\"><div class=\"vc_column-inner\"><div class=\"w-btn-wrapper align_none\"><a class=\"w-btn us-btn-style_1 us_custom_5d6ba7b9\" href=\"#\"><span class=\"w-btn-label\">Downloads Material<\/span><\/a><\/div><\/div><\/div><div class=\"wpb_column vc_column_container\"><div class=\"vc_column-inner\"><\/div><\/div><\/div><\/div><\/section><section class=\"l-section wpb_row height_small\"><div class=\"l-section-h i-cf\"><div class=\"g-cols vc_row via_grid cols_3 laptops-cols_inherit tablets-cols_inherit mobiles-cols_1 valign_top type_default stacking_default\"><div class=\"wpb_column vc_column_container\"><div class=\"vc_column-inner\"><div id=\"\" class=\"video-player-for-wpbakery \">\n    <div class=\"video-player-for-wpbakery-container\">\n        <video\n            width=\"560\"\n            height=\"315\"\n            controls                                                            preload=\"metadata\"                        crossorigin=\"anonymous\"\n            disablepictureinpicture=\"false\">\n            <source src=\"https:\/\/wgt.ch\/wp-content\/uploads\/2024\/09\/1a.-Ocean-waves-1-\u00a9-WDPIC.mov\" type=\"video\/quicktime\">\n            Your browser does not support the video tag.        <\/video>\n    <\/div>\n<\/div>\n<\/div><\/div><div class=\"wpb_column vc_column_container\"><div class=\"vc_column-inner\"><div class=\"w-video align_none ratio_16x9 has_iframe\"><div class=\"w-video-h\"><iframe title=\"Youtube video player\" src=\"\/\/www.youtube.com\/embed\/GLpv-9ZuEfM?autoplay=0&controls=1&origin=https:\/\/wgt.ch\/it&loop=0&mute=0\" allowfullscreen=\"1\" loading=\"lazy\"><\/iframe><\/div><\/div><\/div><\/div><div class=\"wpb_column vc_column_container\"><div class=\"vc_column-inner\"><\/div><\/div><\/div><\/div><\/section>\n","protected":false},"excerpt":{"rendered":"{:de}Test Schriftgr\u00f6ssen \u00dcberschrift H1 \u00dcberschrift H2 \u00dcberschrift H3 \u00dcberschrift H4\u00a0 \u00a0 1234567890 \u00dcberschrift H5 \u00dcberschrift H6 Absatz 1234567890,.-;:_ \u00b0+&#8221;*\u00e7%&amp;\/()=? \u00a6@#\u00b0\u00a7\u00ac|\u00a2\u00b4\u00b4~~[]{} Bildbeschreibung Termine f\u00fcr Veranstaltungen und VorbereitungstagungenTermine f\u00fcr Veranstaltungen und VorbereitungstagungenTermine f\u00fcr Veranstaltungen und VorbereitungstagungenDownloads Material Your browser does not support the video tag. {:}{:fr}Ika Mata deutschTellergericht {:}","protected":false},"author":5,"featured_media":0,"parent":0,"menu_order":1,"comment_status":"closed","ping_status":"closed","template":"","meta":{"_acf_changed":false,"footnotes":""},"class_list":["post-34159","page","type-page","status-publish","hentry"],"translation":{"provider":"WPGlobus","version":"3.0.2","language":"it","enabled_languages":["de","fr","it"],"languages":{"de":{"title":true,"content":true,"excerpt":false},"fr":{"title":false,"content":true,"excerpt":false},"it":{"title":false,"content":false,"excerpt":false}}},"acf":[],"_links":{"self":[{"href":"https:\/\/wgt.ch\/it\/wp-json\/wp\/v2\/pages\/34159","targetHints":{"allow":["GET"]}}],"collection":[{"href":"https:\/\/wgt.ch\/it\/wp-json\/wp\/v2\/pages"}],"about":[{"href":"https:\/\/wgt.ch\/it\/wp-json\/wp\/v2\/types\/page"}],"author":[{"embeddable":true,"href":"https:\/\/wgt.ch\/it\/wp-json\/wp\/v2\/users\/5"}],"replies":[{"embeddable":true,"href":"https:\/\/wgt.ch\/it\/wp-json\/wp\/v2\/comments?post=34159"}],"version-history":[{"count":17,"href":"https:\/\/wgt.ch\/it\/wp-json\/wp\/v2\/pages\/34159\/revisions"}],"predecessor-version":[{"id":35365,"href":"https:\/\/wgt.ch\/it\/wp-json\/wp\/v2\/pages\/34159\/revisions\/35365"}],"wp:attachment":[{"href":"https:\/\/wgt.ch\/it\/wp-json\/wp\/v2\/media?parent=34159"}],"curies":[{"name":"wp","href":"https:\/\/api.w.org\/{rel}","templated":true}]}}