{"id":34414,"date":"2024-08-21T17:31:46","date_gmt":"2024-08-21T15:31:46","guid":{"rendered":"https:\/\/wgt.ch\/?page_id=34414"},"modified":"2024-08-21T18:26:37","modified_gmt":"2024-08-21T16:26:37","slug":"schmuck-aus-blumen-und-muscheln","status":"publish","type":"page","link":"https:\/\/wgt.ch\/it\/fenster-zu-den-cookinseln-s\/schmuck-aus-blumen-und-muscheln\/","title":{"rendered":"Copricapi con fiori e collane di conchiglie"},"content":{"rendered":"<section class=\"l-section wpb_row height_small\"><div class=\"l-section-h i-cf\"><div class=\"g-cols vc_row via_grid cols_1 laptops-cols_inherit tablets-cols_inherit mobiles-cols_1 valign_top type_default stacking_default\"><div class=\"wpb_column vc_column_container\"><div class=\"vc_column-inner\"><h1 class=\"w-post-elm post_title entry-title color_link_inherit\">Copricapi con fiori e collane di conchiglie<\/h1><\/div><\/div><\/div><\/div><\/section><section class=\"l-section wpb_row height_small\"><div class=\"l-section-h i-cf\"><div class=\"g-cols vc_row via_grid cols_1-3 laptops-cols_inherit tablets-cols_inherit mobiles-cols_1 valign_top type_default stacking_default\"><div class=\"wpb_column vc_column_container\"><div class=\"vc_column-inner\"><div class=\"g-cols wpb_row via_grid cols_1 laptops-cols_inherit tablets-cols_inherit mobiles-cols_1 valign_top type_default stacking_default\" style=\"--columns-gap:3rem;\"><div class=\"wpb_column vc_column_container\"><div class=\"vc_column-inner\"><div class=\"w-image align_none meta_simple\"><div class=\"w-image-h\"><img decoding=\"async\" width=\"377\" height=\"483\" src=\"https:\/\/wgt.ch\/wp-content\/uploads\/2024\/08\/Hut-mit-Blumenkranz-Ausschnitt-Bild-44-\u00a9-WDPIC.jpg\" class=\"attachment-large size-large\" alt=\"{:de}Hut mit Blumenkranz \u00a9 WDPIC{:}{:fr}Chapeaux avec Ei Katu \u00a9 WDPIC{:}{:it}Cappelli con corone di fiori \u00a9 WDPIC{:}\" loading=\"lazy\" srcset=\"https:\/\/wgt.ch\/wp-content\/uploads\/2024\/08\/Hut-mit-Blumenkranz-Ausschnitt-Bild-44-\u00a9-WDPIC.jpg 377w, https:\/\/wgt.ch\/wp-content\/uploads\/2024\/08\/Hut-mit-Blumenkranz-Ausschnitt-Bild-44-\u00a9-WDPIC-234x300.jpg 234w\" sizes=\"auto, (max-width: 377px) 100vw, 377px\" \/><\/div><div class=\"w-image-meta\"><div class=\"w-image-title\">{:de}Hut mit Blumenkranz \u00a9 WDPIC{:}{:fr}Chapeaux avec Ei Katu \u00a9 WDPIC{:}{:it}Cappelli con corone di fiori \u00a9 WDPIC{:}<\/div><\/div><\/div><\/div><\/div><\/div><\/div><\/div><div class=\"wpb_column vc_column_container\"><div class=\"vc_column-inner\"><div class=\"wpb_text_column\"><div class=\"wpb_wrapper\"><h3>EI KATU<\/h3>\n<p>EI KATU \u00e8 il nome del copricapo che, sia per donne che per uomini delle Isole Cook, \u00e8 naturale indossare. Lo portano al mercato o al centro commerciale, sul lavoro e ovviamente per le feste.<br \/>\nLe corone di fiori, confezionate da donne e ragazze, sono portate attorno al collo, lunghe fino al petto e come decorazioni sui cappelli pi\u00f9 diversi. Non manca quasi mai il fiore tiare, una gardenia bianca (gardenia taitensis).<br \/>\nOgni EI KATU ha la forma di un cerchio, il che simbolizza che tutto \u00e8 collegato, unito.<br \/>\n\u00c8 tradizione dare il benvenuto con corone di fiori a familiari, amici\u00a0e alti dignitari al loro arrivo nelle Isole Cook. Offerte come regalo rappresentano un abbraccio d\u2019amore.<br \/>\nUna volta all\u2019anno viene celebrato un coloratissimo festival dei fiori. Ogni giorno, per un\u2019intera settimana, si tengono concorsi per le decorazioni floreali pi\u00f9 belle di negozi, scuole, edifici governativi, ecc..<\/p>\n<\/div><\/div><\/div><\/div><\/div><\/div><\/section><section class=\"l-section wpb_row height_small\"><div class=\"l-section-h i-cf\"><div class=\"g-cols vc_row via_grid cols_1-3 laptops-cols_inherit tablets-cols_inherit mobiles-cols_1 valign_top type_default stacking_default\"><div class=\"wpb_column vc_column_container\"><div class=\"vc_column-inner\"><div class=\"g-cols wpb_row via_grid cols_1 laptops-cols_inherit tablets-cols_inherit mobiles-cols_1 valign_top type_default stacking_default\" style=\"--columns-gap:3rem;\"><div class=\"wpb_column vc_column_container\"><div class=\"vc_column-inner\"><div class=\"w-image align_none meta_simple\"><div class=\"w-image-h\"><img decoding=\"async\" width=\"1024\" height=\"1024\" src=\"https:\/\/wgt.ch\/wp-content\/uploads\/2024\/08\/19-Ei-pupu-Mangaia-shell-leis-\u00a9-WDPIC-1024x1024.jpg\" class=\"attachment-large size-large\" alt=\"{:de}Muschelkette \u00a9 WDPIC{:}{:fr}Collier de coquillages Ei pupu \u00a9 WDPIC{:}{:it}Collana di conchiglie \u00a9 WDPIC {:}\" loading=\"lazy\" srcset=\"https:\/\/wgt.ch\/wp-content\/uploads\/2024\/08\/19-Ei-pupu-Mangaia-shell-leis-\u00a9-WDPIC-1024x1024.jpg 1024w, https:\/\/wgt.ch\/wp-content\/uploads\/2024\/08\/19-Ei-pupu-Mangaia-shell-leis-\u00a9-WDPIC-300x300.jpg 300w, https:\/\/wgt.ch\/wp-content\/uploads\/2024\/08\/19-Ei-pupu-Mangaia-shell-leis-\u00a9-WDPIC-150x150.jpg 150w\" sizes=\"auto, (max-width: 1024px) 100vw, 1024px\" \/><\/div><div class=\"w-image-meta\"><div class=\"w-image-title\">{:de}Muschelkette \u00a9 WDPIC{:}{:fr}Collier de coquillages Ei pupu \u00a9 WDPIC{:}{:it}Collana di conchiglie \u00a9 WDPIC {:}<\/div><\/div><\/div><\/div><\/div><\/div><\/div><\/div><div class=\"wpb_column vc_column_container\"><div class=\"vc_column-inner\"><div class=\"wpb_text_column\"><div class=\"wpb_wrapper\"><h3>EI PUPU<\/h3>\n<p>EI PUPU sono collane composte da gusci di lumache, fabbricate nell\u2019isola di Mangaia. La loro realizzazione \u00e8 molto difficile. Le donne, dopo un acquazzone, siedono per ore sulla roccia e raccolgono i piccoli gusci di lumaca gialli. In seguito li fanno bollire, e, una volta asciutti e applicati piccoli fori, li infilano in un filo da pesca. \u00c8 un lavoro delicato e laborioso. Succede spesso che i gusci si sbriciolano o che le donne si feriscono alle dita. Il risultato finale \u00e8 una meravigliosa collana bianca o gialla, molto fine, pronta da vendere o da offrire a qualcuno.<\/p>\n<p>Annemarie Akermann<\/p>\n<\/div><\/div><\/div><\/div><\/div><\/div><\/section>\n","protected":false},"excerpt":{"rendered":"{:de}Copricapi con fiori e collane di conchiglie{:de}Hut mit Blumenkranz \u00a9 WDPIC{:}{:fr}Chapeaux avec Ei Katu \u00a9 WDPIC{:}{:it}Cappelli con corone di fiori \u00a9 WDPIC{:} EI KATU Ei Katu heisst der Kopfschmuck, der ganz selbstverst\u00e4ndlich von Frauen und M\u00e4nnern auf den Cookinseln getragen wird. Sie tragen ihn auf dem Markt, im Einkaufszentrum, bei der Arbeit und nat\u00fcrlich bei...","protected":false},"author":5,"featured_media":0,"parent":33755,"menu_order":5,"comment_status":"closed","ping_status":"closed","template":"","meta":{"_acf_changed":false,"footnotes":""},"class_list":["post-34414","page","type-page","status-publish","hentry"],"translation":{"provider":"WPGlobus","version":"3.0.2","language":"it","enabled_languages":["de","fr","it"],"languages":{"de":{"title":true,"content":true,"excerpt":false},"fr":{"title":true,"content":true,"excerpt":false},"it":{"title":true,"content":true,"excerpt":false}}},"acf":[],"_links":{"self":[{"href":"https:\/\/wgt.ch\/it\/wp-json\/wp\/v2\/pages\/34414","targetHints":{"allow":["GET"]}}],"collection":[{"href":"https:\/\/wgt.ch\/it\/wp-json\/wp\/v2\/pages"}],"about":[{"href":"https:\/\/wgt.ch\/it\/wp-json\/wp\/v2\/types\/page"}],"author":[{"embeddable":true,"href":"https:\/\/wgt.ch\/it\/wp-json\/wp\/v2\/users\/5"}],"replies":[{"embeddable":true,"href":"https:\/\/wgt.ch\/it\/wp-json\/wp\/v2\/comments?post=34414"}],"version-history":[{"count":10,"href":"https:\/\/wgt.ch\/it\/wp-json\/wp\/v2\/pages\/34414\/revisions"}],"predecessor-version":[{"id":34429,"href":"https:\/\/wgt.ch\/it\/wp-json\/wp\/v2\/pages\/34414\/revisions\/34429"}],"up":[{"embeddable":true,"href":"https:\/\/wgt.ch\/it\/wp-json\/wp\/v2\/pages\/33755"}],"wp:attachment":[{"href":"https:\/\/wgt.ch\/it\/wp-json\/wp\/v2\/media?parent=34414"}],"curies":[{"name":"wp","href":"https:\/\/api.w.org\/{rel}","templated":true}]}}