{"id":40290,"date":"2025-09-01T17:30:31","date_gmt":"2025-09-01T15:30:31","guid":{"rendered":"https:\/\/wgt.ch\/?page_id=40290"},"modified":"2025-09-01T17:53:25","modified_gmt":"2025-09-01T15:53:25","slug":"gele","status":"publish","type":"page","link":"https:\/\/wgt.ch\/it\/2026-nigeria-2\/fenster-zu-nigeria\/gele\/","title":{"rendered":"Gele"},"content":{"rendered":"<section class=\"l-section wpb_row height_small\"><div class=\"l-section-h i-cf\"><div class=\"g-cols vc_row via_grid cols_1 laptops-cols_inherit tablets-cols_inherit mobiles-cols_1 valign_top type_default stacking_default\"><div class=\"wpb_column vc_column_container\"><div class=\"vc_column-inner\"><h1 class=\"w-post-elm post_title entry-title color_link_inherit\">Gele<\/h1><div class=\"w-image align_none meta_simple\"><div class=\"w-image-h\"><img decoding=\"async\" width=\"1010\" height=\"603\" src=\"https:\/\/wgt.ch\/wp-content\/uploads\/2025\/09\/Nigerian_women-\u00a9Linda-Adiele-CC-BY-2.0.jpg\" class=\"attachment-full size-full\" alt=\"\" loading=\"lazy\" srcset=\"https:\/\/wgt.ch\/wp-content\/uploads\/2025\/09\/Nigerian_women-\u00a9Linda-Adiele-CC-BY-2.0.jpg 1010w, https:\/\/wgt.ch\/wp-content\/uploads\/2025\/09\/Nigerian_women-\u00a9Linda-Adiele-CC-BY-2.0-300x179.jpg 300w\" sizes=\"auto, (max-width: 1010px) 100vw, 1010px\" \/><\/div><div class=\"w-image-meta\"><div class=\"w-image-title\">\u00a9Linda Adiele CC BY 2.0<\/div><\/div><\/div><div class=\"w-separator size_small\"><\/div><div class=\"wpb_text_column\"><div class=\"wpb_wrapper\"><h3>Il gele (pronuncia: guele), un copricapo tipico della Nigeria<\/h3>\n<p>Si tratta di un foulard tradizionale, spesso acconciato in maniera artistica, che viene portato soprattutto in occasioni festive. La stoffa deve essere resistente, ad esempio damasco o broccato di seta, perch\u00e9 resti bene in forma. I motivi sono per lo pi\u00f9 molto colorati, arricchiti con ricami, lustrini o perle.<\/p>\n<p>Spesso il gele si abbina al vestito. La stoffa viene avvolta elegantemente intorno alla testa, piegata e arricciata fino ad acquistare una forma alta e \u00a0\u00a0\u00a0\u00a0\u00a0\u00a0\u00a0\u00a0\u00a0\u00a0\u00a0\u00a0\u00a0\u00a0\u00a0\u00a0\u00a0\u00a0\u00a0\u00a0\u00a0\u00a0notevole. Il gele rappresenta orgoglio, eleganza, stato sociale e identit\u00e0 culturale delle donne yoruba.<\/p>\n<h5>Istruzioni per legare un gele<\/h5>\n<h6 style=\"padding-left: 40px;\">Ci servono:<\/h6>\n<ul>\n<li style=\"list-style-type: none;\">\n<ul>\n<li>Una stoffa rettangolare (da 2 a 2,5 metri di lunghezza)<\/li>\n<li>Uno specchio<\/li>\n<li>Spilli, spille da balia, forcine<\/li>\n<\/ul>\n<\/li>\n<\/ul>\n<h6 style=\"padding-left: 40px;\">Preparazione:<\/h6>\n<ul>\n<li style=\"list-style-type: none;\">\n<ul>\n<li>Legate i capelli in una treccia o in uno chignon.<\/li>\n<li>Ripiegate 10-15 cm circa di uno dei lati lunghi della stoffa per il gele: questo sar\u00e0 il bordo che circonda il viso.<\/li>\n<\/ul>\n<\/li>\n<\/ul>\n<p>&nbsp;<\/p>\n<ul>\n<li>Per prima cosa appoggiamo il centro della stoffa sulla nuca, a destra e a sinistra avremo due lembi di uguale lunghezza.<\/li>\n<li>Portiamo i due lembi laterali in avanti passando sopra le orecchie, li incrociamo sulla fronte e li appoggiamo sui lati.<\/li>\n<li>Mentre avvolgiamo i due lembi intorno alla testa, facciamo tante piegature a fisarmonica \u2013 ci\u00f2 dar\u00e0 volume e stile al gele.<\/li>\n<li>Dietro o di lato avvolgiamo insieme o annodiamo le due estremit\u00e0 che in seguito spingiamo sotto la stoffa. Fissiamo il tutto con spilli.<\/li>\n<li>Allarghiamo le pieghe sopra, ci assicuriamo che il gele sia ben fisso e il bordo in ordine sulla fronte. Ora possiamo portare il gele come una corona o di lato.<\/li>\n<li>Il tutto \u00e8 pi\u00f9 facile fatto davanti a uno specchio. All\u2019inizio si pu\u00f2 usare una stoffa leggera. Il tessuto pi\u00f9 resistente mantiene meglio la forma, ma \u00e8 pi\u00f9 difficile da legare.<\/li>\n<\/ul>\n<p>Per aiutarci possiamo guardare vari tutorials su YouTube: \u00abHow to tie a Nigerian Gele\u00bb.<\/p>\n<\/div><\/div><\/div><\/div><\/div><\/div><\/section><section class=\"l-section wpb_row height_small\"><div class=\"l-section-h i-cf\"><div class=\"g-cols vc_row via_grid cols_1 laptops-cols_inherit tablets-cols_inherit mobiles-cols_1 valign_top type_default stacking_default\"><div class=\"wpb_column vc_column_container\"><div class=\"vc_column-inner\"><div class=\"w-btn-wrapper align_none\"><a class=\"w-btn us-btn-style_2\" href=\"https:\/\/wgt.ch\/wp-content\/uploads\/2025\/09\/Nigeria-Finestra-Gele.pdf\"><span class=\"w-btn-label\">Nigeria Finestra Gele.pdf<\/span><\/a><\/div><div class=\"w-separator size_medium\"><\/div><\/div><\/div><\/div><\/div><\/section>\n","protected":false},"excerpt":{"rendered":"{:de}Gele\u00a9Linda Adiele CC BY 2.0 Das Gele-Kopftuch, eine typische Kopfbedeckung in Nigeria: Es ist ein traditionelles, oft kunstvoll gebundenes Tuch, das vor allem an festlichen Anl\u00e4ssen getragen wird. Das Tuch besteht aus festem Stoff, zum Beispiel Damast oder Brokat aus Seide, damit es gut in Form bleibt. Die Muster sind meist farbenfroh, mit Stickereien, Glitzer...","protected":false},"author":5,"featured_media":0,"parent":39628,"menu_order":0,"comment_status":"closed","ping_status":"closed","template":"","meta":{"_acf_changed":false,"footnotes":""},"class_list":["post-40290","page","type-page","status-publish","hentry"],"translation":{"provider":"WPGlobus","version":"3.0.2","language":"it","enabled_languages":["de","fr","it"],"languages":{"de":{"title":true,"content":true,"excerpt":false},"fr":{"title":true,"content":true,"excerpt":false},"it":{"title":true,"content":true,"excerpt":false}}},"acf":[],"_links":{"self":[{"href":"https:\/\/wgt.ch\/it\/wp-json\/wp\/v2\/pages\/40290","targetHints":{"allow":["GET"]}}],"collection":[{"href":"https:\/\/wgt.ch\/it\/wp-json\/wp\/v2\/pages"}],"about":[{"href":"https:\/\/wgt.ch\/it\/wp-json\/wp\/v2\/types\/page"}],"author":[{"embeddable":true,"href":"https:\/\/wgt.ch\/it\/wp-json\/wp\/v2\/users\/5"}],"replies":[{"embeddable":true,"href":"https:\/\/wgt.ch\/it\/wp-json\/wp\/v2\/comments?post=40290"}],"version-history":[{"count":15,"href":"https:\/\/wgt.ch\/it\/wp-json\/wp\/v2\/pages\/40290\/revisions"}],"predecessor-version":[{"id":40314,"href":"https:\/\/wgt.ch\/it\/wp-json\/wp\/v2\/pages\/40290\/revisions\/40314"}],"up":[{"embeddable":true,"href":"https:\/\/wgt.ch\/it\/wp-json\/wp\/v2\/pages\/39628"}],"wp:attachment":[{"href":"https:\/\/wgt.ch\/it\/wp-json\/wp\/v2\/media?parent=40290"}],"curies":[{"name":"wp","href":"https:\/\/api.w.org\/{rel}","templated":true}]}}