{"id":44791,"date":"2026-02-12T11:58:39","date_gmt":"2026-02-12T10:58:39","guid":{"rendered":"https:\/\/wgt.ch\/?page_id=44791"},"modified":"2026-02-17T12:29:49","modified_gmt":"2026-02-17T11:29:49","slug":"namen-in-nigeria","status":"publish","type":"page","link":"https:\/\/wgt.ch\/it\/2026-nigeria-2\/fenster-zu-nigeria\/namen-in-nigeria\/","title":{"rendered":"Namen in Nigeria"},"content":{"rendered":"<section class=\"l-section wpb_row height_small\"><div class=\"l-section-h i-cf\"><div class=\"g-cols vc_row via_grid cols_1 laptops-cols_inherit tablets-cols_inherit mobiles-cols_1 valign_top type_default stacking_default\"><div class=\"wpb_column vc_column_container\"><div class=\"vc_column-inner\"><h2 class=\"w-post-elm post_title entry-title color_link_inherit\">Namen in Nigeria<\/h2><\/div><\/div><\/div><\/div><\/section><section class=\"l-section wpb_row height_small\"><div class=\"l-section-h i-cf\"><div class=\"g-cols vc_row via_grid cols_1-2 laptops-cols_inherit tablets-cols_inherit mobiles-cols_1 valign_top type_default stacking_default\"><div class=\"wpb_column vc_column_container\"><div class=\"vc_column-inner\"><div class=\"w-image align_none meta_simple\"><div class=\"w-image-h\"><img decoding=\"async\" width=\"1024\" height=\"682\" src=\"https:\/\/wgt.ch\/wp-content\/uploads\/2026\/02\/33_Tauffamilie_Copyright_Albrecht_Ebertshaeuser-1700-1024x682.jpg\" class=\"attachment-large size-large\" alt=\"\" loading=\"lazy\" srcset=\"https:\/\/wgt.ch\/wp-content\/uploads\/2026\/02\/33_Tauffamilie_Copyright_Albrecht_Ebertshaeuser-1700-1024x682.jpg 1024w, https:\/\/wgt.ch\/wp-content\/uploads\/2026\/02\/33_Tauffamilie_Copyright_Albrecht_Ebertshaeuser-1700-300x200.jpg 300w, https:\/\/wgt.ch\/wp-content\/uploads\/2026\/02\/33_Tauffamilie_Copyright_Albrecht_Ebertshaeuser-1700-600x400.jpg 600w, https:\/\/wgt.ch\/wp-content\/uploads\/2026\/02\/33_Tauffamilie_Copyright_Albrecht_Ebertshaeuser-1700.jpg 1700w\" sizes=\"auto, (max-width: 1024px) 100vw, 1024px\" \/><\/div><div class=\"w-image-meta\"><div class=\"w-image-title\">Tauffamilie \u00a9 Albrecht Ebertsh\u00e4user<\/div><\/div><\/div><div class=\"w-separator size_custom\" style=\"height:10px\"><\/div><\/div><\/div><div class=\"wpb_column vc_column_container\"><div class=\"vc_column-inner\"><div class=\"g-cols wpb_row via_grid cols_1 laptops-cols_inherit tablets-cols_inherit mobiles-cols_1 valign_top type_default stacking_default\" style=\"--columns-gap:3rem;\"><div class=\"wpb_column vc_column_container\"><div class=\"vc_column-inner\"><div class=\"wpb_text_column\"><div class=\"wpb_wrapper\"><p>Auch die Namensgebung ist in Nigeria vielf\u00e4ltig und unterscheidet sich von Ethnie zu Ethnie. Viele Menschen haben einen Namen in ihrer Muttersprache und einen offiziellen Namen in Englisch oder Arabisch. Geh\u00f6rt ein Kind \u00fcber die Eltern zu zwei verschiedenen Ethnien, bekommt es aus beiden Sprachen einen Vornamen. Im Laufe des Lebens kommen Spitznamen dazu. F\u00fcr die Taufe braucht es unbedingt einen christlichen Namen, also einen Namen aus der Bibel oder eines, einer Heiligen.<br \/>\nEs gibt meist unterschiedliche Namen f\u00fcr M\u00e4dchen und f\u00fcr Knaben, w\u00e4hrend einige Namen f\u00fcr beide gelten. Oft bestimmen die Eltern den Namen des Kindes. In manchen Ethnien wird der Name in einer namensgebenden Familienzusammenkunft und besonderen Feier ausgew\u00e4hlt.<\/p>\n<\/div><\/div><\/div><\/div><\/div><\/div><\/div><\/div><\/div><\/section><section class=\"l-section wpb_row height_auto\"><div class=\"l-section-h i-cf\"><div class=\"g-cols vc_row via_grid cols_1 laptops-cols_inherit tablets-cols_inherit mobiles-cols_1 valign_top type_default stacking_default\"><div class=\"wpb_column vc_column_container\"><div class=\"vc_column-inner\"><div class=\"wpb_text_column\"><div class=\"wpb_wrapper\"><p>Die einheimischen, traditionellen Namen haben eine Bedeutung. Sie entwerfen ein Lebensprogramm, betonen Werte und Tugenden, pr\u00e4gen Identit\u00e4t und Lebenslauf. Sie bezeichnen einen Gl\u00fcckwunsch f\u00fcrs Leben des Kindes oder die Umst\u00e4nde der Geburt, den Platz in der Geschwister-reihe, den Zeitpunkt der Geburt und die Zukunftstr\u00e4ume der Eltern.<br \/>\nTraditionell haben die Frauen bei der Heirat ihren eigenen Namen behalten. In manchen Clans ist der Vorname des Ahnherrn zum Familiennamen seiner Nachkommen geworden. So heisst der nigerianische Koordinator der Projekte von Mission\u00a021 Dr.\u00a0Yakubu\u00a0Joseph und eine methodistische Theologin Mairo\u00a0Anthony.<br \/>\nNamen sind wichtig, denn sie ehren die Herkunft, beschreiben die Gegenwart, gestalten die Zukunft und geben die eigene Kultur und Religion weiter.<\/p>\n<\/div><\/div><div class=\"g-cols wpb_row via_grid cols_2 laptops-cols_inherit tablets-cols_inherit mobiles-cols_1 valign_top type_default stacking_default\" style=\"--columns-gap:3rem;\"><div class=\"wpb_column vc_column_container\"><div class=\"vc_column-inner\"><div class=\"wpb_text_column\"><div class=\"wpb_wrapper\"><h5>Hausa-Namen<\/h5>\n<p>Aminu \/ Amina: Vertrauensw\u00fcrdig, treu<br \/>\nFatima: die Leuchtende, Tochter des Propheten<br \/>\nKabiru: grosser F\u00fchrer<br \/>\nAzumi: die in der Fastenzeit Geborene<br \/>\nSani: zweitgeborenes Kind, wenn Sohn<\/p>\n<h5>Yoruba-Namen<\/h5>\n<p>Ayodele: Freude ist heimgekehrt<br \/>\nBabatunde: Vater ist zur\u00fcckgekommen<br \/>\nFolashade: Ehre verleiht eine Krone<br \/>\nOluwafemi: Gott liebt mich<br \/>\nTemitope: ein Grund zu danken<\/p>\n<\/div><\/div><\/div><\/div><div class=\"wpb_column vc_column_container\"><div class=\"vc_column-inner\"><div class=\"wpb_text_column\"><div class=\"wpb_wrapper\"><h5>Fulani-Namen<\/h5>\n<p>Ahmadu: Lobenswert<br \/>\nSaajo: nach Zwillingen geboren<br \/>\nIbrahim: Vater vieler V\u00f6lker<br \/>\nMariama: Geliebte<br \/>\nTobo: an einem Regentag geboren<\/p>\n<h5>Igbo-Namen<\/h5>\n<p>Chinedu: Gott lenkt<br \/>\nDimma: der Fleissige<br \/>\nChinyere: Gottes Geschenk (M\u00e4dchenname)<br \/>\nObinna: Des Vaters Wille<br \/>\nAdaobi: erste Tochter<\/p>\n<\/div><\/div><\/div><\/div><\/div><\/div><\/div><\/div><\/div><\/section><section class=\"l-section wpb_row height_small\"><div class=\"l-section-h i-cf\"><div class=\"g-cols vc_row via_grid cols_1 laptops-cols_inherit tablets-cols_inherit mobiles-cols_1 valign_top type_default stacking_default\"><div class=\"wpb_column vc_column_container\"><div class=\"vc_column-inner\"><div class=\"w-separator size_small\"><\/div><div class=\"wpb_text_column\"><div class=\"wpb_wrapper\"><h5>Namen bei den Hausa nach dem Wochentag, an dem ich geboren bin<\/h5>\n<p><strong>Wochentag: -&gt; in Hausa -&gt; Frauenname -&gt; M\u00e4nnername<\/strong><\/p>\n<p>Sonntag: -&gt; Lahadi -&gt; Ladidi, Ladi -&gt; Danladi, Danladan<br \/>\nMontag: -&gt; Litinin -&gt; Inna, Tani, Altine -&gt; Tanimu<br \/>\nDienstag: -&gt; Talata -&gt; Talatu, Lantana -&gt; Dantala, Tatu<br \/>\nMittwoch: -&gt; Laraba -&gt; Laraba, Balaraba -&gt; Balarabe, Bala<br \/>\nDonnerstag: -&gt; Alhamis -&gt; Lami, Laminde -&gt; Danlami<br \/>\nFreitag: -&gt; Jumaa -&gt; Jummai -&gt; Danjuma<br \/>\nSamstag: -&gt; Asabar -&gt; Asabe -&gt; Danasabe<\/p>\n<p>\u00abDan\u00bb bedeutet \u00abSohn\u00bb.<\/p>\n<p>&nbsp;<\/p>\n<p>B\u00e9atrice Battaglia nach Angaben von Rebecca Dali und Mairo Anthony<\/p>\n<h6><strong><a href=\"https:\/\/wgt.ch\/wp-content\/uploads\/2026\/02\/Namen-in-Nigeria.pdf\" target=\"_blank\" rel=\"noopener\">Namen in Nigeria.pdf<\/a><\/strong><\/h6>\n<\/div><\/div><div class=\"w-separator size_medium\"><\/div><\/div><\/div><\/div><\/div><\/section>\n","protected":false},"excerpt":{"rendered":"{:de}Namen in NigeriaTauffamilie \u00a9 Albrecht Ebertsh\u00e4userAuch die Namensgebung ist in Nigeria vielf\u00e4ltig und unterscheidet sich von Ethnie zu Ethnie. Viele Menschen haben einen Namen in ihrer Muttersprache und einen offiziellen Namen in Englisch oder Arabisch. Geh\u00f6rt ein Kind \u00fcber die Eltern zu zwei verschiedenen Ethnien, bekommt es aus beiden Sprachen einen Vornamen. Im Laufe des...","protected":false},"author":5,"featured_media":0,"parent":39628,"menu_order":0,"comment_status":"closed","ping_status":"closed","template":"","meta":{"_acf_changed":false,"footnotes":""},"class_list":["post-44791","page","type-page","status-publish","hentry"],"translation":{"provider":"WPGlobus","version":"3.0.2","language":"it","enabled_languages":["de","fr","it"],"languages":{"de":{"title":true,"content":true,"excerpt":false},"fr":{"title":true,"content":true,"excerpt":false},"it":{"title":false,"content":false,"excerpt":false}}},"acf":[],"_links":{"self":[{"href":"https:\/\/wgt.ch\/it\/wp-json\/wp\/v2\/pages\/44791","targetHints":{"allow":["GET"]}}],"collection":[{"href":"https:\/\/wgt.ch\/it\/wp-json\/wp\/v2\/pages"}],"about":[{"href":"https:\/\/wgt.ch\/it\/wp-json\/wp\/v2\/types\/page"}],"author":[{"embeddable":true,"href":"https:\/\/wgt.ch\/it\/wp-json\/wp\/v2\/users\/5"}],"replies":[{"embeddable":true,"href":"https:\/\/wgt.ch\/it\/wp-json\/wp\/v2\/comments?post=44791"}],"version-history":[{"count":22,"href":"https:\/\/wgt.ch\/it\/wp-json\/wp\/v2\/pages\/44791\/revisions"}],"predecessor-version":[{"id":44931,"href":"https:\/\/wgt.ch\/it\/wp-json\/wp\/v2\/pages\/44791\/revisions\/44931"}],"up":[{"embeddable":true,"href":"https:\/\/wgt.ch\/it\/wp-json\/wp\/v2\/pages\/39628"}],"wp:attachment":[{"href":"https:\/\/wgt.ch\/it\/wp-json\/wp\/v2\/media?parent=44791"}],"curies":[{"name":"wp","href":"https:\/\/api.w.org\/{rel}","templated":true}]}}