{"id":6500,"date":"2020-02-13T16:20:07","date_gmt":"2020-02-13T15:20:07","guid":{"rendered":"https:\/\/wgt.ch\/?page_id=6500"},"modified":"2024-07-03T12:34:41","modified_gmt":"2024-07-03T10:34:41","slug":"downloads-zimbabwe-2020","status":"publish","type":"page","link":"https:\/\/wgt.ch\/it\/downloads-zimbabwe-2020\/","title":{"rendered":"Downloads &#8211; 2020 Zimbabwe"},"content":{"rendered":"<section class=\"l-section wpb_row height_small\"><div class=\"l-section-h i-cf\"><div class=\"g-cols vc_row via_grid cols_1 laptops-cols_inherit tablets-cols_inherit mobiles-cols_1 valign_top type_default stacking_default\"><div class=\"wpb_column vc_column_container\"><div class=\"vc_column-inner\"><h2 class=\"w-post-elm post_title entry-title color_link_inherit\">Downloads &#8211; 2020 Zimbabwe<\/h2><\/div><\/div><\/div><\/div><\/section><section class=\"l-section wpb_row height_small\"><div class=\"l-section-h i-cf\"><div class=\"g-cols vc_row via_grid cols_1 laptops-cols_inherit tablets-cols_inherit mobiles-cols_1 valign_top type_default stacking_default\"><div class=\"wpb_column vc_column_container\"><div class=\"vc_column-inner\"><div class=\"w-tabs style_default switch_click accordion has_scrolling\" style=\"--sections-title-size:inherit\"><div class=\"w-tabs-sections titles-align_none icon_chevron cpos_right\"><div class=\"w-tabs-section\" id=\"q914\"><button class=\"w-tabs-section-header\" aria-controls=\"content-q914\" aria-expanded=\"false\"><div class=\"w-tabs-section-title\"><\/p>\n<h3>Il frontespizio<\/h3>\n<p><\/div><div class=\"w-tabs-section-control\"><\/div><\/button><div  class=\"w-tabs-section-content\" id=\"content-q914\"><div class=\"w-tabs-section-content-h i-cf\"><div class=\"g-cols wpb_row via_grid cols_1 laptops-cols_inherit tablets-cols_inherit mobiles-cols_1 valign_top type_default stacking_default\" style=\"--columns-gap:3rem;\"><div class=\"wpb_column vc_column_container\"><div class=\"vc_column-inner\"><div class=\"w-image align_none\"><a ref=\"magnificPopup\" href=\"https:\/\/wgt.ch\/wp-content\/uploads\/2019\/07\/7a_Art_work_Zimbabwe.jpg\" aria-label=\"Zimbabwe Titelbild \u00a9WDPIC\" class=\"w-image-h\"><img decoding=\"async\" width=\"597\" height=\"400\" src=\"https:\/\/wgt.ch\/wp-content\/uploads\/2019\/07\/7a_Art_work_Zimbabwe.jpg\" class=\"attachment-us_600_400_crop size-us_600_400_crop\" alt=\"{:de}Titelbild Zimbabwe 2020{:}{:fr}Image de couverture Zimbabwe 2020{:}{:it}Il frontespizio Zimbabwe 2020{:}\" loading=\"lazy\" srcset=\"https:\/\/wgt.ch\/wp-content\/uploads\/2019\/07\/7a_Art_work_Zimbabwe.jpg 2443w, https:\/\/wgt.ch\/wp-content\/uploads\/2019\/07\/7a_Art_work_Zimbabwe-300x201.jpg 300w, https:\/\/wgt.ch\/wp-content\/uploads\/2019\/07\/7a_Art_work_Zimbabwe-1024x686.jpg 1024w\" sizes=\"auto, (max-width: 597px) 100vw, 597px\" \/><\/a><\/div><div class=\"wpb_text_column\"><div class=\"wpb_wrapper\"><p><strong><a ref=\"magnificPopup\" href=\"https:\/\/wgt.ch\/wp-content\/uploads\/2019\/07\/7a_Art_work_Zimbabwe.jpg\" target=\"_blank\" rel=\"noopener noreferrer\">Il frontespizio della liturgia 2020 Zimbabwe<\/a><\/strong><\/p>\n<\/div><\/div><\/div><\/div><\/div><\/div><\/div><\/div><div class=\"w-tabs-section\" id=\"la80\"><button class=\"w-tabs-section-header\" aria-controls=\"content-la80\" aria-expanded=\"false\"><div class=\"w-tabs-section-title\"><\/p>\n<h3>Comunicato stampa<\/h3>\n<p><\/div><div class=\"w-tabs-section-control\"><\/div><\/button><div  class=\"w-tabs-section-content\" id=\"content-la80\"><div class=\"w-tabs-section-content-h i-cf\"><div class=\"wpb_text_column\"><div class=\"wpb_wrapper\"><p><a href=\"https:\/\/wgt.ch\/wp-content\/uploads\/2020\/01\/Comunicato-stampa-Zimbabwe-2020.pdf\" target=\"_blank\" rel=\"noopener noreferrer\">Comunicato stampa Zimbabwe 2020<\/a><\/p>\n<\/div><\/div><\/div><\/div><\/div><div class=\"w-tabs-section\" id=\"h1de\"><button class=\"w-tabs-section-header\" aria-controls=\"content-h1de\" aria-expanded=\"false\"><div class=\"w-tabs-section-title\"><\/p>\n<h3>Progetti<\/h3>\n<p><\/div><div class=\"w-tabs-section-control\"><\/div><\/button><div  class=\"w-tabs-section-content\" id=\"content-h1de\"><div class=\"w-tabs-section-content-h i-cf\"><div class=\"g-cols wpb_row via_grid cols_1 laptops-cols_inherit tablets-cols_inherit mobiles-cols_1 valign_top type_default stacking_default\" style=\"--columns-gap:3rem;\"><div class=\"wpb_column vc_column_container\"><div class=\"vc_column-inner\"><div class=\"wpb_text_column\"><div class=\"wpb_wrapper\"><p><a href=\"https:\/\/wgt.ch\/wp-content\/uploads\/2019\/08\/Progetto-Zim-01-CCCD-Rompere-il-muro-dell-omerta.pdf\" target=\"_blank\" rel=\"noopener noreferrer\">Progetto Zim 01 CCCD Rompere il muro dell omerta<\/a><\/p>\n<p><a href=\"https:\/\/wgt.ch\/wp-content\/uploads\/2019\/08\/Progetto-Zim-02-ZCC-Connettere-le-donne-nelle-chiese.pdf\" target=\"_blank\" rel=\"noopener noreferrer\">Progetto Zim 02 ZCC Connettere le donne nelle chiese<\/a><\/p>\n<p><a href=\"https:\/\/wgt.ch\/wp-content\/uploads\/2019\/08\/Progetto-Zim-03-YETT-Promuovere-le-competenze-dirigenziali-di-giovani-donne.pdf\" target=\"_blank\" rel=\"noopener noreferrer\">Progetto Zim 03 YETT Promuovere le competenze dirigenziali di giovani donne<\/a><\/p>\n<p><a href=\"https:\/\/wgt.ch\/wp-content\/uploads\/2019\/08\/Progetto-Zim-04-Envision-Rafforzare-i-diritti-delle-vedove-e-ragazze.pdf\" target=\"_blank\" rel=\"noopener noreferrer\">Progetto Zim 04 Envision Rafforzare i diritti delle vedove e ragazze<\/a><\/p>\n<p><a href=\"https:\/\/wgt.ch\/wp-content\/uploads\/2019\/08\/Progetto-Zim-05-Ruedi-L\u00fcthy-Foundation-Formazione-di-personale-sanitario-per-curare-e-prevenire-Aids.pdf\" target=\"_blank\" rel=\"noopener noreferrer\">Progetto Zim 05 Ruedi L\u00fcthy Foundation Formazione di personale sanitario per cure integrative e prevenzione dell\u2019HIV e dell\u2019Aids<\/a><\/p>\n<p><a href=\"https:\/\/wgt.ch\/wp-content\/uploads\/2019\/08\/Progetto-Zim-07-Esercito-della-Salvezza-Procurare-un-reddito-con-gruppi-femminili.pdf\" target=\"_blank\" rel=\"noopener noreferrer\">Progetto Zim 07 Esercito della Salvezza Procurare un reddito con gruppi femminili<\/a><\/p>\n<p><a href=\"https:\/\/wgt.ch\/wp-content\/uploads\/2019\/08\/Progetto-Zim-08-Gesuiti-Progetto-di-sartoria-per-procurare-un-guadagno.pdf\" target=\"_blank\" rel=\"noopener noreferrer\">Progetto Zim 08 Gesuiti Progetto di sartoria per procurare un guadagno<\/a><\/p>\n<\/div><\/div><div class=\"w-separator size_small\"><\/div><\/div><\/div><\/div><div class=\"g-cols wpb_row via_grid cols_1 laptops-cols_inherit tablets-cols_inherit mobiles-cols_1 valign_top type_default stacking_default\" style=\"--columns-gap:3rem;\"><div class=\"wpb_column vc_column_container\"><div class=\"vc_column-inner\"><div class=\"wpb_text_column\"><div class=\"wpb_wrapper\"><p><a href=\"https:\/\/wgt.ch\/wp-content\/uploads\/2019\/09\/Progetto-pluriennale-1-Scuola-complementare-estiva-per-ragazze-e-ragazzi-rom.pdf\" target=\"_blank\" rel=\"noopener noreferrer\">Progetto pluriennale 1 Ohrid Scuola complementare estiva per ragazze e ragazzi rom in Macedonia<\/a><\/p>\n<p><a href=\"https:\/\/wgt.ch\/wp-content\/uploads\/2019\/09\/Progetto-pluriennale-2-Donne-per-la-pace-intorno-al-globo.pdf\" target=\"_blank\" rel=\"noopener noreferrer\">Progetto pluriennale 2 Donne per la pace intorno al globo Tavolo di pace femminile sovraregionale nell\u2019Asia meridionale<\/a><\/p>\n<p><a href=\"https:\/\/wgt.ch\/wp-content\/uploads\/2019\/09\/progetto-pluriennale-3-Difesa-dei-diritti-umani-nel-Guatemala.pdf\" target=\"_blank\" rel=\"noopener noreferrer\">Progetto pluriennale 3 ACOGUTE Rafforzare le donne indigene attive nella difesa dei diritti umani nel Guatemala<\/a><\/p>\n<\/div><\/div><\/div><\/div><\/div><\/div><\/div><\/div><div class=\"w-tabs-section\" id=\"n2e1\"><button class=\"w-tabs-section-header\" aria-controls=\"content-n2e1\" aria-expanded=\"false\"><div class=\"w-tabs-section-title\"><\/p>\n<h3>Indicazioni per la preparazione della liturgia<\/h3>\n<p><\/div><div class=\"w-tabs-section-control\"><\/div><\/button><div  class=\"w-tabs-section-content\" id=\"content-n2e1\"><div class=\"w-tabs-section-content-h i-cf\"><div class=\"wpb_text_column\"><div class=\"wpb_wrapper\"><p><strong><a href=\"https:\/\/wgt.ch\/wp-content\/uploads\/2020\/01\/Indicazioni-dalle-atrici-dello-Zimbabwe-per-la-preparazione-della-liturgia.pdf\" target=\"_blank\" rel=\"noopener noreferrer\">Indicazioni dalle autrici dello Zimbabwe per la preparazione e la realizzazione della liturgia<\/a><\/strong><\/p>\n<\/div><\/div><\/div><\/div><\/div><div class=\"w-tabs-section\" id=\"f458\"><button class=\"w-tabs-section-header\" aria-controls=\"content-f458\" aria-expanded=\"false\"><div class=\"w-tabs-section-title\"><\/p>\n<h3>Canti<\/h3>\n<p><\/div><div class=\"w-tabs-section-control\"><\/div><\/button><div  class=\"w-tabs-section-content\" id=\"content-f458\"><div class=\"w-tabs-section-content-h i-cf\"><div class=\"wpb_text_column\"><div class=\"wpb_wrapper\"><p><a href=\"https:\/\/wgt.ch\/wp-content\/uploads\/2019\/12\/Come-now-holy-spirit.m4a\" target=\"_blank\" rel=\"noopener noreferrer\"><strong>Come now, holy spirit!<\/strong><\/a><\/p>\n<p><a href=\"https:\/\/wgt.ch\/wp-content\/uploads\/2019\/12\/Jesus-i-dwala.m4a\" target=\"_blank\" rel=\"noopener noreferrer\"><strong>Jesus i dwala<\/strong><\/a><\/p>\n<p><a href=\"https:\/\/wgt.ch\/wp-content\/uploads\/2019\/12\/Makedendeka-Jesu.m4a\" target=\"_blank\" rel=\"noopener noreferrer\"><strong>Makedendeka Jesu<\/strong><\/a><\/p>\n<p><a href=\"https:\/\/wgt.ch\/wp-content\/uploads\/2019\/12\/Mweya.m4a\" target=\"_blank\" rel=\"noopener noreferrer\"><strong>Mweya<\/strong><\/a><\/p>\n<p><a href=\"https:\/\/wgt.ch\/wp-content\/uploads\/2019\/11\/Rise-Take-your-mat-and-walk..m4a\" target=\"_blank\" rel=\"noopener noreferrer\"><strong>Rise! Take your mat and walk!<\/strong><\/a><\/p>\n<p><a href=\"https:\/\/wgt.ch\/wp-content\/uploads\/2019\/12\/Tendai-chete.m4a\" target=\"_blank\" rel=\"noopener noreferrer\"><strong>Tendai chete<\/strong><\/a><\/p>\n<p><a href=\"https:\/\/wgt.ch\/wp-content\/uploads\/2019\/11\/Yakanaka-Vhangheri.m4a\" target=\"_blank\" rel=\"noopener noreferrer\"><strong>Yakanaka-Vhangheri<\/strong><\/a><\/p>\n<p>Purtroppo solo in tedesco:<\/p>\n<p><a href=\"https:\/\/wgt.ch\/wp-content\/uploads\/2019\/12\/Links-Lied-Musik-Tanz-WGT-2020-Zimbabwe-6.12.19.pdf\" target=\"_blank\" rel=\"noopener noreferrer\"><strong>CD-Hinweise und Links zu Liedern, Musik und Tanz.pdf<\/strong><\/a><\/p>\n<p><a href=\"https:\/\/wgt.ch\/cd-hinweise-und-links-zu-lied-musik-tanz-zimbabwe-2020\/\" target=\"_blank\" rel=\"noopener noreferrer\"><strong>CD-Hinweise und Links zu Liedern, Musik und Tanz: Seite<\/strong><\/a>\u00a0 Link direttamente cliccabili<\/p>\n<\/div><\/div><\/div><\/div><\/div><\/div><\/div><div class=\"w-separator size_medium\"><\/div><\/div><\/div><\/div><\/div><\/section>\n","protected":false},"excerpt":{"rendered":"{:de}Downloads &#8211; 2020 Zimbabwe Titelbild Titelbild Zimbabwe 2020 Pressetexte Pressetext Zimbabwe 2020 &#8211; 2479 Zeichen Pressetext Zimbabwe 2020 &#8211; 1522 Zeichen Pressetext Zimbabwe 2020 &#8211; 1029 Zeichen Projekte Info der Arbeitsgruppe WGT-Projekte 2020 Zim 01 CCCD Mauern des Schweigens brechen Zim 02 ZCC Frauen in den Kirchen st\u00e4rken Zim 03 YETT F\u00f6rderung der F\u00fchrungsf\u00e4higkeiten von...","protected":false},"author":5,"featured_media":0,"parent":0,"menu_order":81,"comment_status":"closed","ping_status":"closed","template":"","meta":{"_acf_changed":false,"footnotes":""},"class_list":["post-6500","page","type-page","status-publish","hentry"],"translation":{"provider":"WPGlobus","version":"3.0.2","language":"it","enabled_languages":["de","fr","it"],"languages":{"de":{"title":true,"content":true,"excerpt":false},"fr":{"title":true,"content":true,"excerpt":false},"it":{"title":true,"content":true,"excerpt":false}}},"acf":[],"_links":{"self":[{"href":"https:\/\/wgt.ch\/it\/wp-json\/wp\/v2\/pages\/6500","targetHints":{"allow":["GET"]}}],"collection":[{"href":"https:\/\/wgt.ch\/it\/wp-json\/wp\/v2\/pages"}],"about":[{"href":"https:\/\/wgt.ch\/it\/wp-json\/wp\/v2\/types\/page"}],"author":[{"embeddable":true,"href":"https:\/\/wgt.ch\/it\/wp-json\/wp\/v2\/users\/5"}],"replies":[{"embeddable":true,"href":"https:\/\/wgt.ch\/it\/wp-json\/wp\/v2\/comments?post=6500"}],"version-history":[{"count":85,"href":"https:\/\/wgt.ch\/it\/wp-json\/wp\/v2\/pages\/6500\/revisions"}],"predecessor-version":[{"id":34189,"href":"https:\/\/wgt.ch\/it\/wp-json\/wp\/v2\/pages\/6500\/revisions\/34189"}],"wp:attachment":[{"href":"https:\/\/wgt.ch\/it\/wp-json\/wp\/v2\/media?parent=6500"}],"curies":[{"name":"wp","href":"https:\/\/api.w.org\/{rel}","templated":true}]}}