{"id":68,"date":"2019-07-16T09:19:25","date_gmt":"2019-07-16T07:19:25","guid":{"rendered":"https:\/\/wgt.ch\/?page_id=68"},"modified":"2024-07-03T12:41:50","modified_gmt":"2024-07-03T10:41:50","slug":"impressum","status":"publish","type":"page","link":"https:\/\/wgt.ch\/it\/impressum\/","title":{"rendered":"Impressum"},"content":{"rendered":"<section class=\"l-section wpb_row height_small\"><div class=\"l-section-h i-cf\"><div class=\"g-cols vc_row via_grid cols_1 laptops-cols_inherit tablets-cols_inherit mobiles-cols_1 valign_top type_default stacking_default\"><div class=\"wpb_column vc_column_container\"><div class=\"vc_column-inner\"><h1 class=\"w-post-elm post_title entry-title color_link_inherit\">Impressum<\/h1><\/div><\/div><\/div><\/div><\/section><section class=\"l-section wpb_row us_custom_97dde11f height_auto\"><div class=\"l-section-h i-cf\"><div class=\"g-cols vc_row via_grid cols_1 laptops-cols_inherit tablets-cols_inherit mobiles-cols_1 valign_top type_default stacking_default\"><div class=\"wpb_column vc_column_container\"><div class=\"vc_column-inner\"><div class=\"wpb_text_column\"><div class=\"wpb_wrapper\"><div class=\"base-container-background\">\n<div class=\"base-container-slim\">\n<div class=\"content content-textbox textBoxMatrixBlock\">\n<div class=\"textbox-text line-height-140\">\n<p><strong>Responsabile per il contenuto:<\/strong><br \/>\nGiornata mondiale di preghiera Svizzera<br \/>\nNeum\u00fchlestr. 42<br \/>\nCH-8406 Winterthur<br \/>\nTel: 052 203 21 72<\/p>\n<p><strong>Responsabile per la tecnica:<\/strong><a href=\"https:\/\/www.erfrischung.ch\/\"><br \/>\nB\u00fcro f\u00fcr Erfrischung GmbH<\/a>, Winterthur<\/p>\n<h2>Disclaimer \/ dichiarazione di esclusione di responsabilit\u00e0<\/h2>\n<p>Nonostante un attento controllo dei contenuti forniti, la Giornata mondiale di preghiera non si assume alcuna responsabilit\u00e0 per il contenuto di link esterni. Gli operatori delle pagine web collegate sono interamente responsabili per il contenuto offerto da questi link.<\/p>\n<p>La Giornata mondiale di preghiera declina inoltre ogni responsabilit\u00e0 in caso di malfunzionamento di Internet, per danni causati da terzi, dati per finalit\u00e0 nefaste importati di qualsiasi tipo (virus, worms, trojan ecc.). In nessun caso la Giornata mondiale di preghiera Svizzera sar\u00e0 responsabile nei vostri confronti o nei confronti di terzi per qualsiasi danno diretto, indiretto, speciale o altri danni conseguenti derivanti dall&#8217;uso di questo sito web o di qualsiasi sito web ad esso collegato. Inoltre \u00e8 esclusa qualsiasi responsabilit\u00e0 per una perdita di profitto, un\u2019interruzione dell\u2019attivit\u00e0, la perdita di programmi o altri dati nei vostri sistemi d\u2019informazione. Questo vale anche se la Giornata mondiale di preghiera Svizzera \u00e8 stata espressamente informata della possibilit\u00e0 di tali danni.<\/p>\n<p>Diritti: \u00a9 2019. Tutti i diritti riservati da Giornata mondiale di preghiera Svizzera.<\/p>\n<\/div>\n<\/div>\n<\/div>\n<\/div>\n<\/div><\/div><\/div><\/div><\/div><\/div><\/section>\n","protected":false},"excerpt":{"rendered":"{:de}Impressum Verantwortlich f\u00fcr den Inhalt: Weltgebetstag Schweiz Neum\u00fchlestr. 42 CH-8406 Winterthur Tel: 052 203 21 72 Verantwortlich f\u00fcr die Technik: B\u00fcro f\u00fcr Erfrischung GmbH, Winterthur Disclaimer \/ Haftungsausschluss Trotz sorgf\u00e4ltiger inhaltlicher Kontrolle \u00fcbernimmt der Weltgebetstag Schweiz keine Haftung f\u00fcr die Inhalte externer Links. F\u00fcr den Inhalt der verlinkten Seiten sind ausschliesslich deren Betreiber verantwortlich. Der...","protected":false},"author":1,"featured_media":0,"parent":0,"menu_order":100,"comment_status":"closed","ping_status":"closed","template":"","meta":{"_acf_changed":false,"footnotes":""},"class_list":["post-68","page","type-page","status-publish","hentry"],"translation":{"provider":"WPGlobus","version":"3.0.2","language":"it","enabled_languages":["de","fr","it"],"languages":{"de":{"title":true,"content":true,"excerpt":false},"fr":{"title":true,"content":true,"excerpt":false},"it":{"title":true,"content":true,"excerpt":false}}},"acf":[],"_links":{"self":[{"href":"https:\/\/wgt.ch\/it\/wp-json\/wp\/v2\/pages\/68","targetHints":{"allow":["GET"]}}],"collection":[{"href":"https:\/\/wgt.ch\/it\/wp-json\/wp\/v2\/pages"}],"about":[{"href":"https:\/\/wgt.ch\/it\/wp-json\/wp\/v2\/types\/page"}],"author":[{"embeddable":true,"href":"https:\/\/wgt.ch\/it\/wp-json\/wp\/v2\/users\/1"}],"replies":[{"embeddable":true,"href":"https:\/\/wgt.ch\/it\/wp-json\/wp\/v2\/comments?post=68"}],"version-history":[{"count":30,"href":"https:\/\/wgt.ch\/it\/wp-json\/wp\/v2\/pages\/68\/revisions"}],"predecessor-version":[{"id":34202,"href":"https:\/\/wgt.ch\/it\/wp-json\/wp\/v2\/pages\/68\/revisions\/34202"}],"wp:attachment":[{"href":"https:\/\/wgt.ch\/it\/wp-json\/wp\/v2\/media?parent=68"}],"curies":[{"name":"wp","href":"https:\/\/api.w.org\/{rel}","templated":true}]}}