{"id":9443,"date":"2020-11-18T18:04:16","date_gmt":"2020-11-18T17:04:16","guid":{"rendered":"https:\/\/wgt.ch\/?page_id=9443"},"modified":"2020-11-27T10:43:38","modified_gmt":"2020-11-27T09:43:38","slug":"1-dez-2020","status":"publish","type":"page","link":"https:\/\/wgt.ch\/it\/advent-2020\/1-dez-2020\/","title":{"rendered":"1 dicembre 2020"},"content":{"rendered":"<section class=\"l-section wpb_row height_small\"><div class=\"l-section-h i-cf\"><div class=\"g-cols vc_row via_grid cols_2 laptops-cols_inherit tablets-cols_inherit mobiles-cols_1 valign_top type_default stacking_default\"><div class=\"wpb_column vc_column_container\"><div class=\"vc_column-inner\"><div class=\"w-image align_none\"><div class=\"w-image-h\"><img decoding=\"async\" width=\"821\" height=\"1024\" src=\"https:\/\/wgt.ch\/wp-content\/uploads\/2020\/11\/1-Amanda-821x1024.jpg\" class=\"attachment-large size-large\" alt=\"\" loading=\"lazy\" srcset=\"https:\/\/wgt.ch\/wp-content\/uploads\/2020\/11\/1-Amanda-821x1024.jpg 821w, https:\/\/wgt.ch\/wp-content\/uploads\/2020\/11\/1-Amanda-240x300.jpg 240w, https:\/\/wgt.ch\/wp-content\/uploads\/2020\/11\/1-Amanda.jpg 1000w\" sizes=\"auto, (max-width: 821px) 100vw, 821px\" \/><\/div><\/div><\/div><\/div><div class=\"wpb_column vc_column_container\"><div class=\"vc_column-inner\"><div class=\"wpb_text_column\"><div class=\"wpb_wrapper\"><p>Mein Name ist Amanda Sutter. Ich arbeite aktiv in der Evangelisch-Reformierten Kirche mit. 1991 wurde ich angefragt, ob ich bei den Vorbereitungen f\u00fcr den Weltgebetstag mithelfen will. F\u00fcr mich war dies eine ideale Form, neue L\u00e4nder und Kulturen kennen zu lernen. Jahre sp\u00e4ter bin ich zus\u00e4tzlich auch der Regionalen Gruppe unseres Bezirkes beigetreten. Mir gef\u00e4llt die Zusammenarbeit und Vernetzung unter uns Frauen, jedes Jahr ein neues Land etwas besser kennen zu lernen, neue Rezepte auszuprobieren, B\u00fccher und Filme zu entdecken und gemeinsam f\u00fcr die Anliegen des jeweiligen Landes zu beten.<\/p>\n<p>Mi chiamo Amanda Sutter. Sono membro attivo della Chiesa evangelica riformata. Nel 1991 mi \u00e8 stato chiesto di dare una mano alla preparazione della Giornata mondiale di preghiera. Per me \u00e8 stato un modo ideale di conoscere nuovi paesi e nuove culture. Anni dopo sono entrata a far parte anche del gruppo regionale del nostro distretto. Mi piace la collaborazione e l\u2019interconnessione tra noi donne, l\u2019avvicinarmi ogni anno a un paese nuovo, provare nuove ricette, scoprire libri e film e pregare insieme per le preoccupazioni del paese GMP attuale.<\/p>\n<\/div><\/div><\/div><\/div><\/div><\/div><\/section><section class=\"l-section wpb_row height_small\"><div class=\"l-section-h i-cf\"><div class=\"g-cols vc_row via_grid cols_1 laptops-cols_inherit tablets-cols_inherit mobiles-cols_1 valign_top type_default stacking_default\">\r\n\r\n    <div class=\"back-button\">\r\n        <a class=\"width-full w-btn us-btn-style_2 usg_btn_1\" href=\"\/it\/wp-json\/wp\/v2\/pages\">\r\n            <span class=\"w-btn-label\">\r\n                indietro            <\/span>\r\n        <\/a>\r\n    <\/div>\r\n\r\n\r\n    <div class=\"wpb_column vc_column_container\"><div class=\"vc_column-inner\"><\/div><\/div><\/div><\/div><\/section>\n","protected":false},"excerpt":{"rendered":"{:de}Mein Name ist Amanda Sutter. Ich arbeite aktiv in der Evangelisch-Reformierten Kirche mit. 1991 wurde ich angefragt, ob ich bei den Vorbereitungen f\u00fcr den Weltgebetstag mithelfen will. F\u00fcr mich war dies eine ideale Form, neue L\u00e4nder und Kulturen kennen zu lernen. Jahre sp\u00e4ter bin ich zus\u00e4tzlich auch der Regionalen Gruppe unseres Bezirkes beigetreten. Mir gef\u00e4llt...","protected":false},"author":5,"featured_media":0,"parent":9441,"menu_order":74,"comment_status":"closed","ping_status":"closed","template":"","meta":{"_acf_changed":false,"footnotes":""},"class_list":["post-9443","page","type-page","status-publish","hentry"],"translation":{"provider":"WPGlobus","version":"3.0.2","language":"it","enabled_languages":["de","fr","it"],"languages":{"de":{"title":true,"content":true,"excerpt":false},"fr":{"title":true,"content":true,"excerpt":false},"it":{"title":true,"content":true,"excerpt":false}}},"acf":[],"_links":{"self":[{"href":"https:\/\/wgt.ch\/it\/wp-json\/wp\/v2\/pages\/9443","targetHints":{"allow":["GET"]}}],"collection":[{"href":"https:\/\/wgt.ch\/it\/wp-json\/wp\/v2\/pages"}],"about":[{"href":"https:\/\/wgt.ch\/it\/wp-json\/wp\/v2\/types\/page"}],"author":[{"embeddable":true,"href":"https:\/\/wgt.ch\/it\/wp-json\/wp\/v2\/users\/5"}],"replies":[{"embeddable":true,"href":"https:\/\/wgt.ch\/it\/wp-json\/wp\/v2\/comments?post=9443"}],"version-history":[{"count":33,"href":"https:\/\/wgt.ch\/it\/wp-json\/wp\/v2\/pages\/9443\/revisions"}],"predecessor-version":[{"id":10184,"href":"https:\/\/wgt.ch\/it\/wp-json\/wp\/v2\/pages\/9443\/revisions\/10184"}],"up":[{"embeddable":true,"href":"https:\/\/wgt.ch\/it\/wp-json\/wp\/v2\/pages\/9441"}],"wp:attachment":[{"href":"https:\/\/wgt.ch\/it\/wp-json\/wp\/v2\/media?parent=9443"}],"curies":[{"name":"wp","href":"https:\/\/api.w.org\/{rel}","templated":true}]}}