{"id":9496,"date":"2020-11-18T22:57:36","date_gmt":"2020-11-18T21:57:36","guid":{"rendered":"https:\/\/wgt.ch\/?page_id=9496"},"modified":"2020-11-27T10:46:39","modified_gmt":"2020-11-27T09:46:39","slug":"3-dez-2020","status":"publish","type":"page","link":"https:\/\/wgt.ch\/it\/advent-2020\/3-dez-2020\/","title":{"rendered":"3 dicembre 2020"},"content":{"rendered":"<section class=\"l-section wpb_row height_small\"><div class=\"l-section-h i-cf\"><div class=\"g-cols vc_row via_grid cols_2 laptops-cols_inherit tablets-cols_inherit mobiles-cols_1 valign_top type_default stacking_default\"><div class=\"wpb_column vc_column_container\"><div class=\"vc_column-inner\"><div class=\"w-image align_none\"><div class=\"w-image-h\"><img decoding=\"async\" width=\"1864\" height=\"2334\" src=\"https:\/\/wgt.ch\/wp-content\/uploads\/2020\/11\/3-Lucie.jpg\" class=\"attachment-full size-full\" alt=\"\" loading=\"lazy\" srcset=\"https:\/\/wgt.ch\/wp-content\/uploads\/2020\/11\/3-Lucie.jpg 1864w, https:\/\/wgt.ch\/wp-content\/uploads\/2020\/11\/3-Lucie-240x300.jpg 240w, https:\/\/wgt.ch\/wp-content\/uploads\/2020\/11\/3-Lucie-818x1024.jpg 818w, https:\/\/wgt.ch\/wp-content\/uploads\/2020\/11\/3-Lucie-1227x1536.jpg 1227w, https:\/\/wgt.ch\/wp-content\/uploads\/2020\/11\/3-Lucie-1636x2048.jpg 1636w\" sizes=\"auto, (max-width: 1864px) 100vw, 1864px\" \/><\/div><\/div><\/div><\/div><div class=\"wpb_column vc_column_container\"><div class=\"vc_column-inner\"><div class=\"wpb_text_column\"><div class=\"wpb_wrapper\"><p>Je m\u2019appelle Lucie et je m\u2019engage pour la JMP dans l\u2018\u00e9quipe des Franches-Montagnes et dans le groupe r\u00e9gional Berne-Jura-Soleure. J\u2019aime la JMP pour:<\/p>\n<p>Les RENCONTRES: on rencontre de nouvelles personnes en Suisse, lors des c\u00e9l\u00e9brations et d\u00e9gustations qui suivent, et \u00e0 travers la liturgie des femmes du monde entier.<\/p>\n<p>L\u2019AMITI\u00c9: l\u2019amiti\u00e9 se cr\u00e9e dans le groupe en pr\u00e9parant la c\u00e9l\u00e9bration, avec des femmes de toutes confessions.<\/p>\n<p>Les D\u00c9COUVERTES: par les pays que propose la liturgie, on d\u00e9couvre des pays, des coutumes, des chants et des cuisines.<\/p>\n<p>Et tout cela dans la joie du service et de la pri\u00e8re.<\/p>\n<p>&nbsp;<\/p>\n<p>Mi chiamo Lucie e sono impegnata per la GMP nel gruppo delle Franches-Montagnes e nel gruppo regionale Berna-Giura-Soletta. La GMP mi piace per:<\/p>\n<p>Gli INCONTRI: offrono l\u2019opportunit\u00e0 di conoscere nuove persone in Svizzera, durante le celebrazioni e le degustazioni che seguono, e attraverso la liturgia anche donne di tutto il mondo.<\/p>\n<p>L\u2019AMICIZIA: preparando la celebrazione insieme a donne di tutte le confessioni nascono amicizie nuove.<\/p>\n<p>Le SCOPERTE: grazie ai paesi di provenienza della liturgia, scopriamo paesi, costumi, canti e piatti tipici.<\/p>\n<p>E tutto questo nella gioia del servizio e della preghiera.<\/p>\n<\/div><\/div><\/div><\/div><\/div><\/div><\/section><section class=\"l-section wpb_row height_small\"><div class=\"l-section-h i-cf\"><div class=\"g-cols vc_row via_grid cols_1 laptops-cols_inherit tablets-cols_inherit mobiles-cols_1 valign_top type_default stacking_default\">\r\n\r\n    <div class=\"back-button\">\r\n        <a class=\"width-full w-btn us-btn-style_2 usg_btn_1\" href=\"\/it\/wp-json\/wp\/v2\/pages\">\r\n            <span class=\"w-btn-label\">\r\n                indietro            <\/span>\r\n        <\/a>\r\n    <\/div>\r\n\r\n\r\n    <div class=\"wpb_column vc_column_container\"><div class=\"vc_column-inner\"><\/div><\/div><\/div><\/div><\/section>\n","protected":false},"excerpt":{"rendered":"{:de}Je m\u2019appelle Lucie et je m\u2019engage pour la JMP dans l\u2018\u00e9quipe des Franches-Montagnes et dans le groupe r\u00e9gional Berne-Jura-Soleure. J\u2019aime la JMP pour: Les RENCONTRES: on rencontre de nouvelles personnes en Suisse, lors des c\u00e9l\u00e9brations et d\u00e9gustations qui suivent, et \u00e0 travers la liturgie des femmes du monde entier. L\u2019AMITI\u00c9: l\u2019amiti\u00e9 se cr\u00e9e dans le...","protected":false},"author":5,"featured_media":0,"parent":9441,"menu_order":72,"comment_status":"closed","ping_status":"closed","template":"","meta":{"_acf_changed":false,"footnotes":""},"class_list":["post-9496","page","type-page","status-publish","hentry"],"translation":{"provider":"WPGlobus","version":"3.0.2","language":"it","enabled_languages":["de","fr","it"],"languages":{"de":{"title":true,"content":true,"excerpt":false},"fr":{"title":true,"content":true,"excerpt":false},"it":{"title":true,"content":true,"excerpt":false}}},"acf":[],"_links":{"self":[{"href":"https:\/\/wgt.ch\/it\/wp-json\/wp\/v2\/pages\/9496","targetHints":{"allow":["GET"]}}],"collection":[{"href":"https:\/\/wgt.ch\/it\/wp-json\/wp\/v2\/pages"}],"about":[{"href":"https:\/\/wgt.ch\/it\/wp-json\/wp\/v2\/types\/page"}],"author":[{"embeddable":true,"href":"https:\/\/wgt.ch\/it\/wp-json\/wp\/v2\/users\/5"}],"replies":[{"embeddable":true,"href":"https:\/\/wgt.ch\/it\/wp-json\/wp\/v2\/comments?post=9496"}],"version-history":[{"count":24,"href":"https:\/\/wgt.ch\/it\/wp-json\/wp\/v2\/pages\/9496\/revisions"}],"predecessor-version":[{"id":10187,"href":"https:\/\/wgt.ch\/it\/wp-json\/wp\/v2\/pages\/9496\/revisions\/10187"}],"up":[{"embeddable":true,"href":"https:\/\/wgt.ch\/it\/wp-json\/wp\/v2\/pages\/9441"}],"wp:attachment":[{"href":"https:\/\/wgt.ch\/it\/wp-json\/wp\/v2\/media?parent=9496"}],"curies":[{"name":"wp","href":"https:\/\/api.w.org\/{rel}","templated":true}]}}