{"id":9816,"date":"2020-11-24T17:26:52","date_gmt":"2020-11-24T16:26:52","guid":{"rendered":"https:\/\/wgt.ch\/?page_id=9816"},"modified":"2020-11-27T10:51:14","modified_gmt":"2020-11-27T09:51:14","slug":"6-dez-2020","status":"publish","type":"page","link":"https:\/\/wgt.ch\/it\/advent-2020\/6-dez-2020\/","title":{"rendered":"6 dicembre 2020"},"content":{"rendered":"<section class=\"l-section wpb_row height_small\"><div class=\"l-section-h i-cf\"><div class=\"g-cols vc_row via_grid cols_2 laptops-cols_inherit tablets-cols_inherit mobiles-cols_1 valign_top type_default stacking_default\"><div class=\"wpb_column vc_column_container\"><div class=\"vc_column-inner\"><div class=\"w-image align_none\"><div class=\"w-image-h\"><img decoding=\"async\" width=\"1000\" height=\"1250\" src=\"https:\/\/wgt.ch\/wp-content\/uploads\/2020\/11\/6-Margaritha.jpg\" class=\"attachment-full size-full\" alt=\"\" loading=\"lazy\" srcset=\"https:\/\/wgt.ch\/wp-content\/uploads\/2020\/11\/6-Margaritha.jpg 1000w, https:\/\/wgt.ch\/wp-content\/uploads\/2020\/11\/6-Margaritha-240x300.jpg 240w, https:\/\/wgt.ch\/wp-content\/uploads\/2020\/11\/6-Margaritha-819x1024.jpg 819w\" sizes=\"auto, (max-width: 1000px) 100vw, 1000px\" \/><\/div><\/div><\/div><\/div><div class=\"wpb_column vc_column_container\"><div class=\"vc_column-inner\"><div class=\"wpb_text_column\"><div class=\"wpb_wrapper\"><p>Giornata mondiale di preghiera: un ecumenismo da vivere! Da oltre un decennio \u00e8 per me motivo di gioia condividere con persone di diverse confessioni cristiane la fede in Ges\u00f9 ed esprimerla con preghiere e gesti di carit\u00e0 insieme al mondo intero. Le donne del gruppo cantonale ticinese, con sensibilit\u00e0 femminile, condividono l\u2019amicizia e irradiano motivi di speranza partendo dalla riflessione sulla Parola di Dio, alla luce della liturgia annuale. Come cattolica, constato che nella GMP si realizzano progetti di unit\u00e0 nella diversit\u00e0.<\/p>\n<p>Margherita, Ticino<\/p>\n<\/div><\/div><\/div><\/div><\/div><\/div><\/section><section class=\"l-section wpb_row height_small\"><div class=\"l-section-h i-cf\"><div class=\"g-cols vc_row via_grid cols_1 laptops-cols_inherit tablets-cols_inherit mobiles-cols_1 valign_top type_default stacking_default\">\r\n\r\n    <div class=\"back-button\">\r\n        <a class=\"width-full w-btn us-btn-style_2 usg_btn_1\" href=\"\/it\/wp-json\/wp\/v2\/pages\">\r\n            <span class=\"w-btn-label\">\r\n                indietro            <\/span>\r\n        <\/a>\r\n    <\/div>\r\n\r\n\r\n    <div class=\"wpb_column vc_column_container\"><div class=\"vc_column-inner\"><\/div><\/div><\/div><\/div><\/section>\n","protected":false},"excerpt":{"rendered":"{:de}Giornata mondiale di preghiera: un ecumenismo da vivere! Da oltre un decennio \u00e8 per me motivo di gioia condividere con persone di diverse confessioni cristiane la fede in Ges\u00f9 ed esprimerla con preghiere e gesti di carit\u00e0 insieme al mondo intero. Le donne del gruppo cantonale ticinese, con sensibilit\u00e0 femminile, condividono l\u2019amicizia e irradiano motivi...","protected":false},"author":5,"featured_media":0,"parent":9441,"menu_order":70,"comment_status":"closed","ping_status":"closed","template":"","meta":{"_acf_changed":false,"footnotes":""},"class_list":["post-9816","page","type-page","status-publish","hentry"],"translation":{"provider":"WPGlobus","version":"3.0.2","language":"it","enabled_languages":["de","fr","it"],"languages":{"de":{"title":true,"content":true,"excerpt":false},"fr":{"title":true,"content":true,"excerpt":false},"it":{"title":true,"content":true,"excerpt":false}}},"acf":[],"_links":{"self":[{"href":"https:\/\/wgt.ch\/it\/wp-json\/wp\/v2\/pages\/9816","targetHints":{"allow":["GET"]}}],"collection":[{"href":"https:\/\/wgt.ch\/it\/wp-json\/wp\/v2\/pages"}],"about":[{"href":"https:\/\/wgt.ch\/it\/wp-json\/wp\/v2\/types\/page"}],"author":[{"embeddable":true,"href":"https:\/\/wgt.ch\/it\/wp-json\/wp\/v2\/users\/5"}],"replies":[{"embeddable":true,"href":"https:\/\/wgt.ch\/it\/wp-json\/wp\/v2\/comments?post=9816"}],"version-history":[{"count":6,"href":"https:\/\/wgt.ch\/it\/wp-json\/wp\/v2\/pages\/9816\/revisions"}],"predecessor-version":[{"id":10192,"href":"https:\/\/wgt.ch\/it\/wp-json\/wp\/v2\/pages\/9816\/revisions\/10192"}],"up":[{"embeddable":true,"href":"https:\/\/wgt.ch\/it\/wp-json\/wp\/v2\/pages\/9441"}],"wp:attachment":[{"href":"https:\/\/wgt.ch\/it\/wp-json\/wp\/v2\/media?parent=9816"}],"curies":[{"name":"wp","href":"https:\/\/api.w.org\/{rel}","templated":true}]}}