{"id":9823,"date":"2020-11-24T17:36:28","date_gmt":"2020-11-24T16:36:28","guid":{"rendered":"https:\/\/wgt.ch\/?page_id=9823"},"modified":"2020-11-27T10:51:58","modified_gmt":"2020-11-27T09:51:58","slug":"7-dez-2020-2","status":"publish","type":"page","link":"https:\/\/wgt.ch\/it\/advent-2020\/7-dez-2020-2\/","title":{"rendered":"7 dicembre 2020"},"content":{"rendered":"<section class=\"l-section wpb_row height_small\"><div class=\"l-section-h i-cf\"><div class=\"g-cols vc_row via_grid cols_2 laptops-cols_inherit tablets-cols_inherit mobiles-cols_1 valign_top type_default stacking_default\"><div class=\"wpb_column vc_column_container\"><div class=\"vc_column-inner\"><div class=\"w-image align_none\"><div class=\"w-image-h\"><img decoding=\"async\" width=\"1000\" height=\"1465\" src=\"https:\/\/wgt.ch\/wp-content\/uploads\/2020\/11\/7-A_Brigitte.jpg\" class=\"attachment-full size-full\" alt=\"\" loading=\"lazy\" srcset=\"https:\/\/wgt.ch\/wp-content\/uploads\/2020\/11\/7-A_Brigitte.jpg 1000w, https:\/\/wgt.ch\/wp-content\/uploads\/2020\/11\/7-A_Brigitte-205x300.jpg 205w, https:\/\/wgt.ch\/wp-content\/uploads\/2020\/11\/7-A_Brigitte-699x1024.jpg 699w\" sizes=\"auto, (max-width: 1000px) 100vw, 1000px\" \/><\/div><\/div><\/div><\/div><div class=\"wpb_column vc_column_container\"><div class=\"vc_column-inner\"><div class=\"wpb_text_column\"><div class=\"wpb_wrapper\"><p>Seit 20 Jahren darf ich in K\u00e4rnten den Weltgebetstag vorstellen. Es ist f\u00fcr mich eine faszinierende und bereichernde Aufgabe. So viel habe ich bei den diversen Weltgebetstagen \u00fcber die unterschiedlichsten L\u00e4nder gelernt. Noch viel spannender ist es, vom Leben der Frauen an diesen Orten zu erfahren, wie sie mutig, engagiert und mit viel Einfallsreichtum auch schwierige Situationen meistern. An jedem Weltgebetstag bin ich sehr ber\u00fchrt von der weltweiten Gebetsgemeinschaft mit so vielen tollen Frauen.<\/p>\n<p>Brigitte Hany, lutherisch, K\u00e4rnten<\/p>\n<p>Da 20 anni mi \u00e8 concesso di presentare la Giornata mondiale di preghiera in Carinzia. Per me \u00e8 un compito affascinante e arricchente. Durante le varie Giornate mondiali di preghiera ho imparato tantissimo su paesi pi\u00f9 diversi. Ancora pi\u00f9 avvincente \u00e8 conoscere la vita delle donne di questi luoghi e come affrontano situazioni difficili con coraggio, impegno e fantasia. In ciascuna delle Giornate mondiali di preghiera sono molto toccata dalla comunione di preghiera di tante donne meravigliose nel mondo.<\/p>\n<p>Brigitte Hany, luterana, Carinzia<\/p>\n<\/div><\/div><\/div><\/div><\/div><\/div><\/section><section class=\"l-section wpb_row height_small\"><div class=\"l-section-h i-cf\"><div class=\"g-cols vc_row via_grid cols_1 laptops-cols_inherit tablets-cols_inherit mobiles-cols_1 valign_top type_default stacking_default\">\r\n\r\n    <div class=\"back-button\">\r\n        <a class=\"width-full w-btn us-btn-style_2 usg_btn_1\" href=\"\/it\/wp-json\/wp\/v2\/pages\">\r\n            <span class=\"w-btn-label\">\r\n                indietro            <\/span>\r\n        <\/a>\r\n    <\/div>\r\n\r\n\r\n    <div class=\"wpb_column vc_column_container\"><div class=\"vc_column-inner\"><\/div><\/div><\/div><\/div><\/section>\n","protected":false},"excerpt":{"rendered":"{:de}Seit 20 Jahren darf ich in K\u00e4rnten den Weltgebetstag vorstellen. Es ist f\u00fcr mich eine faszinierende und bereichernde Aufgabe. So viel habe ich bei den diversen Weltgebetstagen \u00fcber die unterschiedlichsten L\u00e4nder gelernt. Noch viel spannender ist es, vom Leben der Frauen an diesen Orten zu erfahren, wie sie mutig, engagiert und mit viel Einfallsreichtum auch...","protected":false},"author":5,"featured_media":0,"parent":9441,"menu_order":71,"comment_status":"closed","ping_status":"closed","template":"","meta":{"_acf_changed":false,"footnotes":""},"class_list":["post-9823","page","type-page","status-publish","hentry"],"translation":{"provider":"WPGlobus","version":"3.0.2","language":"it","enabled_languages":["de","fr","it"],"languages":{"de":{"title":true,"content":true,"excerpt":false},"fr":{"title":true,"content":true,"excerpt":false},"it":{"title":true,"content":true,"excerpt":false}}},"acf":[],"_links":{"self":[{"href":"https:\/\/wgt.ch\/it\/wp-json\/wp\/v2\/pages\/9823","targetHints":{"allow":["GET"]}}],"collection":[{"href":"https:\/\/wgt.ch\/it\/wp-json\/wp\/v2\/pages"}],"about":[{"href":"https:\/\/wgt.ch\/it\/wp-json\/wp\/v2\/types\/page"}],"author":[{"embeddable":true,"href":"https:\/\/wgt.ch\/it\/wp-json\/wp\/v2\/users\/5"}],"replies":[{"embeddable":true,"href":"https:\/\/wgt.ch\/it\/wp-json\/wp\/v2\/comments?post=9823"}],"version-history":[{"count":8,"href":"https:\/\/wgt.ch\/it\/wp-json\/wp\/v2\/pages\/9823\/revisions"}],"predecessor-version":[{"id":10193,"href":"https:\/\/wgt.ch\/it\/wp-json\/wp\/v2\/pages\/9823\/revisions\/10193"}],"up":[{"embeddable":true,"href":"https:\/\/wgt.ch\/it\/wp-json\/wp\/v2\/pages\/9441"}],"wp:attachment":[{"href":"https:\/\/wgt.ch\/it\/wp-json\/wp\/v2\/media?parent=9823"}],"curies":[{"name":"wp","href":"https:\/\/api.w.org\/{rel}","templated":true}]}}