{"id":9850,"date":"2020-11-24T18:08:18","date_gmt":"2020-11-24T17:08:18","guid":{"rendered":"https:\/\/wgt.ch\/?page_id=9850"},"modified":"2020-11-27T10:57:39","modified_gmt":"2020-11-27T09:57:39","slug":"10-dez-2020","status":"publish","type":"page","link":"https:\/\/wgt.ch\/it\/advent-2020\/10-dez-2020\/","title":{"rendered":"10 dicembre 2020"},"content":{"rendered":"<section class=\"l-section wpb_row height_small\"><div class=\"l-section-h i-cf\"><div class=\"g-cols vc_row via_grid cols_2 laptops-cols_inherit tablets-cols_inherit mobiles-cols_1 valign_top type_default stacking_default\"><div class=\"wpb_column vc_column_container\"><div class=\"vc_column-inner\"><div class=\"w-image align_none\"><div class=\"w-image-h\"><img decoding=\"async\" width=\"1000\" height=\"1270\" src=\"https:\/\/wgt.ch\/wp-content\/uploads\/2020\/11\/10-Esther-CH.jpg\" class=\"attachment-full size-full\" alt=\"\" loading=\"lazy\" srcset=\"https:\/\/wgt.ch\/wp-content\/uploads\/2020\/11\/10-Esther-CH.jpg 1000w, https:\/\/wgt.ch\/wp-content\/uploads\/2020\/11\/10-Esther-CH-236x300.jpg 236w, https:\/\/wgt.ch\/wp-content\/uploads\/2020\/11\/10-Esther-CH-806x1024.jpg 806w\" sizes=\"auto, (max-width: 1000px) 100vw, 1000px\" \/><\/div><\/div><\/div><\/div><div class=\"wpb_column vc_column_container\"><div class=\"vc_column-inner\"><div class=\"wpb_text_column\"><div class=\"wpb_wrapper\"><p>Charas concristianas<\/p>\n<p>\u00dcn di, ch\u2019umans s\u00fcn tuot il muond vegnan insembel per urar tuottadi, d\u00fcrant 24 uras, es bain \u00fcna buna, allegraivla chosa. Usch\u00e8 n\u2019haja ad\u00fcna gn\u00fc plaschair dad imprender ed accumpagnar chanzuns da tuot il muond. In l\u2019evangeli da Matteus, chapitel 24, vers 14 esa scrit: E quist evangeli dal reginam gnar\u00e0 predgi\u00e0 per tuot il muond, per chi saja rend\u00fc testimonianza a tuot ils p\u00f6vels; lura p\u00fcr gnar\u00e0 la fin. I\u2019m fa star stut co cha quista constataziun dad avant 2000 ons as fa valair hoz. Sch\u2019eu guard inavo s\u00fcls dis d\u2019urazchun mundials da las duonnas am faja plaschair, ch\u2019eu n\u2019ha pud\u00fc giodair quist arrandschamaint ils ultims ons in m\u00f6d bel, infuormativ ed edifichant.<\/p>\n<p>Il Dieu, il char Segner, as benedescha!<br \/>\nCun sal\u00fcds dad Esther<\/p>\n<p>Una giornata che unisce persone in tutto il mondo per pregare durante 24 ore, \u00e8 cosa buona e d\u00e0 gioia. Cos\u00ec per me \u00e8 sempre un piacere imparare e accompagnare canti dal mondo intero. Nel vangelo di Matteo, al capitolo 24,14, sta scritto che Ges\u00f9 ha detto che il messaggio del vangelo sar\u00e0 annunciato in tutto il mondo. Con grande stupore osservo come questa promessa, fatta 2000 anni fa, si sta compiendo oggi. Guardare alle Giornate mondiali di preghiera passate mi rende felice perch\u00e9 ho sempre potuto godere questo evento bello, informativo ed edificante.<br \/>\nAuguro a voi tutte la ricca benedizione di Dio.<\/p>\n<p>Esther da Sent in Engadina, parla Vallader<\/p>\n<\/div><\/div><\/div><\/div><\/div><\/div><\/section><section class=\"l-section wpb_row height_small\"><div class=\"l-section-h i-cf\"><div class=\"g-cols vc_row via_grid cols_1 laptops-cols_inherit tablets-cols_inherit mobiles-cols_1 valign_top type_default stacking_default\">\r\n\r\n    <div class=\"back-button\">\r\n        <a class=\"width-full w-btn us-btn-style_2 usg_btn_1\" href=\"\/it\/wp-json\/wp\/v2\/pages\">\r\n            <span class=\"w-btn-label\">\r\n                indietro            <\/span>\r\n        <\/a>\r\n    <\/div>\r\n\r\n\r\n    <div class=\"wpb_column vc_column_container\"><div class=\"vc_column-inner\"><\/div><\/div><\/div><\/div><\/section>\n","protected":false},"excerpt":{"rendered":"{:de}Charas concristianas \u00dcn di, ch\u2019umans s\u00fcn tuot il muond vegnan insembel per urar tuottadi, d\u00fcrant 24 uras, es bain \u00fcna buna, allegraivla chosa. Usch\u00e8 n\u2019haja ad\u00fcna gn\u00fc plaschair dad imprender ed accumpagnar chanzuns da tuot il muond. In l\u2019evangeli da Matteus, chapitel 24, vers 14 esa scrit: E quist evangeli dal reginam gnar\u00e0 predgi\u00e0 per...","protected":false},"author":5,"featured_media":0,"parent":9441,"menu_order":51,"comment_status":"closed","ping_status":"closed","template":"","meta":{"_acf_changed":false,"footnotes":""},"class_list":["post-9850","page","type-page","status-publish","hentry"],"translation":{"provider":"WPGlobus","version":"3.0.2","language":"it","enabled_languages":["de","fr","it"],"languages":{"de":{"title":true,"content":true,"excerpt":false},"fr":{"title":true,"content":true,"excerpt":false},"it":{"title":true,"content":true,"excerpt":false}}},"acf":[],"_links":{"self":[{"href":"https:\/\/wgt.ch\/it\/wp-json\/wp\/v2\/pages\/9850","targetHints":{"allow":["GET"]}}],"collection":[{"href":"https:\/\/wgt.ch\/it\/wp-json\/wp\/v2\/pages"}],"about":[{"href":"https:\/\/wgt.ch\/it\/wp-json\/wp\/v2\/types\/page"}],"author":[{"embeddable":true,"href":"https:\/\/wgt.ch\/it\/wp-json\/wp\/v2\/users\/5"}],"replies":[{"embeddable":true,"href":"https:\/\/wgt.ch\/it\/wp-json\/wp\/v2\/comments?post=9850"}],"version-history":[{"count":10,"href":"https:\/\/wgt.ch\/it\/wp-json\/wp\/v2\/pages\/9850\/revisions"}],"predecessor-version":[{"id":10202,"href":"https:\/\/wgt.ch\/it\/wp-json\/wp\/v2\/pages\/9850\/revisions\/10202"}],"up":[{"embeddable":true,"href":"https:\/\/wgt.ch\/it\/wp-json\/wp\/v2\/pages\/9441"}],"wp:attachment":[{"href":"https:\/\/wgt.ch\/it\/wp-json\/wp\/v2\/media?parent=9850"}],"curies":[{"name":"wp","href":"https:\/\/api.w.org\/{rel}","templated":true}]}}