{"id":9923,"date":"2020-11-25T15:48:17","date_gmt":"2020-11-25T14:48:17","guid":{"rendered":"https:\/\/wgt.ch\/?page_id=9923"},"modified":"2020-11-27T11:05:43","modified_gmt":"2020-11-27T10:05:43","slug":"14-dez-2020","status":"publish","type":"page","link":"https:\/\/wgt.ch\/it\/advent-2020\/14-dez-2020\/","title":{"rendered":"14 dicembre 2020"},"content":{"rendered":"<section class=\"l-section wpb_row height_small\"><div class=\"l-section-h i-cf\"><div class=\"g-cols vc_row via_grid cols_2 laptops-cols_inherit tablets-cols_inherit mobiles-cols_1 valign_top type_default stacking_default\"><div class=\"wpb_column vc_column_container\"><div class=\"vc_column-inner\"><div class=\"w-image align_none\"><div class=\"w-image-h\"><img decoding=\"async\" width=\"1000\" height=\"1253\" src=\"https:\/\/wgt.ch\/wp-content\/uploads\/2020\/11\/14-Ximena.jpg\" class=\"attachment-full size-full\" alt=\"\" loading=\"lazy\" srcset=\"https:\/\/wgt.ch\/wp-content\/uploads\/2020\/11\/14-Ximena.jpg 1000w, https:\/\/wgt.ch\/wp-content\/uploads\/2020\/11\/14-Ximena-239x300.jpg 239w, https:\/\/wgt.ch\/wp-content\/uploads\/2020\/11\/14-Ximena-817x1024.jpg 817w\" sizes=\"auto, (max-width: 1000px) 100vw, 1000px\" \/><\/div><\/div><\/div><\/div><div class=\"wpb_column vc_column_container\"><div class=\"vc_column-inner\"><div class=\"wpb_text_column\"><div class=\"wpb_wrapper\"><p><strong>Bonjour \u00e0 toutes! Je suis Ximena B\u00e4chi.<\/strong> Je viens de l\u2019Equateur. Avec ma famille suisse, je vis \u00e0 Winterthur. Depuis septembre, Heidi Wettstein a d\u00e9pos\u00e9 sa confiance en moi pour assurer le bon fonctionnement du secr\u00e9tariat romand, \u00e0 l\u2019aide d\u2019une belle \u00e9quipe. Pour moi, la JMP est une opportunit\u00e9 vers de nouveaux d\u00e9fis. J\u2019ai le sentiment profond que l\u2019essence m\u00eame de cette organisation est utile pour l\u2019humanit\u00e9, pour les femmes dont certaines sont oubli\u00e9es dans leur pays, alors que nous sommes le noyau de la soci\u00e9t\u00e9. Chaleureusement.<\/p>\n<p><strong>Buon giorno a tutte! Io sono Ximena B\u00e4chi.<\/strong> Sono dell&#8217;Ecuador. Con la mia famiglia svizzera vivo a Winterthur. Da settembre, Heidi Wettstein ha riposto in me la sua fiducia per garantire il buon funzionamento del segretariato per la Svizzera romanda, con l&#8217;aiuto di un\u2019ottima squadra. Per me, la GMP \u00e8 un&#8217;opportunit\u00e0 per nuove sfide. Ho la profonda sensazione che l&#8217;essenza di questa organizzazione sia utile per l&#8217;umanit\u00e0, per le donne, alcune delle quali sono dimenticate nel loro paese, mentre noi siamo il nucleo della societ\u00e0. Calorosamente.<\/p>\n<\/div><\/div><\/div><\/div><\/div><\/div><\/section><section class=\"l-section wpb_row height_small\"><div class=\"l-section-h i-cf\"><div class=\"g-cols vc_row via_grid cols_1 laptops-cols_inherit tablets-cols_inherit mobiles-cols_1 valign_top type_default stacking_default\">\r\n\r\n    <div class=\"back-button\">\r\n        <a class=\"width-full w-btn us-btn-style_2 usg_btn_1\" href=\"\/it\/wp-json\/wp\/v2\/pages\">\r\n            <span class=\"w-btn-label\">\r\n                indietro            <\/span>\r\n        <\/a>\r\n    <\/div>\r\n\r\n\r\n    <div class=\"wpb_column vc_column_container\"><div class=\"vc_column-inner\"><\/div><\/div><\/div><\/div><\/section>\n","protected":false},"excerpt":{"rendered":"{:de}Bonjour \u00e0 toutes! Je suis Ximena B\u00e4chi. Je viens de l\u2019Equateur. Avec ma famille suisse, je vis \u00e0 Winterthur. Depuis septembre, Heidi Wettstein a d\u00e9pos\u00e9 sa confiance en moi pour assurer le bon fonctionnement du secr\u00e9tariat romand, \u00e0 l\u2019aide d\u2019une belle \u00e9quipe. Pour moi, la JMP est une opportunit\u00e9 vers de nouveaux d\u00e9fis. J\u2019ai le...","protected":false},"author":5,"featured_media":0,"parent":9441,"menu_order":55,"comment_status":"closed","ping_status":"closed","template":"","meta":{"_acf_changed":false,"footnotes":""},"class_list":["post-9923","page","type-page","status-publish","hentry"],"translation":{"provider":"WPGlobus","version":"3.0.2","language":"it","enabled_languages":["de","fr","it"],"languages":{"de":{"title":true,"content":true,"excerpt":false},"fr":{"title":true,"content":true,"excerpt":false},"it":{"title":true,"content":true,"excerpt":false}}},"acf":[],"_links":{"self":[{"href":"https:\/\/wgt.ch\/it\/wp-json\/wp\/v2\/pages\/9923","targetHints":{"allow":["GET"]}}],"collection":[{"href":"https:\/\/wgt.ch\/it\/wp-json\/wp\/v2\/pages"}],"about":[{"href":"https:\/\/wgt.ch\/it\/wp-json\/wp\/v2\/types\/page"}],"author":[{"embeddable":true,"href":"https:\/\/wgt.ch\/it\/wp-json\/wp\/v2\/users\/5"}],"replies":[{"embeddable":true,"href":"https:\/\/wgt.ch\/it\/wp-json\/wp\/v2\/comments?post=9923"}],"version-history":[{"count":9,"href":"https:\/\/wgt.ch\/it\/wp-json\/wp\/v2\/pages\/9923\/revisions"}],"predecessor-version":[{"id":10215,"href":"https:\/\/wgt.ch\/it\/wp-json\/wp\/v2\/pages\/9923\/revisions\/10215"}],"up":[{"embeddable":true,"href":"https:\/\/wgt.ch\/it\/wp-json\/wp\/v2\/pages\/9441"}],"wp:attachment":[{"href":"https:\/\/wgt.ch\/it\/wp-json\/wp\/v2\/media?parent=9923"}],"curies":[{"name":"wp","href":"https:\/\/api.w.org\/{rel}","templated":true}]}}