{"id":9953,"date":"2020-11-25T16:59:43","date_gmt":"2020-11-25T15:59:43","guid":{"rendered":"https:\/\/wgt.ch\/?page_id=9953"},"modified":"2020-11-27T11:14:36","modified_gmt":"2020-11-27T10:14:36","slug":"17-dez-2020","status":"publish","type":"page","link":"https:\/\/wgt.ch\/it\/advent-2020\/17-dez-2020\/","title":{"rendered":"17 dicembre 2020"},"content":{"rendered":"<section class=\"l-section wpb_row height_small\"><div class=\"l-section-h i-cf\"><div class=\"g-cols vc_row via_grid cols_2 laptops-cols_inherit tablets-cols_inherit mobiles-cols_1 valign_top type_default stacking_default\"><div class=\"wpb_column vc_column_container\"><div class=\"vc_column-inner\"><div class=\"w-image align_none\"><div class=\"w-image-h\"><img decoding=\"async\" width=\"1777\" height=\"2560\" src=\"https:\/\/wgt.ch\/wp-content\/uploads\/2020\/11\/17-Heidi-CH-1-scaled.jpg\" class=\"attachment-full size-full\" alt=\"\" loading=\"lazy\" srcset=\"https:\/\/wgt.ch\/wp-content\/uploads\/2020\/11\/17-Heidi-CH-1-scaled.jpg 1777w, https:\/\/wgt.ch\/wp-content\/uploads\/2020\/11\/17-Heidi-CH-1-208x300.jpg 208w, https:\/\/wgt.ch\/wp-content\/uploads\/2020\/11\/17-Heidi-CH-1-711x1024.jpg 711w, https:\/\/wgt.ch\/wp-content\/uploads\/2020\/11\/17-Heidi-CH-1-1066x1536.jpg 1066w, https:\/\/wgt.ch\/wp-content\/uploads\/2020\/11\/17-Heidi-CH-1-1421x2048.jpg 1421w\" sizes=\"auto, (max-width: 1777px) 100vw, 1777px\" \/><\/div><\/div><\/div><\/div><div class=\"wpb_column vc_column_container\"><div class=\"vc_column-inner\"><div class=\"wpb_text_column\"><div class=\"wpb_wrapper\"><p><strong>Der Weltgebetstag<\/strong> hat f\u00fcr mich so viele Facetten, wie ein geschliffener Stein, der je mehr man ihn anschaut, \u00fcber seine Herkunft weiss und im Licht betrachtet, umso gr\u00f6sser ist die Faszination. Was vor \u00fcber 130 Jahren von einigen mutigen Frauen begonnen wurde, ist zu einer weltumspannenden \u00f6kumenischen Organisation herangewachsen. Auch in der Schweiz hatte und hat diese Basisbewegung einen grossen Einfluss auf das Zusammenleben der verschiedenen Denominationen. WGT heisst: reisen an Ort mit dem Kopf und dem Herzen.<\/p>\n<p>Heidi Wettstein, christkatholisch, aus Winterthur<\/p>\n<p><strong>La Giornata mondiale di preghiera<\/strong> ha per me tante sfaccettature come una pietra preziosa levigata. Pi\u00f9 la si guarda, meglio si conosce la sua origine e la si ammira alla luce, maggiore \u00e8 il suo fascino. Ci\u00f2 che \u00e8 stato iniziato pi\u00f9 di 130 anni fa da poche donne coraggiose \u00e8 diventato un&#8217;organizzazione ecumenica mondiale. Anche in Svizzera questo movimento di base ha avuto e continua ad avere una grande influenza sulla convivenza delle varie denominazioni. GMP significa: ogni anno fare un viaggio diverso senza spostarsi, ma con la testa e con il cuore.<\/p>\n<p>Heidi Wettstein, cattolica cristiana da Winterthur<\/p>\n<\/div><\/div><\/div><\/div><\/div><\/div><\/section><section class=\"l-section wpb_row height_small\"><div class=\"l-section-h i-cf\"><div class=\"g-cols vc_row via_grid cols_1 laptops-cols_inherit tablets-cols_inherit mobiles-cols_1 valign_top type_default stacking_default\">\r\n\r\n    <div class=\"back-button\">\r\n        <a class=\"width-full w-btn us-btn-style_2 usg_btn_1\" href=\"\/it\/wp-json\/wp\/v2\/pages\">\r\n            <span class=\"w-btn-label\">\r\n                indietro            <\/span>\r\n        <\/a>\r\n    <\/div>\r\n\r\n\r\n    <div class=\"wpb_column vc_column_container\"><div class=\"vc_column-inner\"><\/div><\/div><\/div><\/div><\/section>\n","protected":false},"excerpt":{"rendered":"{:de}Der Weltgebetstag hat f\u00fcr mich so viele Facetten, wie ein geschliffener Stein, der je mehr man ihn anschaut, \u00fcber seine Herkunft weiss und im Licht betrachtet, umso gr\u00f6sser ist die Faszination. Was vor \u00fcber 130 Jahren von einigen mutigen Frauen begonnen wurde, ist zu einer weltumspannenden \u00f6kumenischen Organisation herangewachsen. Auch in der Schweiz hatte und...","protected":false},"author":5,"featured_media":0,"parent":9441,"menu_order":58,"comment_status":"closed","ping_status":"closed","template":"","meta":{"_acf_changed":false,"footnotes":""},"class_list":["post-9953","page","type-page","status-publish","hentry"],"translation":{"provider":"WPGlobus","version":"3.0.2","language":"it","enabled_languages":["de","fr","it"],"languages":{"de":{"title":true,"content":true,"excerpt":false},"fr":{"title":true,"content":true,"excerpt":false},"it":{"title":true,"content":true,"excerpt":false}}},"acf":[],"_links":{"self":[{"href":"https:\/\/wgt.ch\/it\/wp-json\/wp\/v2\/pages\/9953","targetHints":{"allow":["GET"]}}],"collection":[{"href":"https:\/\/wgt.ch\/it\/wp-json\/wp\/v2\/pages"}],"about":[{"href":"https:\/\/wgt.ch\/it\/wp-json\/wp\/v2\/types\/page"}],"author":[{"embeddable":true,"href":"https:\/\/wgt.ch\/it\/wp-json\/wp\/v2\/users\/5"}],"replies":[{"embeddable":true,"href":"https:\/\/wgt.ch\/it\/wp-json\/wp\/v2\/comments?post=9953"}],"version-history":[{"count":17,"href":"https:\/\/wgt.ch\/it\/wp-json\/wp\/v2\/pages\/9953\/revisions"}],"predecessor-version":[{"id":10225,"href":"https:\/\/wgt.ch\/it\/wp-json\/wp\/v2\/pages\/9953\/revisions\/10225"}],"up":[{"embeddable":true,"href":"https:\/\/wgt.ch\/it\/wp-json\/wp\/v2\/pages\/9441"}],"wp:attachment":[{"href":"https:\/\/wgt.ch\/it\/wp-json\/wp\/v2\/media?parent=9953"}],"curies":[{"name":"wp","href":"https:\/\/api.w.org\/{rel}","templated":true}]}}